{"id":1909,"date":"2024-03-20T08:02:27","date_gmt":"2024-03-20T08:02:27","guid":{"rendered":"http:\/\/196.3.100.136\/sina\/?page_id=1909"},"modified":"2024-05-23T15:23:11","modified_gmt":"2024-05-23T15:23:11","slug":"contactos","status":"publish","type":"page","link":"http:\/\/www.sina.gov.mz\/index.php\/contactos\/","title":{"rendered":"Contactos"},"content":{"rendered":"\t\t<div data-elementor-type=\"wp-page\" data-elementor-id=\"1909\" class=\"elementor elementor-1909\">\n\t\t\t\t<div class=\"elementor-element elementor-element-196b730 e-flex e-con-boxed e-con e-parent\" data-id=\"196b730\" data-element_type=\"container\">\n\t\t\t\t\t<div class=\"e-con-inner\">\n\t\t<div class=\"elementor-element elementor-element-b237a75 e-con-full e-flex e-con e-child\" data-id=\"b237a75\" data-element_type=\"container\">\n\t\t\t\t<div class=\"elementor-element elementor-element-a7db602 elementor-widget elementor-widget-text-editor\" data-id=\"a7db602\" data-element_type=\"widget\" data-widget_type=\"text-editor.default\">\n\t\t\t\t<div class=\"elementor-widget-container\">\n\t\t\t<style>\/*! elementor - v3.21.0 - 30-04-2024 *\/\n.elementor-widget-text-editor.elementor-drop-cap-view-stacked .elementor-drop-cap{background-color:#69727d;color:#fff}.elementor-widget-text-editor.elementor-drop-cap-view-framed .elementor-drop-cap{color:#69727d;border:3px solid;background-color:transparent}.elementor-widget-text-editor:not(.elementor-drop-cap-view-default) .elementor-drop-cap{margin-top:8px}.elementor-widget-text-editor:not(.elementor-drop-cap-view-default) .elementor-drop-cap-letter{width:1em;height:1em}.elementor-widget-text-editor .elementor-drop-cap{float:left;text-align:center;line-height:1;font-size:50px}.elementor-widget-text-editor .elementor-drop-cap-letter{display:inline-block}<\/style>\t\t\t\t<p class=\"c0\"><strong><span class=\"c2\" style=\"color: #ff9933;font-weight:600\">GABINETE DO SECRETARIO DO ESTADO<\/span><\/strong><\/p>\n<p class=\"c0\"><span style=\"color: #000000;\">Av. Da Independ\u00eancia,<\/span><\/p>\n<span style=\"color: #000000;\">Telefone: +258<\/span>\n\n<span style=\"color: #000000;\"><span class=\"c11\">Email:<\/span><span class=\"c8\">\u00a0csprenampula@gmail.com<\/span><\/span>\n<p class=\"c0\"><span class=\"c1\" style=\"color: #000000;\">\u00a0Cidade de Nampula<\/span><\/p>\t\t\t\t\t\t<\/div>\n\t\t\t\t<\/div>\n\t\t\t\t<\/div>\n\t\t<div class=\"elementor-element elementor-element-6e552a1 e-con-full e-flex e-con e-child\" data-id=\"6e552a1\" data-element_type=\"container\">\n\t\t\t\t<div class=\"elementor-element elementor-element-2ae83b5 elementor-widget elementor-widget-text-editor\" data-id=\"2ae83b5\" data-element_type=\"widget\" data-widget_type=\"text-editor.default\">\n\t\t\t\t<div class=\"elementor-widget-container\">\n\t\t\t\t\t\t\t<p class=\"c0\"><strong><span class=\"c2\" style=\"color: #ff9933; font-weight: 600;\">GABINETE DO GOVERNADOR<\/span><\/strong><\/p><p class=\"c0\"><span class=\"c8\" style=\"color: #000000;\">Av. Da Independ\u00eancia, n\u00b0 19, Edif\u00edcio do Governo de Prov\u00edncia. 1\u00ba Andar<\/span><\/p><p class=\"c14\"><span class=\"c1\" style=\"color: #000000;\">Cidade de Nampula<\/span><\/p>\t\t\t\t\t\t<\/div>\n\t\t\t\t<\/div>\n\t\t\t\t<\/div>\n\t\t<div class=\"elementor-element elementor-element-51b7382 e-con-full e-flex e-con e-child\" data-id=\"51b7382\" data-element_type=\"container\">\n\t\t\t\t<div class=\"elementor-element elementor-element-27b41c0 elementor-widget elementor-widget-text-editor\" data-id=\"27b41c0\" data-element_type=\"widget\" data-widget_type=\"text-editor.default\">\n\t\t\t\t<div class=\"elementor-widget-container\">\n\t\t\t\t\t\t\t<p class=\"c0\"><strong><span class=\"c2\" style=\"color: #ff9933;font-weight:600\">BALC\u00c3O DE ATENDIMENTO \u00daNICO<\/span><\/strong><\/p>\n<p class=\"c0\"><span class=\"c1\" style=\"color: #000000;\">Av. 25 de Setembro<\/span><\/p>\n<p class=\"c0\"><span class=\"c1\" style=\"color: #000000;\">Edif\u00edcio da DPIC 1\u00ba Andar<\/span><\/p>\n<p class=\"c0\"><span class=\"c1\" style=\"color: #000000;\">Cidade de Nampula<\/span><\/p>\t\t\t\t\t\t<\/div>\n\t\t\t\t<\/div>\n\t\t\t\t<\/div>\n\t\t\t\t\t<\/div>\n\t\t\t\t<\/div>\n\t\t<div class=\"elementor-element elementor-element-ccb61b8 e-flex e-con-boxed e-con e-parent\" data-id=\"ccb61b8\" data-element_type=\"container\">\n\t\t\t\t\t<div class=\"e-con-inner\">\n\t\t<div class=\"elementor-element elementor-element-2129325 e-con-full e-flex e-con e-child\" data-id=\"2129325\" data-element_type=\"container\">\n\t\t\t\t<div class=\"elementor-element elementor-element-0b444c9 elementor-widget elementor-widget-text-editor\" data-id=\"0b444c9\" data-element_type=\"widget\" data-widget_type=\"text-editor.default\">\n\t\t\t\t<div class=\"elementor-widget-container\">\n\t\t\t\t\t\t\t<p class=\"c0\"><span class=\"c2\" style=\"color: #ff9933; font-weight: 600;\">AG\u00caNCIA PARA A PROMO\u00c7\u00c3O DE INVESTIMENTO E EXPORTA\u00c7\u00d5ES DELEGA\u00c7\u00c3O DE NAMPULA<\/span><\/p>\n<p class=\"c0\"><span style=\"color: #000000;\"><span class=\"c1\">Av. Eduardo Mondlane, nr 945, Pr\u00e9dio Monapo r\u00e9s do Ch\u00e3o<\/span><\/span><\/p>\n<p class=\"c0\"><span style=\"color: #000000;\"><span class=\"c1\">Av. <\/span><span class=\"c1\">Cidade de Nampula<\/span><\/span><\/p>\t\t\t\t\t\t<\/div>\n\t\t\t\t<\/div>\n\t\t\t\t<\/div>\n\t\t<div class=\"elementor-element elementor-element-123bedf e-con-full e-flex e-con e-child\" data-id=\"123bedf\" data-element_type=\"container\">\n\t\t\t\t<div class=\"elementor-element elementor-element-41d8954 elementor-widget elementor-widget-text-editor\" data-id=\"41d8954\" data-element_type=\"widget\" data-widget_type=\"text-editor.default\">\n\t\t\t\t<div class=\"elementor-widget-container\">\n\t\t\t\t\t\t\t<p class=\"c0\"><span class=\"c2\" style=\"color: #ff9933; font-weight: 600;\">UNIDADE DE COORDENA\u00c7\u00c3O DO DESENVOLVIMENTO INTEGRADO DE NAMPULAS<\/span><\/p><p class=\"c0\"><span class=\"c1\" style=\"color: #000000;\">Avenida do trabalho<\/span><\/p><p class=\"c0\"><span class=\"c1\" style=\"color: #000000;\">Cidade de Nampula<\/span><\/p>\t\t\t\t\t\t<\/div>\n\t\t\t\t<\/div>\n\t\t\t\t<\/div>\n\t\t<div class=\"elementor-element elementor-element-b55911e e-con-full e-flex e-con e-child\" data-id=\"b55911e\" data-element_type=\"container\">\n\t\t\t\t<div class=\"elementor-element elementor-element-dedabba elementor-widget elementor-widget-text-editor\" data-id=\"dedabba\" data-element_type=\"widget\" data-widget_type=\"text-editor.default\">\n\t\t\t\t<div class=\"elementor-widget-container\">\n\t\t\t\t\t\t\t<p class=\"c0\"><span class=\"c2\" style=\"color: #ff9933;font-weight:600\">SERVI\u00c7O PROVINCIAL DA ECONOMIA E FINAN\u00c7AS<\/span><\/p>\n<p class=\"c0\"><span class=\"c1\" style=\"color: #000000;\">Avenida da Independ\u00eancia<\/span><\/p>\n<p class=\"c0\"><span class=\"c8\" style=\"color: #000000;\">Edif\u00edcio do Governo de Prov\u00edncia<\/span><\/p>\n<p class=\"c0\"><span style=\"color: #000000;\"><span class=\"c11\">Email:<\/span>\u00a0<span class=\"c13\">spefnpl@gmail.com<\/span><\/span><\/p>\n<p class=\"c0\"><span class=\"c1\" style=\"color: #000000;\">Cidade de Nampula<\/span><\/p>\t\t\t\t\t\t<\/div>\n\t\t\t\t<\/div>\n\t\t\t\t<\/div>\n\t\t\t\t\t<\/div>\n\t\t\t\t<\/div>\n\t\t<div class=\"elementor-element elementor-element-ec012de e-flex e-con-boxed e-con e-parent\" data-id=\"ec012de\" data-element_type=\"container\">\n\t\t\t\t\t<div class=\"e-con-inner\">\n\t\t<div class=\"elementor-element elementor-element-068bb5a e-con-full e-flex e-con e-child\" data-id=\"068bb5a\" data-element_type=\"container\">\n\t\t\t\t<div class=\"elementor-element elementor-element-08bf1be elementor-widget elementor-widget-text-editor\" data-id=\"08bf1be\" data-element_type=\"widget\" data-widget_type=\"text-editor.default\">\n\t\t\t\t<div class=\"elementor-widget-container\">\n\t\t\t\t\t\t\t<p class=\"c0\"><span class=\"c2\" style=\"color: #ff9933;font-weight:600\">DIRE\u00c7\u00c3O PROVINCIAL DO PLANO E FINAN\u00c7AS<\/span><\/p>\n<p class=\"c0\"><span class=\"c1\" style=\"color: #000000;\">Avenida da Independ\u00eancia<\/span><\/p>\n<p class=\"c0\"><span class=\"c8\" style=\"color: #000000;\">Edif\u00edcio do Governo de Prov\u00edncia<\/span><\/p>\n<p class=\"c0\"><span class=\"c1\" style=\"color: #000000;\">Cidade de Nampula<\/span><\/p>\t\t\t\t\t\t<\/div>\n\t\t\t\t<\/div>\n\t\t\t\t<\/div>\n\t\t<div class=\"elementor-element elementor-element-4d63a00 e-con-full e-flex e-con e-child\" data-id=\"4d63a00\" data-element_type=\"container\">\n\t\t\t\t<div class=\"elementor-element elementor-element-31d6c3e elementor-widget elementor-widget-text-editor\" data-id=\"31d6c3e\" data-element_type=\"widget\" data-widget_type=\"text-editor.default\">\n\t\t\t\t<div class=\"elementor-widget-container\">\n\t\t\t\t\t\t\t<p class=\"c0\"><span class=\"c2\" style=\"color: #ff9933;font-weight:600\">SERVI\u00c7O PROVINCIAL DE ACTIVIDADES ECON\u00d3MICAS<\/span><\/p>\n<p class=\"c0\"><span class=\"c1\" style=\"color: #000000;\">\u00a0Cidade de Nampula<\/span><\/p>\t\t\t\t\t\t<\/div>\n\t\t\t\t<\/div>\n\t\t\t\t<\/div>\n\t\t<div class=\"elementor-element elementor-element-e907447 e-con-full e-flex e-con e-child\" data-id=\"e907447\" data-element_type=\"container\">\n\t\t\t\t<div class=\"elementor-element elementor-element-0387b89 elementor-widget elementor-widget-text-editor\" data-id=\"0387b89\" data-element_type=\"widget\" data-widget_type=\"text-editor.default\">\n\t\t\t\t<div class=\"elementor-widget-container\">\n\t\t\t\t\t\t\t<p class=\"c0\"><span class=\"c2\" style=\"color: #ff9933;font-weight:600\">DIREC\u00c7\u00c3O PROVINCIAL DE AGRICULTURA E PESCAS<\/span><\/p>\n<p class=\"c0\"><span class=\"c1\" style=\"color: #000000;\">Cidade de Nampula<\/span><\/p>\t\t\t\t\t\t<\/div>\n\t\t\t\t<\/div>\n\t\t\t\t<\/div>\n\t\t\t\t\t<\/div>\n\t\t\t\t<\/div>\n\t\t<div class=\"elementor-element elementor-element-664284c e-flex e-con-boxed e-con e-parent\" data-id=\"664284c\" data-element_type=\"container\">\n\t\t\t\t\t<div class=\"e-con-inner\">\n\t\t<div class=\"elementor-element elementor-element-055db2d e-con-full e-flex e-con e-child\" data-id=\"055db2d\" data-element_type=\"container\">\n\t\t\t\t<div class=\"elementor-element elementor-element-faf882b elementor-widget elementor-widget-text-editor\" data-id=\"faf882b\" data-element_type=\"widget\" data-widget_type=\"text-editor.default\">\n\t\t\t\t<div class=\"elementor-widget-container\">\n\t\t\t\t\t\t\t<p class=\"c0\"><span class=\"c2\" style=\"color: #ff9933;font-weight:600\">DIREC\u00c7\u00c3O PROVINCIAL DA IND\u00daSTRIA E COM\u00c9RCIO<\/span><\/p>\n<p class=\"c0\"><span class=\"c1\" style=\"color: #000000;\">Avenida \u00a025 de Setembro<\/span><\/p>\n<p class=\"c0\"><span class=\"c1\" style=\"color: #000000;\">Cidade de Nampula<\/span><\/p>\t\t\t\t\t\t<\/div>\n\t\t\t\t<\/div>\n\t\t\t\t<\/div>\n\t\t<div class=\"elementor-element elementor-element-908f7f4 e-con-full e-flex e-con e-child\" data-id=\"908f7f4\" data-element_type=\"container\">\n\t\t\t\t<div class=\"elementor-element elementor-element-19b96af elementor-widget elementor-widget-text-editor\" data-id=\"19b96af\" data-element_type=\"widget\" data-widget_type=\"text-editor.default\">\n\t\t\t\t<div class=\"elementor-widget-container\">\n\t\t\t\t\t\t\t<p class=\"c0\"><span class=\"c2\" style=\"color: #ff9933;font-weight:600\">DIREC\u00c7\u00c3O PROVINCIAL DA CULTURA E TURISMO<\/span><\/p>\n<p class=\"c0\"><span class=\"c1\" style=\"color: #000000;\">Av. 25 de Setembro<\/span><\/p>\n<p class=\"c0\"><span class=\"c1\" style=\"color: #000000;\">Cidade de Nampula<\/span><\/p>\t\t\t\t\t\t<\/div>\n\t\t\t\t<\/div>\n\t\t\t\t<\/div>\n\t\t<div class=\"elementor-element elementor-element-a93a022 e-con-full e-flex e-con e-child\" data-id=\"a93a022\" data-element_type=\"container\">\n\t\t\t\t<div class=\"elementor-element elementor-element-095f5fa elementor-widget elementor-widget-text-editor\" data-id=\"095f5fa\" data-element_type=\"widget\" data-widget_type=\"text-editor.default\">\n\t\t\t\t<div class=\"elementor-widget-container\">\n\t\t\t\t\t\t\t<p class=\"c0\"><span class=\"c2\" style=\"color: #ff9933;font-weight:600\">DELEGA\u00c7\u00c3O EMPRESARIAL PROVINCIAL DEP\/CTA<\/span><\/p>\n<p class=\"c0\"><span class=\"c1\" style=\"color: #000000;\">Rua das flores <\/span><\/p>\n<p class=\"c0\"><span class=\"c1\" style=\"color: #000000;\">Cidade de Nampula<\/span><\/p>\t\t\t\t\t\t<\/div>\n\t\t\t\t<\/div>\n\t\t\t\t<\/div>\n\t\t\t\t\t<\/div>\n\t\t\t\t<\/div>\n\t\t<div class=\"elementor-element elementor-element-e7cfb42 e-flex e-con-boxed e-con e-parent\" data-id=\"e7cfb42\" data-element_type=\"container\">\n\t\t\t\t\t<div class=\"e-con-inner\">\n\t\t<div class=\"elementor-element elementor-element-ff81151 e-con-full e-flex e-con e-child\" data-id=\"ff81151\" data-element_type=\"container\">\n\t\t\t\t<div class=\"elementor-element elementor-element-04e585e elementor-widget elementor-widget-text-editor\" data-id=\"04e585e\" data-element_type=\"widget\" data-widget_type=\"text-editor.default\">\n\t\t\t\t<div class=\"elementor-widget-container\">\n\t\t\t\t\t\t\t<p class=\"c0\"><span class=\"c2\" style=\"color: #ff9933;font-weight:600\">DIREC\u00c7\u00c3O PROVINCIAL DA IND\u00daSTRIA E COM\u00c9RCIO<\/span><\/p>\n<p class=\"c0\"><span class=\"c1\" style=\"color: #000000;\">Avenida \u00a025 de Setembro<\/span><\/p>\n<p class=\"c0\"><span class=\"c1\" style=\"color: #000000;\">Cidade de Nampula<\/span><\/p>\t\t\t\t\t\t<\/div>\n\t\t\t\t<\/div>\n\t\t\t\t<\/div>\n\t\t<div class=\"elementor-element elementor-element-8fe3bb4 e-con-full e-flex e-con e-child\" data-id=\"8fe3bb4\" data-element_type=\"container\">\n\t\t\t\t<div class=\"elementor-element elementor-element-b3ce1ca elementor-widget elementor-widget-text-editor\" data-id=\"b3ce1ca\" data-element_type=\"widget\" data-widget_type=\"text-editor.default\">\n\t\t\t\t<div class=\"elementor-widget-container\">\n\t\t\t\t\t\t\t<p class=\"c0\"><span class=\"c2\" style=\"color: #ff9933;font-weight:600\">DIREC\u00c7\u00c3O PROVINCIAL DA CULTURA E TURISMO<\/span><\/p>\n<p class=\"c0\"><span class=\"c1\" style=\"color: #000000;\">Av. 25 de Setembro<\/span><\/p>\n<p class=\"c0\"><span class=\"c1\" style=\"color: #000000;\">Cidade de Nampula<\/span><\/p>\t\t\t\t\t\t<\/div>\n\t\t\t\t<\/div>\n\t\t\t\t<\/div>\n\t\t<div class=\"elementor-element elementor-element-b82094e e-con-full e-flex e-con e-child\" data-id=\"b82094e\" data-element_type=\"container\">\n\t\t\t\t<div class=\"elementor-element elementor-element-32bfeeb elementor-widget elementor-widget-text-editor\" data-id=\"32bfeeb\" data-element_type=\"widget\" data-widget_type=\"text-editor.default\">\n\t\t\t\t<div class=\"elementor-widget-container\">\n\t\t\t\t\t\t\t<p class=\"c0\"><span class=\"c2\" style=\"color: #ff9933;font-weight:600\">DELEGA\u00c7\u00c3O EMPRESARIAL PROVINCIAL DEP\/CTA<\/span><\/p>\n<p class=\"c0\"><span class=\"c1\" style=\"color: #000000;\">Rua das flores <\/span><\/p>\n<p class=\"c0\"><span class=\"c1\" style=\"color: #000000;\">Cidade de Nampula<\/span><\/p>\t\t\t\t\t\t<\/div>\n\t\t\t\t<\/div>\n\t\t\t\t<\/div>\n\t\t\t\t\t<\/div>\n\t\t\t\t<\/div>\n\t\t<div class=\"elementor-element elementor-element-1e88108 e-flex e-con-boxed e-con e-parent\" data-id=\"1e88108\" data-element_type=\"container\">\n\t\t\t\t\t<div class=\"e-con-inner\">\n\t\t<div class=\"elementor-element elementor-element-9627c5d e-con-full e-flex e-con e-child\" data-id=\"9627c5d\" data-element_type=\"container\">\n\t\t\t\t<div class=\"elementor-element elementor-element-b6a7938 elementor-widget elementor-widget-text-editor\" data-id=\"b6a7938\" data-element_type=\"widget\" data-widget_type=\"text-editor.default\">\n\t\t\t\t<div class=\"elementor-widget-container\">\n\t\t\t\t\t\t\t<p class=\"c0\"><span class=\"c2\" style=\"color: #ff9933;font-weight:600\">ASSOCIA\u00c7\u00c3O DE HOTELARIA E TURISMO DA PROV\u00cdNCIA DE NAMPULA<\/span><\/p>\n<p class=\"c0\"><span class=\"c1\" style=\"color: #000000;\">Rua das flores<\/span><\/p>\n<p class=\"c0\"><span class=\"c1\" style=\"color: #000000;\">Cidade de Nampula<\/span><\/p>\t\t\t\t\t\t<\/div>\n\t\t\t\t<\/div>\n\t\t\t\t<\/div>\n\t\t<div class=\"elementor-element elementor-element-267cbfb e-con-full e-flex e-con e-child\" data-id=\"267cbfb\" data-element_type=\"container\">\n\t\t\t\t<div class=\"elementor-element elementor-element-b12af90 elementor-widget elementor-widget-text-editor\" data-id=\"b12af90\" data-element_type=\"widget\" data-widget_type=\"text-editor.default\">\n\t\t\t\t<div class=\"elementor-widget-container\">\n\t\t\t\t\t\t\t<p class=\"c0\"><span class=\"c2\" style=\"color: #ff9933;font-weight:600\">BANCO DE MO\u00c7AMBIQUE FILIAL DE NAMPULA<\/span><\/p>\n<p class=\"c0\"><span class=\"c1\" style=\"color: #000000;\">Avenida: \u00a025 de Setembro<\/span><\/p>\n<p class=\"c0\"><span class=\"c1\" style=\"color: #000000;\">Caixa Postal: 423<\/span><\/p>\n<p class=\"c0\"><span class=\"c1\" style=\"color: #000000;\">Telefone: +258 21354600\/21354700<\/span><\/p>\n<p class=\"c0\"><span class=\"c1\" style=\"color: #000000;\">Website: www.bancomoc.mz<\/span><\/p>\n<p class=\"c0\"><span class=\"c1\" style=\"color: #000000;\">Cidade de Nampula<\/span><\/p>\t\t\t\t\t\t<\/div>\n\t\t\t\t<\/div>\n\t\t\t\t<\/div>\n\t\t<div class=\"elementor-element elementor-element-ecba38d e-con-full e-flex e-con e-child\" data-id=\"ecba38d\" data-element_type=\"container\">\n\t\t\t\t<div class=\"elementor-element elementor-element-de2c940 elementor-widget elementor-widget-text-editor\" data-id=\"de2c940\" data-element_type=\"widget\" data-widget_type=\"text-editor.default\">\n\t\t\t\t<div class=\"elementor-widget-container\">\n\t\t\t\t\t\t\t<p class=\"c0\"><span class=\"c3\" style=\"color: #ff9933;font-weight:600\">DIREC\u00c7\u00c3O PROVINCIAL DE DESENVOLVIMENTO TERRITORIAL E AMBIENTE<\/span><\/p>\n<p class=\"c0\"><span class=\"c3\" style=\"color: #000000;\">Av. Trabalho 3508,<\/span><\/p>\n<p class=\"c0\"><span class=\"c3\" style=\"color: #000000;\">Edif\u00edcio do Conselho Executivo Provincial, 1\u00b0 Andar.<\/span><\/p>\n<p class=\"c0\"><span class=\"c3\" style=\"color: #000000;\">Telefone n\u00b0 86 2246332<\/span><\/p>\n<p class=\"c0\"><span class=\"c3\" style=\"color: #000000;\">email dpdta.nampula@gmail.com<\/span><\/p>\n<p class=\"c0\"><span class=\"c3\" style=\"color: #000000;\">Cidade de Nampula<\/span><\/p>\t\t\t\t\t\t<\/div>\n\t\t\t\t<\/div>\n\t\t\t\t<\/div>\n\t\t\t\t\t<\/div>\n\t\t\t\t<\/div>\n\t\t\t\t<\/div>\n\t\t","protected":false},"excerpt":{"rendered":"<p>GABINETE DO SECRETARIO DO ESTADO Av. Da Independ\u00eancia, Telefone: +258 Email:\u00a0csprenampula@gmail.com \u00a0Cidade de Nampula GABINETE DO GOVERNADOR Av. Da Independ\u00eancia, n\u00b0 19, Edif\u00edcio do Governo de Prov\u00edncia. 1\u00ba Andar Cidade de Nampula BALC\u00c3O DE ATENDIMENTO \u00daNICO Av. 25 de Setembro Edif\u00edcio da DPIC 1\u00ba Andar Cidade de Nampula AG\u00caNCIA PARA A PROMO\u00c7\u00c3O DE INVESTIMENTO E [&hellip;]<\/p>\n","protected":false},"author":6,"featured_media":0,"parent":0,"menu_order":0,"comment_status":"closed","ping_status":"closed","template":"","meta":{"_monsterinsights_skip_tracking":false,"_monsterinsights_sitenote_active":false,"_monsterinsights_sitenote_note":"","_monsterinsights_sitenote_category":0,"footnotes":""},"aioseo_notices":[],"_links":{"self":[{"href":"http:\/\/www.sina.gov.mz\/index.php\/wp-json\/wp\/v2\/pages\/1909"}],"collection":[{"href":"http:\/\/www.sina.gov.mz\/index.php\/wp-json\/wp\/v2\/pages"}],"about":[{"href":"http:\/\/www.sina.gov.mz\/index.php\/wp-json\/wp\/v2\/types\/page"}],"author":[{"embeddable":true,"href":"http:\/\/www.sina.gov.mz\/index.php\/wp-json\/wp\/v2\/users\/6"}],"replies":[{"embeddable":true,"href":"http:\/\/www.sina.gov.mz\/index.php\/wp-json\/wp\/v2\/comments?post=1909"}],"version-history":[{"count":32,"href":"http:\/\/www.sina.gov.mz\/index.php\/wp-json\/wp\/v2\/pages\/1909\/revisions"}],"predecessor-version":[{"id":4517,"href":"http:\/\/www.sina.gov.mz\/index.php\/wp-json\/wp\/v2\/pages\/1909\/revisions\/4517"}],"wp:attachment":[{"href":"http:\/\/www.sina.gov.mz\/index.php\/wp-json\/wp\/v2\/media?parent=1909"}],"curies":[{"name":"wp","href":"https:\/\/api.w.org\/{rel}","templated":true}]}}