{"id":1963,"date":"2024-03-20T09:17:20","date_gmt":"2024-03-20T09:17:20","guid":{"rendered":"http:\/\/196.3.100.136\/sina\/?page_id=1963"},"modified":"2024-05-22T12:36:34","modified_gmt":"2024-05-22T12:36:34","slug":"agrarias","status":"publish","type":"page","link":"http:\/\/www.sina.gov.mz\/index.php\/agrarias\/","title":{"rendered":"Agr\u00e1rias"},"content":{"rendered":"\t\t<div data-elementor-type=\"wp-page\" data-elementor-id=\"1963\" class=\"elementor elementor-1963\">\n\t\t\t\t<div class=\"elementor-element elementor-element-8f8aeaf e-flex e-con-boxed e-con e-parent\" data-id=\"8f8aeaf\" data-element_type=\"container\" data-settings=\"{&quot;shape_divider_top&quot;:&quot;pyramids&quot;}\">\n\t\t\t\t\t<div class=\"e-con-inner\">\n\t\t\t\t<div class=\"elementor-shape elementor-shape-top\" data-negative=\"false\">\n\t\t\t<svg xmlns=\"http:\/\/www.w3.org\/2000\/svg\" viewBox=\"0 0 1000 100\" preserveAspectRatio=\"none\">\n\t<path class=\"elementor-shape-fill\" d=\"M761.9,44.1L643.1,27.2L333.8,98L0,3.8V0l1000,0v3.9\"\/>\n<\/svg>\t\t<\/div>\n\t\t\t\t<div class=\"elementor-element elementor-element-af0cbf1 elementor-widget elementor-widget-heading\" data-id=\"af0cbf1\" data-element_type=\"widget\" data-widget_type=\"heading.default\">\n\t\t\t\t<div class=\"elementor-widget-container\">\n\t\t\t<style>\/*! elementor - v3.21.0 - 30-04-2024 *\/\n.elementor-heading-title{padding:0;margin:0;line-height:1}.elementor-widget-heading .elementor-heading-title[class*=elementor-size-]>a{color:inherit;font-size:inherit;line-height:inherit}.elementor-widget-heading .elementor-heading-title.elementor-size-small{font-size:15px}.elementor-widget-heading .elementor-heading-title.elementor-size-medium{font-size:19px}.elementor-widget-heading .elementor-heading-title.elementor-size-large{font-size:29px}.elementor-widget-heading .elementor-heading-title.elementor-size-xl{font-size:39px}.elementor-widget-heading .elementor-heading-title.elementor-size-xxl{font-size:59px}<\/style><h5 class=\"elementor-heading-title elementor-size-default\">Recursos Agr\u00edcolas<\/h5>\t\t<\/div>\n\t\t\t\t<\/div>\n\t\t\t\t\t<\/div>\n\t\t\t\t<\/div>\n\t\t<div class=\"elementor-element elementor-element-982098c e-flex e-con-boxed e-con e-parent\" data-id=\"982098c\" data-element_type=\"container\">\n\t\t\t\t\t<div class=\"e-con-inner\">\n\t\t\t\t<div class=\"elementor-element elementor-element-48af6cc elementor-widget elementor-widget-text-editor\" data-id=\"48af6cc\" data-element_type=\"widget\" data-widget_type=\"text-editor.default\">\n\t\t\t\t<div class=\"elementor-widget-container\">\n\t\t\t<style>\/*! elementor - v3.21.0 - 30-04-2024 *\/\n.elementor-widget-text-editor.elementor-drop-cap-view-stacked .elementor-drop-cap{background-color:#69727d;color:#fff}.elementor-widget-text-editor.elementor-drop-cap-view-framed .elementor-drop-cap{color:#69727d;border:3px solid;background-color:transparent}.elementor-widget-text-editor:not(.elementor-drop-cap-view-default) .elementor-drop-cap{margin-top:8px}.elementor-widget-text-editor:not(.elementor-drop-cap-view-default) .elementor-drop-cap-letter{width:1em;height:1em}.elementor-widget-text-editor .elementor-drop-cap{float:left;text-align:center;line-height:1;font-size:50px}.elementor-widget-text-editor .elementor-drop-cap-letter{display:inline-block}<\/style>\t\t\t\t<p><strong>Nampula est\u00e1 localizada na melhor zona agro-ecol\u00f3gica de Mo\u00e7ambique e dotada de grande potencial. Quanto aos solos, distinguem-se tr\u00eas zonas principais:<\/strong><\/p><p>\u00a0<\/p><p><strong>Zona do Litoral \u2013 os solos s\u00e3o arenosos, de fertilidade muito baixa e com fraca reten\u00e7\u00e3o de \u00e1gua, resultando em frequentes secas, principalmente nos distritos de Memba, Nacala-a-Velha, Nacala Porto, Mossuril, Ilha de Mo\u00e7ambique, Mogincual, Angoche, Larde e algumas zonas dos distritos de Li\u00fapo e Er\u00e1ti;<\/strong><\/p><p>\u00a0<\/p><p><strong>Zona Interm\u00e9dia \u2013 situada entre o litoral e o interior, onde predominam os solos francos argiloso- arenosos avermelhados, abarcando os distritos de Er\u00e1ti, Muecate, Nampula, Rapale, Meconta, Monapo, Nacar\u00f4a, Mogovolas, partes do distrito de Moma (Chalaua) segundo a legisla\u00e7\u00e3o sobre o uso e aproveitamento de terras, a zona \u00e9 classificada como boa para agricultura e;<\/strong><\/p><p>\u00a0<\/p><p><strong>Zona do Interior \u2013 situa-se na parte oeste da prov\u00edncia, englobando os distritos de Mecub\u00fari, Rib\u00e1u\u00e8, Murrupula, Lalaua e Malema; os seus solos s\u00e3o argilosos, vermelhos e profundos de boa permeabilidade e bem drenados, classificados, na sua maioria, como excelentes para a pr\u00e1tica de agricultura.<\/strong><\/p><p><strong>A aptid\u00e3o agro ecol\u00f3gica de Nampula faz com que a prov\u00edncia tenha potencial para o desenvolvimento das 12 cadeias estrat\u00e9gicas eleitas, das quais 6 priorit\u00e1rias:<\/strong><\/p><p>\u00a0<\/p><p><strong>Cadeias Priorit\u00e1rias:<\/strong><\/p><ul><li><p><strong>Milho \u2013 Murrupula, Rib\u00e1u\u00e8, Lalaua, Monapo e Malema;<\/strong><\/p><\/li><li><p><strong>Arroz \u2013 Angoche, Moma Mogincual e Murrupula;<\/strong><\/p><\/li><li><p><strong>Feij\u00f5es \u2013 em quase todos os distritos da Prov\u00edncia;<\/strong><\/p><\/li><li><p><strong>Mandioca \u2013 Malema, Er\u00e1ti, Rib\u00e1u\u00e8, Murrupula, Nampula, Lalaua e Mecuburi;<\/strong><\/p><\/li><li><p><strong>Avicultura \u2013 Rapale, Mogovolas e Nacala;<\/strong><\/p><\/li><li><p><strong>Pecu\u00e1ria \u2013 Mogovolas, Angoche, Larde, Moma e Murrupula.<\/strong><\/p><\/li><\/ul><p><strong>Outras Cadeias<\/strong><\/p><ul><li><p><strong>Frutas e Vegetais \u2013 Malema, Rib\u00e1u\u00e8 e Meconta;<\/strong><\/p><\/li><li><p><strong>Banana \u2013 Er\u00e1ti, Monapo e Meconta;<\/strong><\/p><\/li><li><p><strong>Gergelim \u2013 Malema, Ribau\u00e9, Mecuburi, Monapo;<\/strong><\/p><\/li><li><p><strong>Caju \u2013 Mogovolas, Angoche, Moma e Mogincual;<\/strong><\/p><\/li><li><p><strong>Algod\u00e3o \u2013 Nacar\u00f4a, Meconta e Monapo;<\/strong><\/p><\/li><li><p><strong>Soja &#8211; Malema, Ribau\u00e9, Mecuburi, Monapo.<\/strong><\/p><\/li><\/ul><p><strong>O potencial para actividade agr\u00edcola \u00e9 estimado em 4.678.036 hectares de \u00e1rea ar\u00e1vel, 2.981.966 hectares de \u00e1rea agr\u00edcola e 759.640 hectares de \u00e1rea dispon\u00edvel.<\/strong><\/p>\t\t\t\t\t\t<\/div>\n\t\t\t\t<\/div>\n\t\t\t\t\t<\/div>\n\t\t\t\t<\/div>\n\t\t\t\t<\/div>\n\t\t","protected":false},"excerpt":{"rendered":"<p>Recursos Agr\u00edcolas Nampula est\u00e1 localizada na melhor zona agro-ecol\u00f3gica de Mo\u00e7ambique e dotada de grande potencial. Quanto aos solos, distinguem-se tr\u00eas zonas principais: \u00a0 Zona do Litoral \u2013 os solos s\u00e3o arenosos, de fertilidade muito baixa e com fraca reten\u00e7\u00e3o de \u00e1gua, resultando em frequentes secas, principalmente nos distritos de Memba, Nacala-a-Velha, Nacala Porto, Mossuril, [&hellip;]<\/p>\n","protected":false},"author":4,"featured_media":0,"parent":0,"menu_order":0,"comment_status":"closed","ping_status":"closed","template":"","meta":{"_monsterinsights_skip_tracking":false,"_monsterinsights_sitenote_active":false,"_monsterinsights_sitenote_note":"","_monsterinsights_sitenote_category":0,"footnotes":""},"aioseo_notices":[],"_links":{"self":[{"href":"http:\/\/www.sina.gov.mz\/index.php\/wp-json\/wp\/v2\/pages\/1963"}],"collection":[{"href":"http:\/\/www.sina.gov.mz\/index.php\/wp-json\/wp\/v2\/pages"}],"about":[{"href":"http:\/\/www.sina.gov.mz\/index.php\/wp-json\/wp\/v2\/types\/page"}],"author":[{"embeddable":true,"href":"http:\/\/www.sina.gov.mz\/index.php\/wp-json\/wp\/v2\/users\/4"}],"replies":[{"embeddable":true,"href":"http:\/\/www.sina.gov.mz\/index.php\/wp-json\/wp\/v2\/comments?post=1963"}],"version-history":[{"count":35,"href":"http:\/\/www.sina.gov.mz\/index.php\/wp-json\/wp\/v2\/pages\/1963\/revisions"}],"predecessor-version":[{"id":4392,"href":"http:\/\/www.sina.gov.mz\/index.php\/wp-json\/wp\/v2\/pages\/1963\/revisions\/4392"}],"wp:attachment":[{"href":"http:\/\/www.sina.gov.mz\/index.php\/wp-json\/wp\/v2\/media?parent=1963"}],"curies":[{"name":"wp","href":"https:\/\/api.w.org\/{rel}","templated":true}]}}