{"id":1967,"date":"2024-03-20T09:26:28","date_gmt":"2024-03-20T09:26:28","guid":{"rendered":"http:\/\/196.3.100.136\/sina\/?page_id=1967"},"modified":"2024-05-22T13:28:14","modified_gmt":"2024-05-22T13:28:14","slug":"minerais-2","status":"publish","type":"page","link":"http:\/\/www.sina.gov.mz\/index.php\/minerais-2\/","title":{"rendered":"Minerais"},"content":{"rendered":"\t\t<div data-elementor-type=\"wp-page\" data-elementor-id=\"1967\" class=\"elementor elementor-1967\">\n\t\t\t\t<div class=\"elementor-element elementor-element-864a766 e-flex e-con-boxed e-con e-parent\" data-id=\"864a766\" data-element_type=\"container\" data-settings=\"{&quot;shape_divider_top&quot;:&quot;pyramids&quot;}\">\n\t\t\t\t\t<div class=\"e-con-inner\">\n\t\t\t\t<div class=\"elementor-shape elementor-shape-top\" data-negative=\"false\">\n\t\t\t<svg xmlns=\"http:\/\/www.w3.org\/2000\/svg\" viewBox=\"0 0 1000 100\" preserveAspectRatio=\"none\">\n\t<path class=\"elementor-shape-fill\" d=\"M761.9,44.1L643.1,27.2L333.8,98L0,3.8V0l1000,0v3.9\"\/>\n<\/svg>\t\t<\/div>\n\t\t\t\t<div class=\"elementor-element elementor-element-18a5295 elementor-widget elementor-widget-heading\" data-id=\"18a5295\" data-element_type=\"widget\" data-widget_type=\"heading.default\">\n\t\t\t\t<div class=\"elementor-widget-container\">\n\t\t\t<style>\/*! elementor - v3.21.0 - 30-04-2024 *\/\n.elementor-heading-title{padding:0;margin:0;line-height:1}.elementor-widget-heading .elementor-heading-title[class*=elementor-size-]>a{color:inherit;font-size:inherit;line-height:inherit}.elementor-widget-heading .elementor-heading-title.elementor-size-small{font-size:15px}.elementor-widget-heading .elementor-heading-title.elementor-size-medium{font-size:19px}.elementor-widget-heading .elementor-heading-title.elementor-size-large{font-size:29px}.elementor-widget-heading .elementor-heading-title.elementor-size-xl{font-size:39px}.elementor-widget-heading .elementor-heading-title.elementor-size-xxl{font-size:59px}<\/style><h5 class=\"elementor-heading-title elementor-size-default\">Recursos Minerais<\/h5>\t\t<\/div>\n\t\t\t\t<\/div>\n\t\t<div class=\"elementor-element elementor-element-ed0dc47 e-flex e-con-boxed e-con e-child\" data-id=\"ed0dc47\" data-element_type=\"container\">\n\t\t\t\t\t<div class=\"e-con-inner\">\n\t\t\t\t<div class=\"elementor-element elementor-element-82c3f54 elementor-widget elementor-widget-text-editor\" data-id=\"82c3f54\" data-element_type=\"widget\" data-widget_type=\"text-editor.default\">\n\t\t\t\t<div class=\"elementor-widget-container\">\n\t\t\t<style>\/*! elementor - v3.21.0 - 30-04-2024 *\/\n.elementor-widget-text-editor.elementor-drop-cap-view-stacked .elementor-drop-cap{background-color:#69727d;color:#fff}.elementor-widget-text-editor.elementor-drop-cap-view-framed .elementor-drop-cap{color:#69727d;border:3px solid;background-color:transparent}.elementor-widget-text-editor:not(.elementor-drop-cap-view-default) .elementor-drop-cap{margin-top:8px}.elementor-widget-text-editor:not(.elementor-drop-cap-view-default) .elementor-drop-cap-letter{width:1em;height:1em}.elementor-widget-text-editor .elementor-drop-cap{float:left;text-align:center;line-height:1;font-size:50px}.elementor-widget-text-editor .elementor-drop-cap-letter{display:inline-block}<\/style>\t\t\t\t<p>Nampula conta com reservas de minerais, grande parte em explora\u00e7\u00e3o em moldes artesanais, de gemas, nomeadamente: \u00c1guas Marinhas (Turmalinas, Corindo e Top\u00e1zio), localizados nos distritos de Moma, Er\u00e1ti, Monapo, Murrupula e Mogovolas. Ocorrem nos distritos de Lalaua, Er\u00e1ti, Moma, Larde, Mogincual, Angoche, Murrupula, Nacala-a-Velha, Rib\u00e1u\u00e8, Mecub\u00fari, Memba e Monapo, minerais como ferro, grafite, ouro, fosfatos, ilmenite, rutilo e zirc\u00e3o. Em Moma, Larde, Angoche e Lalaua acontecem a explota\u00e7\u00e3o industrial de ferro, ilmenite, rutilo e zirc\u00e3o.<\/p><p><br \/>As rochas de constru\u00e7\u00e3o, granito, granito-gnaisse, calc\u00e1rio e basalto ocorrem significativamente nos distritos de Nampula, Memba, Meconta, Nacala-a-Velha e Mossuril. No distrito de Nacala esta em curso a instala\u00e7\u00e3o de uma f\u00e1brica para o aproveitamento de calc\u00e1rio para a produ\u00e7\u00e3o de clinquer e cimento.<\/p><p><br \/>A bacia de Angoche, no distrito de mesmo nome apresenta tamb\u00e9m potencial de hidrocarbonetos. Foram iniciados trabalhos de prospe\u00e7\u00e3o do real potencial existente na bacia de Angoche.<\/p>\t\t\t\t\t\t<\/div>\n\t\t\t\t<\/div>\n\t\t\t\t\t<\/div>\n\t\t\t\t<\/div>\n\t\t\t\t\t<\/div>\n\t\t\t\t<\/div>\n\t\t\t\t<\/div>\n\t\t","protected":false},"excerpt":{"rendered":"<p>Recursos Minerais Nampula conta com reservas de minerais, grande parte em explora\u00e7\u00e3o em moldes artesanais, de gemas, nomeadamente: \u00c1guas Marinhas (Turmalinas, Corindo e Top\u00e1zio), localizados nos distritos de Moma, Er\u00e1ti, Monapo, Murrupula e Mogovolas. Ocorrem nos distritos de Lalaua, Er\u00e1ti, Moma, Larde, Mogincual, Angoche, Murrupula, Nacala-a-Velha, Rib\u00e1u\u00e8, Mecub\u00fari, Memba e Monapo, minerais como ferro, grafite, [&hellip;]<\/p>\n","protected":false},"author":3,"featured_media":0,"parent":0,"menu_order":0,"comment_status":"closed","ping_status":"closed","template":"","meta":{"_monsterinsights_skip_tracking":false,"_monsterinsights_sitenote_active":false,"_monsterinsights_sitenote_note":"","_monsterinsights_sitenote_category":0,"footnotes":""},"aioseo_notices":[],"_links":{"self":[{"href":"http:\/\/www.sina.gov.mz\/index.php\/wp-json\/wp\/v2\/pages\/1967"}],"collection":[{"href":"http:\/\/www.sina.gov.mz\/index.php\/wp-json\/wp\/v2\/pages"}],"about":[{"href":"http:\/\/www.sina.gov.mz\/index.php\/wp-json\/wp\/v2\/types\/page"}],"author":[{"embeddable":true,"href":"http:\/\/www.sina.gov.mz\/index.php\/wp-json\/wp\/v2\/users\/3"}],"replies":[{"embeddable":true,"href":"http:\/\/www.sina.gov.mz\/index.php\/wp-json\/wp\/v2\/comments?post=1967"}],"version-history":[{"count":6,"href":"http:\/\/www.sina.gov.mz\/index.php\/wp-json\/wp\/v2\/pages\/1967\/revisions"}],"predecessor-version":[{"id":4466,"href":"http:\/\/www.sina.gov.mz\/index.php\/wp-json\/wp\/v2\/pages\/1967\/revisions\/4466"}],"wp:attachment":[{"href":"http:\/\/www.sina.gov.mz\/index.php\/wp-json\/wp\/v2\/media?parent=1967"}],"curies":[{"name":"wp","href":"https:\/\/api.w.org\/{rel}","templated":true}]}}