{"id":2019,"date":"2024-03-20T10:22:33","date_gmt":"2024-03-20T10:22:33","guid":{"rendered":"http:\/\/196.3.100.136\/sina\/?page_id=2019"},"modified":"2024-05-22T12:40:26","modified_gmt":"2024-05-22T12:40:26","slug":"floresta","status":"publish","type":"page","link":"http:\/\/www.sina.gov.mz\/index.php\/floresta\/","title":{"rendered":"Floresta"},"content":{"rendered":"\t\t<div data-elementor-type=\"wp-page\" data-elementor-id=\"2019\" class=\"elementor elementor-2019\">\n\t\t\t\t<div class=\"elementor-element elementor-element-752e37f e-flex e-con-boxed e-con e-parent\" data-id=\"752e37f\" data-element_type=\"container\" data-settings=\"{&quot;shape_divider_top&quot;:&quot;pyramids&quot;}\">\n\t\t\t\t\t<div class=\"e-con-inner\">\n\t\t\t\t<div class=\"elementor-shape elementor-shape-top\" data-negative=\"false\">\n\t\t\t<svg xmlns=\"http:\/\/www.w3.org\/2000\/svg\" viewBox=\"0 0 1000 100\" preserveAspectRatio=\"none\">\n\t<path class=\"elementor-shape-fill\" d=\"M761.9,44.1L643.1,27.2L333.8,98L0,3.8V0l1000,0v3.9\"\/>\n<\/svg>\t\t<\/div>\n\t\t\t\t<div class=\"elementor-element elementor-element-a4d3937 elementor-widget elementor-widget-heading\" data-id=\"a4d3937\" data-element_type=\"widget\" data-widget_type=\"heading.default\">\n\t\t\t\t<div class=\"elementor-widget-container\">\n\t\t\t<style>\/*! elementor - v3.21.0 - 30-04-2024 *\/\n.elementor-heading-title{padding:0;margin:0;line-height:1}.elementor-widget-heading .elementor-heading-title[class*=elementor-size-]>a{color:inherit;font-size:inherit;line-height:inherit}.elementor-widget-heading .elementor-heading-title.elementor-size-small{font-size:15px}.elementor-widget-heading .elementor-heading-title.elementor-size-medium{font-size:19px}.elementor-widget-heading .elementor-heading-title.elementor-size-large{font-size:29px}.elementor-widget-heading .elementor-heading-title.elementor-size-xl{font-size:39px}.elementor-widget-heading .elementor-heading-title.elementor-size-xxl{font-size:59px}<\/style><h5 class=\"elementor-heading-title elementor-size-default\">Recursos Florestais e Zonas de Conserva\u00e7\u00e3o<\/h5>\t\t<\/div>\n\t\t\t\t<\/div>\n\t\t\t\t\t<\/div>\n\t\t\t\t<\/div>\n\t\t<div class=\"elementor-element elementor-element-a0380f2 e-flex e-con-boxed e-con e-parent\" data-id=\"a0380f2\" data-element_type=\"container\">\n\t\t\t\t\t<div class=\"e-con-inner\">\n\t\t\t\t<div class=\"elementor-element elementor-element-b815d82 elementor-widget elementor-widget-text-editor\" data-id=\"b815d82\" data-element_type=\"widget\" data-widget_type=\"text-editor.default\">\n\t\t\t\t<div class=\"elementor-widget-container\">\n\t\t\t<style>\/*! elementor - v3.21.0 - 30-04-2024 *\/\n.elementor-widget-text-editor.elementor-drop-cap-view-stacked .elementor-drop-cap{background-color:#69727d;color:#fff}.elementor-widget-text-editor.elementor-drop-cap-view-framed .elementor-drop-cap{color:#69727d;border:3px solid;background-color:transparent}.elementor-widget-text-editor:not(.elementor-drop-cap-view-default) .elementor-drop-cap{margin-top:8px}.elementor-widget-text-editor:not(.elementor-drop-cap-view-default) .elementor-drop-cap-letter{width:1em;height:1em}.elementor-widget-text-editor .elementor-drop-cap{float:left;text-align:center;line-height:1;font-size:50px}.elementor-widget-text-editor .elementor-drop-cap-letter{display:inline-block}<\/style>\t\t\t\t<p><strong>Nampula disp\u00f5e de 7.817.100 hectares de florestas, contudo segundo o Fundo Nacional de Desenvolvimento Sustent\u00e1vel (FNDS), citado pelo Observat\u00f3rio do Meio Rural (OMR) Nampula teve uma perda de cerca de 10,5% da cobertura florestal, sendo a prov\u00edncia com maior desmatamento a n\u00edvel nacional (entre os anos 1972 e 2016), demandando projectos de reflorestamento com o engajamento do sector privado e comunidades, com impacto a n\u00edvel local e nacional.<\/strong><br \/><strong>Com vista a preserva\u00e7\u00e3o das potencialidades econ\u00f3micas das excelentes condi\u00e7\u00f5es florestais e faun\u00edsticos, foram estabelecidas 6 reservas como se descreve abaixo:<\/strong><\/p><p>\u00a0<\/p><ul><li><strong>Reserva Florestal de Mec\u00faburi \u2013 com 195.000 hectares situada no distrito do mesmo nome. As esp\u00e9cies mais predominantes s\u00e3o Brachysteigia Combretum, Moco, Umbila, Jambirre, Mucorea, Nacuva e Pau-Preto. A reserva florestal de Mecuburi ainda disp\u00f5e de excelentes condi\u00e7\u00f5es naturais para a pr\u00e1tica do turismo cineg\u00e9tico e de montanha cuja abrang\u00eancia se estende aos distritos de Rib\u00e1u\u00e8 e Malema;<\/strong><\/li><li><strong>Reserva Florestal de Matibane \u2013 com uma \u00e1rea de 6.400 ha, no distrito de Mossuril. A esp\u00e9cie floresta que abunda \u00e9 o mecrusse. Da\u00ed, o facto de a reserva tamb\u00e9m ser conhecida por mecrussiana;<\/strong><\/li><li><strong>Reserva Florestal do Baixo Pinda \u2013 com 19.600 ha, no distrito de Memba. As esp\u00e9cies mais comuns s\u00e3o pau-preto, mecrusse e casuarinas;<\/strong><br \/><strong>Reserva Florestal do Rib\u00e1u\u00e8 \u2013 com uma \u00e1rea de 5.200 ha. inclui o monte Rib\u00e1u\u00e8 (1.563m) e algumas esp\u00e9cies hidr\u00f3filas que surgem nos vales. A esp\u00e9cie mais predominante \u00e9 brachystegia cambretum; e<\/strong><\/li><li><strong>Reserva Florestal de Mpalu\u00e9 \u2013 com uma superf\u00edcie de 5.100 ha, no distrito de Rib\u00e1u\u00e8. A brachystegia cambretum \u00e9 a esp\u00e9cie florestal dominante;<\/strong><\/li><li><strong>Reserva Florestal de Maziotela no distrito de Monapo \u2013 \u00e9 uma reserva privada, com 1000 ha, as esp\u00e9cies mais predominantes s\u00e3o tule e Umbaua. Usada com reflorestamento de esp\u00e9cies medicinais.<\/strong><\/li><\/ul><p>\u00a0<\/p><p><strong>Nampula \u00e9 tamb\u00e9m rica em madeiras preciosas e semi-preciosas, com grande potencial para explora\u00e7\u00e3o industrial. As esp\u00e9cies florestais mais exploradas na Prov\u00edncia de Nampula s\u00e3o: Jambire, chanfuta, umbila, pau-preto e pau-rosa, com maior predomin\u00e2ncia nos distritos de Mecub\u00fari, Memba, Muecate, Meconta, Nacar\u00f4a, Moma, Mogovolas, Murrupula, Lalaua, Er\u00e1ti, Angoche, Monapo, Mogincual e Mossuril.<\/strong><\/p><p><strong>Ainda a prov\u00edncia tem \u00e1reas de protec\u00e7\u00e3o ambiental das Ilhas primeiras e segundas nos Distritos de Angoche, Larde e Moma.<\/strong><\/p>\t\t\t\t\t\t<\/div>\n\t\t\t\t<\/div>\n\t\t\t\t\t<\/div>\n\t\t\t\t<\/div>\n\t\t\t\t<\/div>\n\t\t","protected":false},"excerpt":{"rendered":"<p>Recursos Florestais e Zonas de Conserva\u00e7\u00e3o Nampula disp\u00f5e de 7.817.100 hectares de florestas, contudo segundo o Fundo Nacional de Desenvolvimento Sustent\u00e1vel (FNDS), citado pelo Observat\u00f3rio do Meio Rural (OMR) Nampula teve uma perda de cerca de 10,5% da cobertura florestal, sendo a prov\u00edncia com maior desmatamento a n\u00edvel nacional (entre os anos 1972 e 2016), [&hellip;]<\/p>\n","protected":false},"author":4,"featured_media":0,"parent":0,"menu_order":0,"comment_status":"closed","ping_status":"closed","template":"","meta":{"_monsterinsights_skip_tracking":false,"_monsterinsights_sitenote_active":false,"_monsterinsights_sitenote_note":"","_monsterinsights_sitenote_category":0,"footnotes":""},"aioseo_notices":[],"_links":{"self":[{"href":"http:\/\/www.sina.gov.mz\/index.php\/wp-json\/wp\/v2\/pages\/2019"}],"collection":[{"href":"http:\/\/www.sina.gov.mz\/index.php\/wp-json\/wp\/v2\/pages"}],"about":[{"href":"http:\/\/www.sina.gov.mz\/index.php\/wp-json\/wp\/v2\/types\/page"}],"author":[{"embeddable":true,"href":"http:\/\/www.sina.gov.mz\/index.php\/wp-json\/wp\/v2\/users\/4"}],"replies":[{"embeddable":true,"href":"http:\/\/www.sina.gov.mz\/index.php\/wp-json\/wp\/v2\/comments?post=2019"}],"version-history":[{"count":31,"href":"http:\/\/www.sina.gov.mz\/index.php\/wp-json\/wp\/v2\/pages\/2019\/revisions"}],"predecessor-version":[{"id":4396,"href":"http:\/\/www.sina.gov.mz\/index.php\/wp-json\/wp\/v2\/pages\/2019\/revisions\/4396"}],"wp:attachment":[{"href":"http:\/\/www.sina.gov.mz\/index.php\/wp-json\/wp\/v2\/media?parent=2019"}],"curies":[{"name":"wp","href":"https:\/\/api.w.org\/{rel}","templated":true}]}}