{"id":2021,"date":"2024-03-20T10:22:34","date_gmt":"2024-03-20T10:22:34","guid":{"rendered":"http:\/\/196.3.100.136\/sina\/?page_id=2021"},"modified":"2024-05-22T12:56:18","modified_gmt":"2024-05-22T12:56:18","slug":"locais-turisticos-2","status":"publish","type":"page","link":"http:\/\/www.sina.gov.mz\/index.php\/locais-turisticos-2\/","title":{"rendered":"Locais Turisticos"},"content":{"rendered":"\t\t<div data-elementor-type=\"wp-page\" data-elementor-id=\"2021\" class=\"elementor elementor-2021\">\n\t\t\t\t<div class=\"elementor-element elementor-element-e97bc7e e-flex e-con-boxed e-con e-parent\" data-id=\"e97bc7e\" data-element_type=\"container\" data-settings=\"{&quot;shape_divider_top&quot;:&quot;pyramids&quot;}\">\n\t\t\t\t\t<div class=\"e-con-inner\">\n\t\t\t\t<div class=\"elementor-shape elementor-shape-top\" data-negative=\"false\">\n\t\t\t<svg xmlns=\"http:\/\/www.w3.org\/2000\/svg\" viewBox=\"0 0 1000 100\" preserveAspectRatio=\"none\">\n\t<path class=\"elementor-shape-fill\" d=\"M761.9,44.1L643.1,27.2L333.8,98L0,3.8V0l1000,0v3.9\"\/>\n<\/svg>\t\t<\/div>\n\t\t\t\t<div class=\"elementor-element elementor-element-5f67777 elementor-widget elementor-widget-heading\" data-id=\"5f67777\" data-element_type=\"widget\" data-widget_type=\"heading.default\">\n\t\t\t\t<div class=\"elementor-widget-container\">\n\t\t\t<style>\/*! elementor - v3.21.0 - 30-04-2024 *\/\n.elementor-heading-title{padding:0;margin:0;line-height:1}.elementor-widget-heading .elementor-heading-title[class*=elementor-size-]>a{color:inherit;font-size:inherit;line-height:inherit}.elementor-widget-heading .elementor-heading-title.elementor-size-small{font-size:15px}.elementor-widget-heading .elementor-heading-title.elementor-size-medium{font-size:19px}.elementor-widget-heading .elementor-heading-title.elementor-size-large{font-size:29px}.elementor-widget-heading .elementor-heading-title.elementor-size-xl{font-size:39px}.elementor-widget-heading .elementor-heading-title.elementor-size-xxl{font-size:59px}<\/style><h5 class=\"elementor-heading-title elementor-size-default\">Potencial Tur\u00edstico <\/h5>\t\t<\/div>\n\t\t\t\t<\/div>\n\t\t\t\t\t<\/div>\n\t\t\t\t<\/div>\n\t\t<div class=\"elementor-element elementor-element-a896ef9 e-flex e-con-boxed e-con e-parent\" data-id=\"a896ef9\" data-element_type=\"container\">\n\t\t\t\t\t<div class=\"e-con-inner\">\n\t\t\t\t<div class=\"elementor-element elementor-element-aed0270 elementor-widget elementor-widget-text-editor\" data-id=\"aed0270\" data-element_type=\"widget\" data-widget_type=\"text-editor.default\">\n\t\t\t\t<div class=\"elementor-widget-container\">\n\t\t\t<style>\/*! elementor - v3.21.0 - 30-04-2024 *\/\n.elementor-widget-text-editor.elementor-drop-cap-view-stacked .elementor-drop-cap{background-color:#69727d;color:#fff}.elementor-widget-text-editor.elementor-drop-cap-view-framed .elementor-drop-cap{color:#69727d;border:3px solid;background-color:transparent}.elementor-widget-text-editor:not(.elementor-drop-cap-view-default) .elementor-drop-cap{margin-top:8px}.elementor-widget-text-editor:not(.elementor-drop-cap-view-default) .elementor-drop-cap-letter{width:1em;height:1em}.elementor-widget-text-editor .elementor-drop-cap{float:left;text-align:center;line-height:1;font-size:50px}.elementor-widget-text-editor .elementor-drop-cap-letter{display:inline-block}<\/style>\t\t\t\t<p>Ao longo dos 460 kms de costa mar\u00edtima s\u00e3o encontradas praias de beleza paisag\u00edstica incompar\u00e1vel e potencial para a pesca desportiva e outros desportos aqu\u00e1ticos (praias de Chocas Mar, Lunga, Crusse e Jamali em Mossuril, Fern\u00e3o Veloso e Quissimajulo em Nacala-Porto, praia Nova de Angoche, praias de Baixo Pinda e Simuco em Memba, Quinga em Li\u00fapo, Lumbo e Sanculo na Ilha de Mo\u00e7ambique e Rassini, praia dos Namora dos e Napela em Nacala-a-Velha). Para al\u00e9m do turismo de praia, existem locais com caracter\u00edsticas para o ecoturismo, turismo cultural e comunit\u00e1rio.<\/p><p>\u00a0<\/p><p>Os recursos arqueol\u00f3gicos hist\u00f3ricos e culturais, como s\u00e3o os casos da Ilha de Mo\u00e7ambique, declarada patrim\u00f3nio cultural da humanidade pela UNESCO com cerca de 50 locais hist\u00f3ricos, Mossuril com 13 locais hist\u00f3ricos com destaque para o Monumento sobre a campa de Mucutu-Muno (os Namarrais), as pinturas rupestres em Rib\u00e1u\u00e8, Malema, Meconta, Murrupula e Er\u00e1ti; em Mogovolas a Campa de Kupula Muno (guerreiro que resistiu contra a ocupa\u00e7\u00e3o colonial portuguesa), as cerim\u00f3nias culturais e de ritos tradicionais, eventos culturais constituem igualmente um forte potencial tur\u00edstico por explorar.<\/p>\t\t\t\t\t\t<\/div>\n\t\t\t\t<\/div>\n\t\t\t\t\t<\/div>\n\t\t\t\t<\/div>\n\t\t<div class=\"elementor-element elementor-element-1a71f1d e-flex e-con-boxed e-con e-parent\" data-id=\"1a71f1d\" data-element_type=\"container\">\n\t\t\t\t\t<div class=\"e-con-inner\">\n\t\t<div class=\"elementor-element elementor-element-6741992 e-con-full e-flex e-con e-child\" data-id=\"6741992\" data-element_type=\"container\">\n\t\t\t\t<div class=\"elementor-element elementor-element-6df05ec elementor-widget elementor-widget-image\" data-id=\"6df05ec\" data-element_type=\"widget\" data-widget_type=\"image.default\">\n\t\t\t\t<div class=\"elementor-widget-container\">\n\t\t\t<style>\/*! elementor - v3.21.0 - 30-04-2024 *\/\n.elementor-widget-image{text-align:center}.elementor-widget-image a{display:inline-block}.elementor-widget-image a img[src$=\".svg\"]{width:48px}.elementor-widget-image img{vertical-align:middle;display:inline-block}<\/style>\t\t\t\t\t\t\t<figure class=\"wp-caption\">\n\t\t\t\t\t\t\t\t\t\t<img fetchpriority=\"high\" decoding=\"async\" width=\"640\" height=\"480\" src=\"http:\/\/www.sina.gov.mz\/wp-content\/uploads\/2024\/03\/Fort_Sao_Sebastiao-768x576.gif\" class=\"attachment-medium_large size-medium_large wp-image-2064\" alt=\"\" srcset=\"http:\/\/www.sina.gov.mz\/wp-content\/uploads\/2024\/03\/Fort_Sao_Sebastiao-768x576.gif 768w, http:\/\/www.sina.gov.mz\/wp-content\/uploads\/2024\/03\/Fort_Sao_Sebastiao-300x225.gif 300w, http:\/\/www.sina.gov.mz\/wp-content\/uploads\/2024\/03\/Fort_Sao_Sebastiao-1024x768.gif 1024w, http:\/\/www.sina.gov.mz\/wp-content\/uploads\/2024\/03\/Fort_Sao_Sebastiao-1536x1152.gif 1536w, http:\/\/www.sina.gov.mz\/wp-content\/uploads\/2024\/03\/Fort_Sao_Sebastiao-2048x1536.gif 2048w\" sizes=\"(max-width: 640px) 100vw, 640px\" \/>\t\t\t\t\t\t\t\t\t\t\t<figcaption class=\"widget-image-caption wp-caption-text\">Ilha de Mo\u00e7ambique<\/figcaption>\n\t\t\t\t\t\t\t\t\t\t<\/figure>\n\t\t\t\t\t\t\t<\/div>\n\t\t\t\t<\/div>\n\t\t\t\t<\/div>\n\t\t<div class=\"elementor-element elementor-element-375b0c9 e-con-full e-flex e-con e-child\" data-id=\"375b0c9\" data-element_type=\"container\">\n\t\t\t\t<div class=\"elementor-element elementor-element-ae10c5b elementor-widget elementor-widget-image\" data-id=\"ae10c5b\" data-element_type=\"widget\" data-widget_type=\"image.default\">\n\t\t\t\t<div class=\"elementor-widget-container\">\n\t\t\t\t\t\t\t\t\t\t<figure class=\"wp-caption\">\n\t\t\t\t\t\t\t\t\t\t<img decoding=\"async\" width=\"2048\" height=\"1150\" src=\"http:\/\/www.sina.gov.mz\/wp-content\/uploads\/2024\/03\/DJI_0024-2048x1150.jpg\" class=\"attachment-2048x2048 size-2048x2048 wp-image-1853\" alt=\"\" srcset=\"http:\/\/www.sina.gov.mz\/wp-content\/uploads\/2024\/03\/DJI_0024-2048x1150.jpg 2048w, http:\/\/www.sina.gov.mz\/wp-content\/uploads\/2024\/03\/DJI_0024-300x168.jpg 300w, http:\/\/www.sina.gov.mz\/wp-content\/uploads\/2024\/03\/DJI_0024-1024x575.jpg 1024w, http:\/\/www.sina.gov.mz\/wp-content\/uploads\/2024\/03\/DJI_0024-768x431.jpg 768w, http:\/\/www.sina.gov.mz\/wp-content\/uploads\/2024\/03\/DJI_0024-1536x863.jpg 1536w\" sizes=\"(max-width: 2048px) 100vw, 2048px\" \/>\t\t\t\t\t\t\t\t\t\t\t<figcaption class=\"widget-image-caption wp-caption-text\">Primeira cidade capital de Mo\u00e7ambique<\/figcaption>\n\t\t\t\t\t\t\t\t\t\t<\/figure>\n\t\t\t\t\t\t\t<\/div>\n\t\t\t\t<\/div>\n\t\t\t\t<\/div>\n\t\t<div class=\"elementor-element elementor-element-4c54503 e-con-full e-flex e-con e-child\" data-id=\"4c54503\" data-element_type=\"container\">\n\t\t\t\t<div class=\"elementor-element elementor-element-1a39f91 elementor-widget elementor-widget-image\" data-id=\"1a39f91\" data-element_type=\"widget\" data-widget_type=\"image.default\">\n\t\t\t\t<div class=\"elementor-widget-container\">\n\t\t\t\t\t\t\t\t\t\t<figure class=\"wp-caption\">\n\t\t\t\t\t\t\t\t\t\t<img decoding=\"async\" width=\"640\" height=\"359\" src=\"http:\/\/www.sina.gov.mz\/wp-content\/uploads\/2024\/03\/DJI_0142-768x431.jpg\" class=\"attachment-medium_large size-medium_large wp-image-2164\" alt=\"\" srcset=\"http:\/\/www.sina.gov.mz\/wp-content\/uploads\/2024\/03\/DJI_0142-768x431.jpg 768w, http:\/\/www.sina.gov.mz\/wp-content\/uploads\/2024\/03\/DJI_0142-300x168.jpg 300w, http:\/\/www.sina.gov.mz\/wp-content\/uploads\/2024\/03\/DJI_0142-1024x575.jpg 1024w, http:\/\/www.sina.gov.mz\/wp-content\/uploads\/2024\/03\/DJI_0142-1536x863.jpg 1536w, http:\/\/www.sina.gov.mz\/wp-content\/uploads\/2024\/03\/DJI_0142-2048x1150.jpg 2048w\" sizes=\"(max-width: 640px) 100vw, 640px\" \/>\t\t\t\t\t\t\t\t\t\t\t<figcaption class=\"widget-image-caption wp-caption-text\">Praia de Relanzapo-Nacala Porto<\/figcaption>\n\t\t\t\t\t\t\t\t\t\t<\/figure>\n\t\t\t\t\t\t\t<\/div>\n\t\t\t\t<\/div>\n\t\t\t\t<\/div>\n\t\t<div class=\"elementor-element elementor-element-4834926 e-con-full e-flex e-con e-child\" data-id=\"4834926\" data-element_type=\"container\">\n\t\t\t\t<div class=\"elementor-element elementor-element-176b518 elementor-widget elementor-widget-image\" data-id=\"176b518\" data-element_type=\"widget\" data-widget_type=\"image.default\">\n\t\t\t\t<div class=\"elementor-widget-container\">\n\t\t\t\t\t\t\t\t\t\t\t\t\t<img loading=\"lazy\" decoding=\"async\" width=\"640\" height=\"963\" src=\"http:\/\/www.sina.gov.mz\/wp-content\/uploads\/2024\/03\/DSC_3609-768x1156.jpg\" class=\"attachment-medium_large size-medium_large wp-image-2166\" alt=\"\" srcset=\"http:\/\/www.sina.gov.mz\/wp-content\/uploads\/2024\/03\/DSC_3609-768x1156.jpg 768w, http:\/\/www.sina.gov.mz\/wp-content\/uploads\/2024\/03\/DSC_3609-199x300.jpg 199w, http:\/\/www.sina.gov.mz\/wp-content\/uploads\/2024\/03\/DSC_3609-680x1024.jpg 680w, http:\/\/www.sina.gov.mz\/wp-content\/uploads\/2024\/03\/DSC_3609-1020x1536.jpg 1020w, http:\/\/www.sina.gov.mz\/wp-content\/uploads\/2024\/03\/DSC_3609-1360x2048.jpg 1360w, http:\/\/www.sina.gov.mz\/wp-content\/uploads\/2024\/03\/DSC_3609-scaled.jpg 1700w\" sizes=\"(max-width: 640px) 100vw, 640px\" \/>\t\t\t\t\t\t\t\t\t\t\t\t\t<\/div>\n\t\t\t\t<\/div>\n\t\t\t\t<\/div>\n\t\t<div class=\"elementor-element elementor-element-e18593c e-con-full e-flex e-con e-child\" data-id=\"e18593c\" data-element_type=\"container\">\n\t\t\t\t<div class=\"elementor-element elementor-element-8b86b36 elementor-widget elementor-widget-image\" data-id=\"8b86b36\" data-element_type=\"widget\" data-widget_type=\"image.default\">\n\t\t\t\t<div class=\"elementor-widget-container\">\n\t\t\t\t\t\t\t\t\t\t\t\t\t<img loading=\"lazy\" decoding=\"async\" width=\"640\" height=\"427\" src=\"http:\/\/www.sina.gov.mz\/wp-content\/uploads\/2024\/03\/DSC9994-1024x683.jpg\" class=\"attachment-large size-large wp-image-2167\" alt=\"\" srcset=\"http:\/\/www.sina.gov.mz\/wp-content\/uploads\/2024\/03\/DSC9994-1024x683.jpg 1024w, http:\/\/www.sina.gov.mz\/wp-content\/uploads\/2024\/03\/DSC9994-300x200.jpg 300w, http:\/\/www.sina.gov.mz\/wp-content\/uploads\/2024\/03\/DSC9994-768x513.jpg 768w, http:\/\/www.sina.gov.mz\/wp-content\/uploads\/2024\/03\/DSC9994.jpg 1500w\" sizes=\"(max-width: 640px) 100vw, 640px\" \/>\t\t\t\t\t\t\t\t\t\t\t\t\t<\/div>\n\t\t\t\t<\/div>\n\t\t\t\t<\/div>\n\t\t<div class=\"elementor-element elementor-element-e98c948 e-con-full e-flex e-con e-child\" data-id=\"e98c948\" data-element_type=\"container\">\n\t\t\t\t<div class=\"elementor-element elementor-element-7914b45 elementor-widget elementor-widget-image\" data-id=\"7914b45\" data-element_type=\"widget\" data-widget_type=\"image.default\">\n\t\t\t\t<div class=\"elementor-widget-container\">\n\t\t\t\t\t\t\t\t\t\t<figure class=\"wp-caption\">\n\t\t\t\t\t\t\t\t\t\t<img loading=\"lazy\" decoding=\"async\" width=\"640\" height=\"964\" src=\"http:\/\/www.sina.gov.mz\/wp-content\/uploads\/2024\/03\/DSC_0292-680x1024.jpg\" class=\"attachment-large size-large wp-image-2168\" alt=\"\" srcset=\"http:\/\/www.sina.gov.mz\/wp-content\/uploads\/2024\/03\/DSC_0292-680x1024.jpg 680w, http:\/\/www.sina.gov.mz\/wp-content\/uploads\/2024\/03\/DSC_0292-199x300.jpg 199w, http:\/\/www.sina.gov.mz\/wp-content\/uploads\/2024\/03\/DSC_0292-768x1156.jpg 768w, http:\/\/www.sina.gov.mz\/wp-content\/uploads\/2024\/03\/DSC_0292-1020x1536.jpg 1020w, http:\/\/www.sina.gov.mz\/wp-content\/uploads\/2024\/03\/DSC_0292-1360x2048.jpg 1360w, http:\/\/www.sina.gov.mz\/wp-content\/uploads\/2024\/03\/DSC_0292.jpg 1384w\" sizes=\"(max-width: 640px) 100vw, 640px\" \/>\t\t\t\t\t\t\t\t\t\t\t<figcaption class=\"widget-image-caption wp-caption-text\">Passaro<\/figcaption>\n\t\t\t\t\t\t\t\t\t\t<\/figure>\n\t\t\t\t\t\t\t<\/div>\n\t\t\t\t<\/div>\n\t\t\t\t<\/div>\n\t\t\t\t\t<\/div>\n\t\t\t\t<\/div>\n\t\t\t\t<\/div>\n\t\t","protected":false},"excerpt":{"rendered":"<p>Potencial Tur\u00edstico Ao longo dos 460 kms de costa mar\u00edtima s\u00e3o encontradas praias de beleza paisag\u00edstica incompar\u00e1vel e potencial para a pesca desportiva e outros desportos aqu\u00e1ticos (praias de Chocas Mar, Lunga, Crusse e Jamali em Mossuril, Fern\u00e3o Veloso e Quissimajulo em Nacala-Porto, praia Nova de Angoche, praias de Baixo Pinda e Simuco em Memba, [&hellip;]<\/p>\n","protected":false},"author":5,"featured_media":0,"parent":0,"menu_order":0,"comment_status":"closed","ping_status":"closed","template":"","meta":{"_monsterinsights_skip_tracking":false,"_monsterinsights_sitenote_active":false,"_monsterinsights_sitenote_note":"","_monsterinsights_sitenote_category":0,"footnotes":""},"aioseo_notices":[],"_links":{"self":[{"href":"http:\/\/www.sina.gov.mz\/index.php\/wp-json\/wp\/v2\/pages\/2021"}],"collection":[{"href":"http:\/\/www.sina.gov.mz\/index.php\/wp-json\/wp\/v2\/pages"}],"about":[{"href":"http:\/\/www.sina.gov.mz\/index.php\/wp-json\/wp\/v2\/types\/page"}],"author":[{"embeddable":true,"href":"http:\/\/www.sina.gov.mz\/index.php\/wp-json\/wp\/v2\/users\/5"}],"replies":[{"embeddable":true,"href":"http:\/\/www.sina.gov.mz\/index.php\/wp-json\/wp\/v2\/comments?post=2021"}],"version-history":[{"count":16,"href":"http:\/\/www.sina.gov.mz\/index.php\/wp-json\/wp\/v2\/pages\/2021\/revisions"}],"predecessor-version":[{"id":4429,"href":"http:\/\/www.sina.gov.mz\/index.php\/wp-json\/wp\/v2\/pages\/2021\/revisions\/4429"}],"wp:attachment":[{"href":"http:\/\/www.sina.gov.mz\/index.php\/wp-json\/wp\/v2\/media?parent=2021"}],"curies":[{"name":"wp","href":"https:\/\/api.w.org\/{rel}","templated":true}]}}