{"id":2190,"date":"2024-03-21T07:15:06","date_gmt":"2024-03-21T07:15:06","guid":{"rendered":"http:\/\/196.3.100.136\/sina\/?page_id=2190"},"modified":"2024-05-22T13:23:34","modified_gmt":"2024-05-22T13:23:34","slug":"hidricas","status":"publish","type":"page","link":"http:\/\/www.sina.gov.mz\/index.php\/hidricas\/","title":{"rendered":"H\u00eddricas"},"content":{"rendered":"\t\t<div data-elementor-type=\"wp-page\" data-elementor-id=\"2190\" class=\"elementor elementor-2190\">\n\t\t\t\t<div class=\"elementor-element elementor-element-8843f1c e-flex e-con-boxed e-con e-parent\" data-id=\"8843f1c\" data-element_type=\"container\" data-settings=\"{&quot;shape_divider_top&quot;:&quot;pyramids&quot;}\">\n\t\t\t\t\t<div class=\"e-con-inner\">\n\t\t\t\t<div class=\"elementor-shape elementor-shape-top\" data-negative=\"false\">\n\t\t\t<svg xmlns=\"http:\/\/www.w3.org\/2000\/svg\" viewBox=\"0 0 1000 100\" preserveAspectRatio=\"none\">\n\t<path class=\"elementor-shape-fill\" d=\"M761.9,44.1L643.1,27.2L333.8,98L0,3.8V0l1000,0v3.9\"\/>\n<\/svg>\t\t<\/div>\n\t\t\t\t<div class=\"elementor-element elementor-element-b9fdb71 elementor-widget elementor-widget-heading\" data-id=\"b9fdb71\" data-element_type=\"widget\" data-widget_type=\"heading.default\">\n\t\t\t\t<div class=\"elementor-widget-container\">\n\t\t\t<style>\/*! elementor - v3.21.0 - 30-04-2024 *\/\n.elementor-heading-title{padding:0;margin:0;line-height:1}.elementor-widget-heading .elementor-heading-title[class*=elementor-size-]>a{color:inherit;font-size:inherit;line-height:inherit}.elementor-widget-heading .elementor-heading-title.elementor-size-small{font-size:15px}.elementor-widget-heading .elementor-heading-title.elementor-size-medium{font-size:19px}.elementor-widget-heading .elementor-heading-title.elementor-size-large{font-size:29px}.elementor-widget-heading .elementor-heading-title.elementor-size-xl{font-size:39px}.elementor-widget-heading .elementor-heading-title.elementor-size-xxl{font-size:59px}<\/style><h5 class=\"elementor-heading-title elementor-size-default\">Recursos H\u00eddricos<\/h5>\t\t<\/div>\n\t\t\t\t<\/div>\n\t\t<div class=\"elementor-element elementor-element-5afe114 e-flex e-con-boxed e-con e-child\" data-id=\"5afe114\" data-element_type=\"container\">\n\t\t\t\t\t<div class=\"e-con-inner\">\n\t\t\t\t<div class=\"elementor-element elementor-element-85a1293 elementor-widget elementor-widget-text-editor\" data-id=\"85a1293\" data-element_type=\"widget\" data-widget_type=\"text-editor.default\">\n\t\t\t\t<div class=\"elementor-widget-container\">\n\t\t\t<style>\/*! elementor - v3.21.0 - 30-04-2024 *\/\n.elementor-widget-text-editor.elementor-drop-cap-view-stacked .elementor-drop-cap{background-color:#69727d;color:#fff}.elementor-widget-text-editor.elementor-drop-cap-view-framed .elementor-drop-cap{color:#69727d;border:3px solid;background-color:transparent}.elementor-widget-text-editor:not(.elementor-drop-cap-view-default) .elementor-drop-cap{margin-top:8px}.elementor-widget-text-editor:not(.elementor-drop-cap-view-default) .elementor-drop-cap-letter{width:1em;height:1em}.elementor-widget-text-editor .elementor-drop-cap{float:left;text-align:center;line-height:1;font-size:50px}.elementor-widget-text-editor .elementor-drop-cap-letter{display:inline-block}<\/style>\t\t\t\t<p>A Prov\u00edncia de Nampula tem grande potencial em recursos h\u00eddricos, gerados na sua totalidade dentro do pa\u00eds, na sua maioria sub-aproveitados para a promo\u00e7\u00e3o do desenvolvimento. Os recursos h\u00eddricos s\u00e3o representados essencialmente por rios e lagoas permanentes e peri\u00f3dicos. De uma forma geral, o potencial h\u00eddrico favorece a disponibilidade de \u00e1gua para v\u00e1rios fins, sobretudo para o abastecimento a popula\u00e7\u00e3o rural e urbana, a pr\u00e1tica da actividade agr\u00edcola e industrial, para al\u00e9m da constru\u00e7\u00e3o de barragens hidroel\u00e9tricas. Este potencial \u00e9 constitu\u00eddo por 29 bacias hidrogr\u00e1ficas, das quais, as principais s\u00e3o os seguintes:<\/p><p><br \/>a) Rio L\u00fario \u2013 com uma extens\u00e3o de 61.423.19 Km e uma precipita\u00e7\u00e3o anual m\u00e9dia de 1.029 mm e um escoamento anual m\u00e9dio de 8.722 hm. No relat\u00f3rio \u201cAvalia\u00e7\u00e3o do potencial de desenvolvimento e inventaria\u00e7\u00e3o dos recursos hidr\u00e1ulicos da bacia do rio L\u00fario\u201d elaborado em 1980 pela Hidrot\u00e9cnica Portuguesa, foram identificados os principais usos potenciais de recursos h\u00eddricos, que incluem a produ\u00e7\u00e3o total de hidro energia podendo atingir 6,000 GWh (mas apenas 50% deste valor pode ser garantido em 95% do tempo) e cerca de 2,000,000 ha foram identificados como tendo potencial para a agricultura, dos quais 500,000 ha poder\u00e3o ser irrigados em 80% do tempo . O potencial da bacia do rio L\u00fario apresenta condi\u00e7\u00f5es para o abastecimento de \u00e1gua, com volume anual estimado em 189.000.000 m3.<\/p><p>\u00a0<\/p><p>b) Rio Ligonha \u2013 com 14.552.72 Km, uma precipita\u00e7\u00e3o anual m\u00e9dia de 1.134 mm e um escoamento anual m\u00e9dio de 3.740 hm;<\/p><p>\u00a0<\/p><p>c) Rio Mel\u00fali \u2013 com 9.398.31 Km, uma precipita\u00e7\u00e3o anual m\u00e9dia de 1.160 mm e um escoamento anual 3m\u00e9dio de 2.406 hm;<\/p><p>\u00a0<\/p><p>d) Rio Monapo \u2013 com extens\u00e3o de 7.734.24 Km, uma precipita\u00e7\u00e3o anual m\u00e9dia de 1.095 mm e um escoamento anual m\u00e9dio de 975 hm. Sobre o rio foi constru\u00edda a barragem que abastece \u00e1gua \u00e0 Cidade de Nampula e outra no distrito de Monapo, essencialmente destinada \u00e0 irriga\u00e7\u00e3o.<\/p><p>\u00a0<\/p><p>e) Rio Mecub\u00fari \u2013 com 8.925,34 km, regista uma precipita\u00e7\u00e3o anual m\u00e9dia de 1.258 mm e um escoamento anual m\u00e9dio de 509 hm.<\/p><p>\u00a0<\/p><p>f) Rio Sanhute \u2013 com uma capacidade de abastecimento de \u00e1gua de 40.000m3\/dia, para abastecimento da \u00e1rea da bacia de Nacala.<\/p><p><br \/>Grande parte das lagoas distribui-se pelos distritos costeiros, particularmente os da regi\u00e3o sul da Prov\u00edncia, com um grande potencial para aquacultura, irriga\u00e7\u00e3o e turismo.<\/p>\t\t\t\t\t\t<\/div>\n\t\t\t\t<\/div>\n\t\t\t\t\t<\/div>\n\t\t\t\t<\/div>\n\t\t\t\t\t<\/div>\n\t\t\t\t<\/div>\n\t\t\t\t<\/div>\n\t\t","protected":false},"excerpt":{"rendered":"<p>Recursos H\u00eddricos A Prov\u00edncia de Nampula tem grande potencial em recursos h\u00eddricos, gerados na sua totalidade dentro do pa\u00eds, na sua maioria sub-aproveitados para a promo\u00e7\u00e3o do desenvolvimento. Os recursos h\u00eddricos s\u00e3o representados essencialmente por rios e lagoas permanentes e peri\u00f3dicos. De uma forma geral, o potencial h\u00eddrico favorece a disponibilidade de \u00e1gua para v\u00e1rios [&hellip;]<\/p>\n","protected":false},"author":4,"featured_media":0,"parent":0,"menu_order":0,"comment_status":"closed","ping_status":"closed","template":"","meta":{"_monsterinsights_skip_tracking":false,"_monsterinsights_sitenote_active":false,"_monsterinsights_sitenote_note":"","_monsterinsights_sitenote_category":0,"footnotes":""},"aioseo_notices":[],"_links":{"self":[{"href":"http:\/\/www.sina.gov.mz\/index.php\/wp-json\/wp\/v2\/pages\/2190"}],"collection":[{"href":"http:\/\/www.sina.gov.mz\/index.php\/wp-json\/wp\/v2\/pages"}],"about":[{"href":"http:\/\/www.sina.gov.mz\/index.php\/wp-json\/wp\/v2\/types\/page"}],"author":[{"embeddable":true,"href":"http:\/\/www.sina.gov.mz\/index.php\/wp-json\/wp\/v2\/users\/4"}],"replies":[{"embeddable":true,"href":"http:\/\/www.sina.gov.mz\/index.php\/wp-json\/wp\/v2\/comments?post=2190"}],"version-history":[{"count":10,"href":"http:\/\/www.sina.gov.mz\/index.php\/wp-json\/wp\/v2\/pages\/2190\/revisions"}],"predecessor-version":[{"id":4458,"href":"http:\/\/www.sina.gov.mz\/index.php\/wp-json\/wp\/v2\/pages\/2190\/revisions\/4458"}],"wp:attachment":[{"href":"http:\/\/www.sina.gov.mz\/index.php\/wp-json\/wp\/v2\/media?parent=2190"}],"curies":[{"name":"wp","href":"https:\/\/api.w.org\/{rel}","templated":true}]}}