{"id":2268,"date":"2024-03-20T23:15:00","date_gmt":"2024-03-20T23:15:00","guid":{"rendered":"http:\/\/196.3.100.136\/sina\/?page_id=2268"},"modified":"2024-03-21T11:17:07","modified_gmt":"2024-03-21T11:17:07","slug":"__trashed-3","status":"publish","type":"page","link":"http:\/\/www.sina.gov.mz\/index.php\/__trashed-3\/","title":{"rendered":"EMBAIXADOR DA UNI\u00c3O EUROPEIA EM MO\u00c7AMBIQUE DE VISTA A PROV\u00cdNCIA DE NAMPULA"},"content":{"rendered":"\n<p>O Embaixador da Chefe de Delega\u00e7\u00e3o da Uni\u00e3o Europeia, Antonino Maggiore, manteve esta quarta-feira um encontro de cortesia com o secret\u00e1rio de estado de Nampula, Jaime Neto, no \u00e2mbito da visita de trabalho que efectua nesta regi\u00e3o.<\/p>\n\n\n\n<p>No encontro, o embaixador da UE disse que as tem\u00e1ticas de coopera\u00e7\u00e3o e parceria com Mo\u00e7ambique s\u00e3o na sua maioria em projectos de Desenvolvimento da vida s\u00f3cio-econ\u00f3mica da popula\u00e7\u00e3o, tendo destacado a juventude e emprego, estrada, educa\u00e7\u00e3o, electricidade, finan\u00e7as, Agricultura e gera\u00e7\u00e3o de neg\u00f3cios.<\/p>\n\n\n\n<p>A fonte disse que est\u00e1 em Nampula com a miss\u00e3o de monitorar o andamento dos projectos financiados pela UE e realiza\u00e7\u00e3o do Terceiro DI\u00c1LOGO SECTORIAL ENTRE GOVERNO DE MO\u00c7AMBIQUE E A UNI\u00c3O EUROPEIA SOBRE ECONOMIA, COM\u00c9RCIO E INVESTIMENTO, que ter\u00e1 lugar esta Sexta, 22 de Mar\u00e7o na Ilha de Mo\u00e7ambique.<\/p>\n\n\n\n<p>Ali\u00e1s, no encontro o embaixador garantiu o comprometimento da UE em continuar a prestar apoio ao pa\u00eds nas areas de defesa e seguran\u00e7a e ainda na assist\u00eancia humanaitria da popula\u00e7\u00e3o v\u00edtima do terrorismo em Cabo Delgado que se refugiam \u00e0 Prov\u00edncia de Nampula.<\/p>\n\n\n\n<p>E na interven\u00e7\u00e3o do Secret\u00e1rio de Estado de Nampula, Jaime Neto, fez primeiro a radiografia da situa\u00e7\u00e3o actual da Prov\u00edncia, tendo descrito de estavavel em termos de seguran\u00e7a.<\/p>\n\n\n\n<p>&#8220;Prova disso \u00e9 que a popula\u00e7\u00e3o deslocada de Cabo Delgado encontra lugares seguros aqui na nossa Prov\u00edncia&#8221; avan\u00e7ou Neto.<\/p>\n\n\n\n<p>Sobre esta situa\u00e7\u00e3o, o Secret\u00e1rio de Estado disse que h\u00e1 grande esfor\u00e7o do governo e parceiros, Nac\u00e7\u00f5es Unidas, incluindo a UE na minimiza\u00e7\u00e3o do sofrimento das fam\u00edlias deslocadas.<\/p>\n\n\n\n<p>Ademais Neto referiu que &#8221; as tem\u00e1ticas que a Uni\u00e3o Europeia est\u00e1 a liderar na coopera\u00e7\u00e3o com o pa\u00eds e em particular Nampula, concorrem para solu\u00e7\u00e3o dos problemas da popula\u00e7\u00e3o e s\u00e3o not\u00e1veis, exemplo de sistemas de finan\u00e7as a pequenos projectos de gera\u00e7\u00e3o de emprego de jovens&#8221;.<\/p>\n\n\n\n<p>Refira se que em Nampula, a equipa da Uni\u00e3o Europeia vai deslocar se a v\u00e1rios pontos onde est\u00e3o a ser implementados projectos de desenvolvimento as comunidades, financiados pela UE.<\/p>\n","protected":false},"excerpt":{"rendered":"<p>O Embaixador da Chefe de Delega\u00e7\u00e3o da Uni\u00e3o Europeia, Antonino Maggiore, manteve esta quarta-feira um encontro de cortesia com o secret\u00e1rio de estado de Nampula, Jaime Neto, no \u00e2mbito da visita de trabalho que efectua nesta regi\u00e3o. No encontro, o embaixador da UE disse que as tem\u00e1ticas de coopera\u00e7\u00e3o e parceria com Mo\u00e7ambique s\u00e3o na [&hellip;]<\/p>\n","protected":false},"author":4,"featured_media":2269,"parent":0,"menu_order":0,"comment_status":"closed","ping_status":"closed","template":"","meta":{"_monsterinsights_skip_tracking":false,"_monsterinsights_sitenote_active":false,"_monsterinsights_sitenote_note":"","_monsterinsights_sitenote_category":0,"footnotes":""},"aioseo_notices":[],"_links":{"self":[{"href":"http:\/\/www.sina.gov.mz\/index.php\/wp-json\/wp\/v2\/pages\/2268"}],"collection":[{"href":"http:\/\/www.sina.gov.mz\/index.php\/wp-json\/wp\/v2\/pages"}],"about":[{"href":"http:\/\/www.sina.gov.mz\/index.php\/wp-json\/wp\/v2\/types\/page"}],"author":[{"embeddable":true,"href":"http:\/\/www.sina.gov.mz\/index.php\/wp-json\/wp\/v2\/users\/4"}],"replies":[{"embeddable":true,"href":"http:\/\/www.sina.gov.mz\/index.php\/wp-json\/wp\/v2\/comments?post=2268"}],"version-history":[{"count":3,"href":"http:\/\/www.sina.gov.mz\/index.php\/wp-json\/wp\/v2\/pages\/2268\/revisions"}],"predecessor-version":[{"id":2273,"href":"http:\/\/www.sina.gov.mz\/index.php\/wp-json\/wp\/v2\/pages\/2268\/revisions\/2273"}],"wp:featuredmedia":[{"embeddable":true,"href":"http:\/\/www.sina.gov.mz\/index.php\/wp-json\/wp\/v2\/media\/2269"}],"wp:attachment":[{"href":"http:\/\/www.sina.gov.mz\/index.php\/wp-json\/wp\/v2\/media?parent=2268"}],"curies":[{"name":"wp","href":"https:\/\/api.w.org\/{rel}","templated":true}]}}