{"id":2594,"date":"2024-04-11T08:12:51","date_gmt":"2024-04-11T08:12:51","guid":{"rendered":"http:\/\/196.3.100.136\/sina\/?page_id=2594"},"modified":"2024-05-23T08:25:35","modified_gmt":"2024-05-23T08:25:35","slug":"malema","status":"publish","type":"page","link":"http:\/\/www.sina.gov.mz\/index.php\/malema\/","title":{"rendered":"Malema"},"content":{"rendered":"\t\t<div data-elementor-type=\"wp-page\" data-elementor-id=\"2594\" class=\"elementor elementor-2594\">\n\t\t\t\t<div class=\"elementor-element elementor-element-a4f4efd e-flex e-con-boxed e-con e-parent\" data-id=\"a4f4efd\" data-element_type=\"container\">\n\t\t\t\t\t<div class=\"e-con-inner\">\n\t\t\t\t<div class=\"elementor-element elementor-element-81f986c elementor-widget elementor-widget-image\" data-id=\"81f986c\" data-element_type=\"widget\" data-widget_type=\"image.default\">\n\t\t\t\t<div class=\"elementor-widget-container\">\n\t\t\t<style>\/*! elementor - v3.21.0 - 30-04-2024 *\/\n.elementor-widget-image{text-align:center}.elementor-widget-image a{display:inline-block}.elementor-widget-image a img[src$=\".svg\"]{width:48px}.elementor-widget-image img{vertical-align:middle;display:inline-block}<\/style>\t\t\t\t\t\t\t\t\t\t<img decoding=\"async\" src=\"http:\/\/www.sina.gov.mz\/wp-content\/uploads\/2024\/05\/Malema.png\" title=\"\" alt=\"\" loading=\"lazy\" \/>\t\t\t\t\t\t\t\t\t\t\t\t\t<\/div>\n\t\t\t\t<\/div>\n\t\t\t\t\t<\/div>\n\t\t\t\t<\/div>\n\t\t<div class=\"elementor-element elementor-element-b6677c8 e-flex e-con-boxed e-con e-parent\" data-id=\"b6677c8\" data-element_type=\"container\">\n\t\t\t\t\t<div class=\"e-con-inner\">\n\t\t<div class=\"elementor-element elementor-element-c5211cc e-flex e-con-boxed e-con e-child\" data-id=\"c5211cc\" data-element_type=\"container\">\n\t\t\t\t\t<div class=\"e-con-inner\">\n\t\t\t\t<div class=\"elementor-element elementor-element-d0b93c5 elementor-widget elementor-widget-text-editor\" data-id=\"d0b93c5\" data-element_type=\"widget\" data-widget_type=\"text-editor.default\">\n\t\t\t\t<div class=\"elementor-widget-container\">\n\t\t\t<style>\/*! elementor - v3.21.0 - 30-04-2024 *\/\n.elementor-widget-text-editor.elementor-drop-cap-view-stacked .elementor-drop-cap{background-color:#69727d;color:#fff}.elementor-widget-text-editor.elementor-drop-cap-view-framed .elementor-drop-cap{color:#69727d;border:3px solid;background-color:transparent}.elementor-widget-text-editor:not(.elementor-drop-cap-view-default) .elementor-drop-cap{margin-top:8px}.elementor-widget-text-editor:not(.elementor-drop-cap-view-default) .elementor-drop-cap-letter{width:1em;height:1em}.elementor-widget-text-editor .elementor-drop-cap{float:left;text-align:center;line-height:1;font-size:50px}.elementor-widget-text-editor .elementor-drop-cap-letter{display:inline-block}<\/style>\t\t\t\t<p><strong>Malema<\/strong> \u00e9 um distrito da prov\u00edncia de Nampula, em Mo\u00e7ambique, com sede na vila de Malema. Tem limite, a norte com os distritos de Nipepe e Ma\u00faa ambos da prov\u00edncia de Niassa, a noroeste com o distrito de Metarica tamb\u00e9m da prov\u00edncia de Niassa, a oeste com o distrito de Cuamba ainda da prov\u00edncia de Niassa, a sul com os distritos de Gur\u00fa\u00e8 e Alto Mol\u00f3cue da prov\u00edncia da Zamb\u00e9zia, e a este com os distritos de Ribau\u00e9 e Lalaua.<\/p><p><strong>Geografia<\/strong><\/p><p>O distrito tem uma \u00e1rea de 6\u00a0082\u00a0km\u00b2, com um relevo acidentado e altitudes que variam entre os 300 e os 1\u00a0800 metros e solos de origem metam\u00f3rfica. O ponto mais alto \u00e9 o Monte Murripa com 1\u00a0870\u00a0m. O distrito tem um clima tropical h\u00famido. Dos numeroso cursos de \u00e1gua do distrito importa salientar o rio Malema, um rio perene e que d\u00e1 o nome ao distrito e \u00e0 sua capital. Outro rio importante \u00e9 o Nalumo, na regi\u00e3o de Mutuali e que tamb\u00e9m \u00e9 um afluente do L\u00fario, rio que forma o limite norte e oeste do distrito e que tamb\u00e9m \u00e9 um limite entre as prov\u00edncias de Nampula e Niassa.<a href=\"https:\/\/pt.wikipedia.org\/wiki\/Malema_(distrito)#cite_note-perfil-1\"><sup>\u00a0\u00a0\u00a0 <\/sup><\/a>\u00a0<\/p><p><strong>Hist\u00f3ria<\/strong><\/p><p>A g\u00e9nese do distrito de Malema come\u00e7a com a ocupa\u00e7\u00e3o colonial do ent\u00e3o distrito de Mo\u00e7ambique (actual prov\u00edncia de Nampula) em 1906. Assim, as primeiras estruturas administrativas foram de natureza militar. At\u00e9 1914, a regi\u00e3o interior da prov\u00edncia constitu\u00eda a Capitania da Macuana Interior. Com a progress\u00e3o da conquista, foi formada, nesse ano, a Capitania-Mor do Alto L\u00fario, que inclu\u00eda, desde 1912, o Posto Militar de Entre-Rios (Malema). A capitania-mor foi extinta em 1917, tendo sido criados, em sua substitui\u00e7\u00e3o, v\u00e1rios comandos militares, entre os quais o Comando Militar de Malema. Com a conclus\u00e3o da conquista militar, os comandos militares foram transformados em circunscri\u00e7\u00f5es civis, nascendo ent\u00e3o a Circunscri\u00e7\u00e3o de Malema.<a href=\"https:\/\/pt.wikipedia.org\/wiki\/Malema_(distrito)#cite_note-Hist\u00f3ria-2\"><sup>\u00a0 <\/sup><\/a>\u00a0Em Agosto de 1913 foi estabelecido o Posto Militar de Mutuali (actual posto administrativo), parte do Comando Militar de Malema.<a href=\"https:\/\/pt.wikipedia.org\/wiki\/Malema_(distrito)#cite_note-Boletim-3\"><sup>\u00a0\u00a0\u00a0 <\/sup><\/a>\u00a0Estas estruturas administrativas substitu\u00edram unidades pol\u00edticas locais, sendo que alguns dos chefes macuas conhecidos da regi\u00e3o de Malema eram Avarra, Malaia, Macalia, Muimela, Namecuna, e Mutala.<a href=\"https:\/\/pt.wikipedia.org\/wiki\/Malema_(distrito)#cite_note-Hist\u00f3ria-2\"><sup>\u00a0 <\/sup><\/a>\u00a0<\/p><p>A Guerra Civil que assolou o pa\u00eds a partir de 1977 acabou por atingir o distrito em 1984, quando decorreram as primeira ac\u00e7\u00f5es militares dos guerrilheiros da RENAMO. Estas atingiram primeiramente o posto administrativo de Mutali, mas acabaram por afectar todo o distrito, a partir de algumas bases criadas pela RENAMO no distrito. A vila de Malema foi atacada e ocupada pela RENAMO durante tr\u00eas dias em Fevereiro de 1987 e continuou a ser atacada esporadicamente at\u00e9 Novembro de 1988. No entanto, os principais alvos da guerrilha eram as infraestruturas, especialmente a ferrovia que cruza o distrito e as aldeias comunais criadas pelo governo. Al\u00e9m da destrui\u00e7\u00e3o f\u00edsica, o conflito causou a movimenta\u00e7\u00e3o da popula\u00e7\u00e3o rural em busca de refugio em locais mais seguros, especialmente na vila de Malema e seus arredores.<a href=\"https:\/\/pt.wikipedia.org\/wiki\/Malema_(distrito)#cite_note-Boletim-3\"><sup>\u00a0\u00a0\u00a0 <\/sup><\/a>\u00a0<\/p><p>Com o alvor da independ\u00eancia, as circunscri\u00e7\u00f5es foram transformadas em concelhos pelo Decreto n\u00ba 59\/74 de 27 de Julho e finalmente atrav\u00e9s do Decreto-lei n\u00ba 6\/75 de 18 de Janeiro os concelhos passam a denominar-se distritos, formando-se ent\u00e3o o Distrito de Malema.<sup>\u00a0\u00a0 <\/sup>\u00a0<\/p><p><strong>Demografia<\/strong><\/p><p>De acordo com os resultados finais do Censo de 2017, o distrito tem 213\u00a0011 habitantes<a href=\"https:\/\/pt.wikipedia.org\/wiki\/Malema_(distrito)#cite_note-INE_01-5\"><sup>\u00a0\u00a0 <\/sup><\/a>\u00a0numa \u00e1rea de 6\u00a0082\u00a0km\u00b2, o que resulta numa densidade populacional de 35 habitantes por km\u00b2. A popula\u00e7\u00e3o registada no \u00faltimo censo representa um aumento de 26% em rela\u00e7\u00e3o aos 169\u00a0079 habitantes contabilizados no Censo de 2007.<a href=\"https:\/\/pt.wikipedia.org\/wiki\/Malema_(distrito)#cite_note-INE_02-7\"><sup>\u00a0 <\/sup><\/a>\u00a0<\/p><table><tbody><tr><td colspan=\"9\"><p><strong>Popula\u00e7\u00e3o do distrito de Malema<\/strong><a href=\"https:\/\/pt.wikipedia.org\/wiki\/Malema_(distrito)#cite_note-INE_01-5\"><strong><sup>\u00a0\u00a0 <\/sup><\/strong><\/a><a href=\"https:\/\/pt.wikipedia.org\/wiki\/Malema_(distrito)#cite_note-INE_02-7\"><strong><sup>\u00a0\u00a0<\/sup><\/strong><\/a><strong>\u00a0<\/strong><\/p><\/td><\/tr><tr><td><p>1997<\/p><\/td><td><p>2007<\/p><\/td><td><p>2017<\/p><\/td><td>\u00a0<\/td><td>\u00a0<\/td><td>\u00a0<\/td><td>\u00a0<\/td><td>\u00a0<\/td><td>\u00a0<\/td><\/tr><tr><td><p>128\u00a0732<\/p><\/td><td><p>169\u00a0079<\/p><\/td><td><p>213\u00a0011<\/p><\/td><td>\u00a0<\/td><td>\u00a0<\/td><td>\u00a0<\/td><td>\u00a0<\/td><td>\u00a0<\/td><td>\u00a0<\/td><\/tr><\/tbody><\/table><p>O distrito \u00e9 habitado maioritariamente pelo grupo \u00e9tnico macua, cuja l\u00edngua era materna de 63% da popula\u00e7\u00e3o em 1997.<a href=\"https:\/\/pt.wikipedia.org\/wiki\/Malema_(distrito)#cite_note-perfil-1\"><sup>\u00a0\u00a0\u00a0 <\/sup><\/a>\u00a0A religi\u00e3o dominante em 2012 era a cat\u00f3lica seguida por 46,3% da popula\u00e7\u00e3o, com uma minoria substancial de evang\u00e9licos (15,6%) e 18,1% sem religi\u00e3o.<\/p><p><strong>Divis\u00e3o administrativa<\/strong><\/p><p>O distrito est\u00e1 dividido em tr\u00eas postos administrativos: Chuhulo, Malema e Mutuali, compostos pelas seguintes localidades:<sup>\u00a0\u00a0\u00a0 <\/sup>\u00a0<\/p><ul><li>Posto Administrativo de Chuhulo:<ul><li>Chuhulo<\/li><\/ul><\/li><li>Posto Administrativo de Malema:<ul><li>Malema<\/li><li>Muralelo<\/li><li>Nataleia<\/li><li>Nioce<\/li><\/ul><\/li><li>Posto Administrativo de Mutuali:<ul><li>Mutuali<\/li><li>Chipaca<\/li><\/ul><\/li><\/ul><p><strong>Economia<\/strong><\/p><p>A actividade econ\u00f3mica dominante no distrito \u00e9 a agricultura, envolvendo a quase totalidade da popula\u00e7\u00e3o (94%), com apenas 2% da popula\u00e7\u00e3o activa no sector secund\u00e1rio e 4% no terci\u00e1rio.<a href=\"https:\/\/pt.wikipedia.org\/wiki\/Malema_(distrito)#cite_note-perfil-1\"><sup>\u00a0\u00a0\u00a0 <\/sup><\/a>\u00a0A maior parte da produ\u00e7\u00e3o agr\u00edcola \u00e9 de sequeiro para auto-sustento, mas existem pequenos sistemas de irriga\u00e7\u00e3o que permitem a produ\u00e7\u00e3o ar\u00edcola ao longo de todo o ano, granjeando ao distrito o t\u00edtulo de &#8220;celeiro&#8221; da prov\u00edncia de Nampula.<a href=\"https:\/\/pt.wikipedia.org\/wiki\/Malema_(distrito)#cite_note-8\"><sup>\u00a0\u00a0 <\/sup><\/a>\u00a0Comercialmente, s\u00e3o cultivados o <a href=\"https:\/\/pt.wikipedia.org\/wiki\/Tabaco\">tabaco<\/a><a href=\"https:\/\/pt.wikipedia.org\/wiki\/Malema_(distrito)#cite_note-9\"><sup>[9]<\/sup><\/a> e o algod\u00e3o. As principais culturas aliment\u00edcias s\u00e3o: mandioca, a principal, mais a milho, mapira e feij\u00e3o. O distrito tem vastos recursos florestais, nomeadamente as esp\u00e9cies umbila, chanfuta, pau-preto e umbaia. A sector industrial \u00e9 limitado, limitando-se ao processamento de algod\u00e3o e a unidades moageiras.<a href=\"https:\/\/pt.wikipedia.org\/wiki\/Malema_(distrito)#cite_note-perfil-1\"><sup>\u00a0\u00a0\u00a0 <\/sup><\/a>\u00a0<\/p><p>De acordo com o Inqu\u00e9rito Agr\u00e1rio Integrado de 2020, o distrito produziu o seguinte nas culturas selecionadas:<a href=\"https:\/\/pt.wikipedia.org\/wiki\/Malema_(distrito)#cite_note-10\"><sup>\u00a0\u00a0\u00a0 <\/sup><\/a>\u00a0<\/p><table><tbody><tr><td><p><strong>Cultura <\/strong><\/p><\/td><td><p><strong>Produ\u00e7\u00e3o<br \/>(toneladas) <\/strong><\/p><\/td><\/tr><tr><td><p>Milho<\/p><\/td><td><p>17\u00a0241<\/p><\/td><\/tr><tr><td><p>Feij\u00e3o<\/p><\/td><td><p>2\u00a0110<\/p><\/td><\/tr><tr><td><p>Soja<\/p><\/td><td><p>228<\/p><\/td><\/tr><tr><td><p>Arroz<\/p><\/td><td><p>106<\/p><\/td><\/tr><\/tbody><\/table><p>O mesmo inqu\u00e9rito arrolou 1\u00a0275 cabe\u00e7as de gado bovino.<\/p>\t\t\t\t\t\t<\/div>\n\t\t\t\t<\/div>\n\t\t\t\t\t<\/div>\n\t\t\t\t<\/div>\n\t\t\t\t\t<\/div>\n\t\t\t\t<\/div>\n\t\t<div class=\"elementor-element elementor-element-28b79b7 e-flex e-con-boxed e-con e-parent\" data-id=\"28b79b7\" data-element_type=\"container\">\n\t\t\t\t\t<div class=\"e-con-inner\">\n\t\t<div class=\"elementor-element elementor-element-02f4aa5 e-con-full e-flex e-con e-child\" data-id=\"02f4aa5\" data-element_type=\"container\">\n\t\t\t\t<div class=\"elementor-element elementor-element-1ccf198 elementor-widget elementor-widget-text-editor\" data-id=\"1ccf198\" data-element_type=\"widget\" data-widget_type=\"text-editor.default\">\n\t\t\t\t<div class=\"elementor-widget-container\">\n\t\t\t\t\t\t\t<h5><a href=\"http:\/\/www.sina.gov.mz\/wp-content\/uploads\/2024\/05\/Malema.pdf\">Para mais informa\u00e7\u00f5es do distrito de Malema <span style=\"text-decoration: underline;\">clique aqui<\/span><\/a><\/h5>\t\t\t\t\t\t<\/div>\n\t\t\t\t<\/div>\n\t\t\t\t<\/div>\n\t\t<div class=\"elementor-element elementor-element-a826e8e e-con-full e-flex e-con e-child\" data-id=\"a826e8e\" data-element_type=\"container\">\n\t\t\t\t<div class=\"elementor-element elementor-element-585894a elementor-align-left elementor-icon-list--layout-traditional elementor-list-item-link-full_width elementor-widget elementor-widget-icon-list\" data-id=\"585894a\" data-element_type=\"widget\" data-widget_type=\"icon-list.default\">\n\t\t\t\t<div class=\"elementor-widget-container\">\n\t\t\t<link rel=\"stylesheet\" href=\"http:\/\/www.sina.gov.mz\/wp-content\/plugins\/elementor\/assets\/css\/widget-icon-list.min.css\">\t\t<ul class=\"elementor-icon-list-items\">\n\t\t\t\t\t\t\t<li class=\"elementor-icon-list-item\">\n\t\t\t\t\t\t\t\t\t\t\t<a href=\"http:\/\/www.sina.gov.mz\/wp-content\/uploads\/2024\/05\/Malema.pdf\">\n\n\t\t\t\t\t\t\t\t\t\t\t\t<span class=\"elementor-icon-list-icon\">\n\t\t\t\t\t\t\t<svg aria-hidden=\"true\" class=\"e-font-icon-svg e-fas-download\" viewBox=\"0 0 512 512\" xmlns=\"http:\/\/www.w3.org\/2000\/svg\"><path d=\"M216 0h80c13.3 0 24 10.7 24 24v168h87.7c17.8 0 26.7 21.5 14.1 34.1L269.7 378.3c-7.5 7.5-19.8 7.5-27.3 0L90.1 226.1c-12.6-12.6-3.7-34.1 14.1-34.1H192V24c0-13.3 10.7-24 24-24zm296 376v112c0 13.3-10.7 24-24 24H24c-13.3 0-24-10.7-24-24V376c0-13.3 10.7-24 24-24h146.7l49 49c20.1 20.1 52.5 20.1 72.6 0l49-49H488c13.3 0 24 10.7 24 24zm-124 88c0-11-9-20-20-20s-20 9-20 20 9 20 20 20 20-9 20-20zm64 0c0-11-9-20-20-20s-20 9-20 20 9 20 20 20 20-9 20-20z\"><\/path><\/svg>\t\t\t\t\t\t<\/span>\n\t\t\t\t\t\t\t\t\t\t<span class=\"elementor-icon-list-text\"><\/span>\n\t\t\t\t\t\t\t\t\t\t\t<\/a>\n\t\t\t\t\t\t\t\t\t<\/li>\n\t\t\t\t\t\t<\/ul>\n\t\t\t\t<\/div>\n\t\t\t\t<\/div>\n\t\t\t\t<\/div>\n\t\t\t\t\t<\/div>\n\t\t\t\t<\/div>\n\t\t\t\t<\/div>\n\t\t","protected":false},"excerpt":{"rendered":"<p>Malema \u00e9 um distrito da prov\u00edncia de Nampula, em Mo\u00e7ambique, com sede na vila de Malema. Tem limite, a norte com os distritos de Nipepe e Ma\u00faa ambos da prov\u00edncia de Niassa, a noroeste com o distrito de Metarica tamb\u00e9m da prov\u00edncia de Niassa, a oeste com o distrito de Cuamba ainda da prov\u00edncia de [&hellip;]<\/p>\n","protected":false},"author":2,"featured_media":0,"parent":0,"menu_order":0,"comment_status":"closed","ping_status":"closed","template":"","meta":{"_monsterinsights_skip_tracking":false,"_monsterinsights_sitenote_active":false,"_monsterinsights_sitenote_note":"","_monsterinsights_sitenote_category":0,"footnotes":""},"aioseo_notices":[],"_links":{"self":[{"href":"http:\/\/www.sina.gov.mz\/index.php\/wp-json\/wp\/v2\/pages\/2594"}],"collection":[{"href":"http:\/\/www.sina.gov.mz\/index.php\/wp-json\/wp\/v2\/pages"}],"about":[{"href":"http:\/\/www.sina.gov.mz\/index.php\/wp-json\/wp\/v2\/types\/page"}],"author":[{"embeddable":true,"href":"http:\/\/www.sina.gov.mz\/index.php\/wp-json\/wp\/v2\/users\/2"}],"replies":[{"embeddable":true,"href":"http:\/\/www.sina.gov.mz\/index.php\/wp-json\/wp\/v2\/comments?post=2594"}],"version-history":[{"count":7,"href":"http:\/\/www.sina.gov.mz\/index.php\/wp-json\/wp\/v2\/pages\/2594\/revisions"}],"predecessor-version":[{"id":4127,"href":"http:\/\/www.sina.gov.mz\/index.php\/wp-json\/wp\/v2\/pages\/2594\/revisions\/4127"}],"wp:attachment":[{"href":"http:\/\/www.sina.gov.mz\/index.php\/wp-json\/wp\/v2\/media?parent=2594"}],"curies":[{"name":"wp","href":"https:\/\/api.w.org\/{rel}","templated":true}]}}