{"id":2597,"date":"2024-04-11T08:14:21","date_gmt":"2024-04-11T08:14:21","guid":{"rendered":"http:\/\/196.3.100.136\/sina\/?page_id=2597"},"modified":"2024-05-23T10:08:51","modified_gmt":"2024-05-23T10:08:51","slug":"lalaua","status":"publish","type":"page","link":"http:\/\/www.sina.gov.mz\/index.php\/lalaua\/","title":{"rendered":"Lalaua"},"content":{"rendered":"\t\t<div data-elementor-type=\"wp-page\" data-elementor-id=\"2597\" class=\"elementor elementor-2597\">\n\t\t\t\t<div class=\"elementor-element elementor-element-8253428 e-flex e-con-boxed e-con e-parent\" data-id=\"8253428\" data-element_type=\"container\">\n\t\t\t\t\t<div class=\"e-con-inner\">\n\t\t\t\t<div class=\"elementor-element elementor-element-19c15ed elementor-widget elementor-widget-image\" data-id=\"19c15ed\" data-element_type=\"widget\" data-widget_type=\"image.default\">\n\t\t\t\t<div class=\"elementor-widget-container\">\n\t\t\t<style>\/*! elementor - v3.21.0 - 30-04-2024 *\/\n.elementor-widget-image{text-align:center}.elementor-widget-image a{display:inline-block}.elementor-widget-image a img[src$=\".svg\"]{width:48px}.elementor-widget-image img{vertical-align:middle;display:inline-block}<\/style>\t\t\t\t\t\t\t\t\t\t<img decoding=\"async\" src=\"http:\/\/www.sina.gov.mz\/wp-content\/uploads\/2024\/05\/lalaua.png\" title=\"\" alt=\"\" loading=\"lazy\" \/>\t\t\t\t\t\t\t\t\t\t\t\t\t<\/div>\n\t\t\t\t<\/div>\n\t\t\t\t\t<\/div>\n\t\t\t\t<\/div>\n\t\t<div class=\"elementor-element elementor-element-ad13574 e-flex e-con-boxed e-con e-parent\" data-id=\"ad13574\" data-element_type=\"container\">\n\t\t\t\t\t<div class=\"e-con-inner\">\n\t\t<div class=\"elementor-element elementor-element-41b076e e-flex e-con-boxed e-con e-child\" data-id=\"41b076e\" data-element_type=\"container\">\n\t\t\t\t\t<div class=\"e-con-inner\">\n\t\t\t\t<div class=\"elementor-element elementor-element-f1f9d2f elementor-widget elementor-widget-text-editor\" data-id=\"f1f9d2f\" data-element_type=\"widget\" data-widget_type=\"text-editor.default\">\n\t\t\t\t<div class=\"elementor-widget-container\">\n\t\t\t<style>\/*! elementor - v3.21.0 - 30-04-2024 *\/\n.elementor-widget-text-editor.elementor-drop-cap-view-stacked .elementor-drop-cap{background-color:#69727d;color:#fff}.elementor-widget-text-editor.elementor-drop-cap-view-framed .elementor-drop-cap{color:#69727d;border:3px solid;background-color:transparent}.elementor-widget-text-editor:not(.elementor-drop-cap-view-default) .elementor-drop-cap{margin-top:8px}.elementor-widget-text-editor:not(.elementor-drop-cap-view-default) .elementor-drop-cap-letter{width:1em;height:1em}.elementor-widget-text-editor .elementor-drop-cap{float:left;text-align:center;line-height:1;font-size:50px}.elementor-widget-text-editor .elementor-drop-cap-letter{display:inline-block}<\/style>\t\t\t\t<p><strong>Lalaua<\/strong> \u00e9 um distrito da prov\u00edncia de Nampula, em Mo\u00e7ambique, com sede na localidade de Lalaua. Tem limite, a norte com os distritos de Namuno e Balama ambos da prov\u00edncia de Cabo Delgado, a noroeste com o distrito de Nipepe da prov\u00edncia do Niassa, a oeste com o distrito de Malema, a sul com o distrito de Ribau\u00e9, e a leste com o distrito de Mecub\u00fari.<\/p><p><strong>Demografia<\/strong><\/p><p>Em 2007, o Censo indicou uma popula\u00e7\u00e3o de 73\u00a0536 residentes. Com uma \u00e1rea de 4378\u00a0 km\u00b2, a densidade populacional rondava os 16,8\u00a0habitantes por km\u00b2.<sup>\u00a0\u00a0\u00a0 <\/sup>\u00a0<\/p><p>De acordo com o Censo de 1997, o distrito tinha 55\u00a0912 habitantes, daqui resultando uma densidade populacional de 12,8\u00a0habitantes por km\u00b2.<\/p><p><strong>Divis\u00e3o administrativa<\/strong><\/p><p>O distrito est\u00e1 dividido em dois postos administrativos (Lalaua e Meti), compostos pelas seguintes localidades:<\/p><ul><li>Posto Administrativo de Lalaua:<ul><li>Lalaua<\/li><li>L\u00fario<\/li><\/ul><\/li><li>Posto Administrativo de Meti:<ul><li>Meti<\/li><li>Naquessa 2<\/li><\/ul><\/li><\/ul>\t\t\t\t\t\t<\/div>\n\t\t\t\t<\/div>\n\t\t\t\t\t<\/div>\n\t\t\t\t<\/div>\n\t\t\t\t\t<\/div>\n\t\t\t\t<\/div>\n\t\t<div class=\"elementor-element elementor-element-3549931 e-flex e-con-boxed e-con e-parent\" data-id=\"3549931\" data-element_type=\"container\">\n\t\t\t\t\t<div class=\"e-con-inner\">\n\t\t<div class=\"elementor-element elementor-element-378568d e-con-full e-flex e-con e-child\" data-id=\"378568d\" data-element_type=\"container\">\n\t\t\t\t<div class=\"elementor-element elementor-element-6b1ad70 elementor-widget elementor-widget-text-editor\" data-id=\"6b1ad70\" data-element_type=\"widget\" data-widget_type=\"text-editor.default\">\n\t\t\t\t<div class=\"elementor-widget-container\">\n\t\t\t\t\t\t\t<h5><a href=\"http:\/\/www.sina.gov.mz\/wp-content\/uploads\/2024\/05\/Lalaua.pdf\">Para mais informa\u00e7\u00f5es do distrito de Lalaua <span style=\"text-decoration: underline;\">clique aqui<\/span><\/a><\/h5>\t\t\t\t\t\t<\/div>\n\t\t\t\t<\/div>\n\t\t\t\t<\/div>\n\t\t<div class=\"elementor-element elementor-element-9d8fb15 e-con-full e-flex e-con e-child\" data-id=\"9d8fb15\" data-element_type=\"container\">\n\t\t\t\t<div class=\"elementor-element elementor-element-d9c6876 elementor-align-left elementor-icon-list--layout-traditional elementor-list-item-link-full_width elementor-widget elementor-widget-icon-list\" data-id=\"d9c6876\" data-element_type=\"widget\" data-widget_type=\"icon-list.default\">\n\t\t\t\t<div class=\"elementor-widget-container\">\n\t\t\t<link rel=\"stylesheet\" href=\"http:\/\/www.sina.gov.mz\/wp-content\/plugins\/elementor\/assets\/css\/widget-icon-list.min.css\">\t\t<ul class=\"elementor-icon-list-items\">\n\t\t\t\t\t\t\t<li class=\"elementor-icon-list-item\">\n\t\t\t\t\t\t\t\t\t\t\t<a href=\"http:\/\/www.sina.gov.mz\/wp-content\/uploads\/2024\/05\/Lalaua.pdf\">\n\n\t\t\t\t\t\t\t\t\t\t\t\t<span class=\"elementor-icon-list-icon\">\n\t\t\t\t\t\t\t<svg aria-hidden=\"true\" class=\"e-font-icon-svg e-fas-download\" viewBox=\"0 0 512 512\" xmlns=\"http:\/\/www.w3.org\/2000\/svg\"><path d=\"M216 0h80c13.3 0 24 10.7 24 24v168h87.7c17.8 0 26.7 21.5 14.1 34.1L269.7 378.3c-7.5 7.5-19.8 7.5-27.3 0L90.1 226.1c-12.6-12.6-3.7-34.1 14.1-34.1H192V24c0-13.3 10.7-24 24-24zm296 376v112c0 13.3-10.7 24-24 24H24c-13.3 0-24-10.7-24-24V376c0-13.3 10.7-24 24-24h146.7l49 49c20.1 20.1 52.5 20.1 72.6 0l49-49H488c13.3 0 24 10.7 24 24zm-124 88c0-11-9-20-20-20s-20 9-20 20 9 20 20 20 20-9 20-20zm64 0c0-11-9-20-20-20s-20 9-20 20 9 20 20 20 20-9 20-20z\"><\/path><\/svg>\t\t\t\t\t\t<\/span>\n\t\t\t\t\t\t\t\t\t\t<span class=\"elementor-icon-list-text\"><\/span>\n\t\t\t\t\t\t\t\t\t\t\t<\/a>\n\t\t\t\t\t\t\t\t\t<\/li>\n\t\t\t\t\t\t<\/ul>\n\t\t\t\t<\/div>\n\t\t\t\t<\/div>\n\t\t\t\t<\/div>\n\t\t\t\t\t<\/div>\n\t\t\t\t<\/div>\n\t\t\t\t<\/div>\n\t\t","protected":false},"excerpt":{"rendered":"<p>Lalaua \u00e9 um distrito da prov\u00edncia de Nampula, em Mo\u00e7ambique, com sede na localidade de Lalaua. Tem limite, a norte com os distritos de Namuno e Balama ambos da prov\u00edncia de Cabo Delgado, a noroeste com o distrito de Nipepe da prov\u00edncia do Niassa, a oeste com o distrito de Malema, a sul com o [&hellip;]<\/p>\n","protected":false},"author":2,"featured_media":0,"parent":0,"menu_order":0,"comment_status":"closed","ping_status":"closed","template":"","meta":{"_monsterinsights_skip_tracking":false,"_monsterinsights_sitenote_active":false,"_monsterinsights_sitenote_note":"","_monsterinsights_sitenote_category":0,"footnotes":""},"aioseo_notices":[],"_links":{"self":[{"href":"http:\/\/www.sina.gov.mz\/index.php\/wp-json\/wp\/v2\/pages\/2597"}],"collection":[{"href":"http:\/\/www.sina.gov.mz\/index.php\/wp-json\/wp\/v2\/pages"}],"about":[{"href":"http:\/\/www.sina.gov.mz\/index.php\/wp-json\/wp\/v2\/types\/page"}],"author":[{"embeddable":true,"href":"http:\/\/www.sina.gov.mz\/index.php\/wp-json\/wp\/v2\/users\/2"}],"replies":[{"embeddable":true,"href":"http:\/\/www.sina.gov.mz\/index.php\/wp-json\/wp\/v2\/comments?post=2597"}],"version-history":[{"count":7,"href":"http:\/\/www.sina.gov.mz\/index.php\/wp-json\/wp\/v2\/pages\/2597\/revisions"}],"predecessor-version":[{"id":4123,"href":"http:\/\/www.sina.gov.mz\/index.php\/wp-json\/wp\/v2\/pages\/2597\/revisions\/4123"}],"wp:attachment":[{"href":"http:\/\/www.sina.gov.mz\/index.php\/wp-json\/wp\/v2\/media?parent=2597"}],"curies":[{"name":"wp","href":"https:\/\/api.w.org\/{rel}","templated":true}]}}