{"id":2605,"date":"2024-04-11T08:16:41","date_gmt":"2024-04-11T08:16:41","guid":{"rendered":"http:\/\/196.3.100.136\/sina\/?page_id=2605"},"modified":"2024-05-23T07:44:28","modified_gmt":"2024-05-23T07:44:28","slug":"erati","status":"publish","type":"page","link":"http:\/\/www.sina.gov.mz\/index.php\/erati\/","title":{"rendered":"Er\u00e1ti"},"content":{"rendered":"\t\t<div data-elementor-type=\"wp-page\" data-elementor-id=\"2605\" class=\"elementor elementor-2605\">\n\t\t\t\t<div class=\"elementor-element elementor-element-09144c7 e-flex e-con-boxed e-con e-parent\" data-id=\"09144c7\" data-element_type=\"container\">\n\t\t\t\t\t<div class=\"e-con-inner\">\n\t\t\t\t<div class=\"elementor-element elementor-element-914bd77 elementor-widget elementor-widget-image\" data-id=\"914bd77\" data-element_type=\"widget\" data-widget_type=\"image.default\">\n\t\t\t\t<div class=\"elementor-widget-container\">\n\t\t\t<style>\/*! elementor - v3.21.0 - 30-04-2024 *\/\n.elementor-widget-image{text-align:center}.elementor-widget-image a{display:inline-block}.elementor-widget-image a img[src$=\".svg\"]{width:48px}.elementor-widget-image img{vertical-align:middle;display:inline-block}<\/style>\t\t\t\t\t\t\t\t\t\t<img decoding=\"async\" src=\"http:\/\/www.sina.gov.mz\/wp-content\/uploads\/2024\/05\/erati.png\" title=\"\" alt=\"\" loading=\"lazy\" \/>\t\t\t\t\t\t\t\t\t\t\t\t\t<\/div>\n\t\t\t\t<\/div>\n\t\t\t\t\t<\/div>\n\t\t\t\t<\/div>\n\t\t<div class=\"elementor-element elementor-element-0f5a28a e-flex e-con-boxed e-con e-parent\" data-id=\"0f5a28a\" data-element_type=\"container\">\n\t\t\t\t\t<div class=\"e-con-inner\">\n\t\t<div class=\"elementor-element elementor-element-9acb0ec e-flex e-con-boxed e-con e-child\" data-id=\"9acb0ec\" data-element_type=\"container\">\n\t\t\t\t\t<div class=\"e-con-inner\">\n\t\t\t\t<div class=\"elementor-element elementor-element-af4a75a elementor-widget elementor-widget-text-editor\" data-id=\"af4a75a\" data-element_type=\"widget\" data-widget_type=\"text-editor.default\">\n\t\t\t\t<div class=\"elementor-widget-container\">\n\t\t\t<style>\/*! elementor - v3.21.0 - 30-04-2024 *\/\n.elementor-widget-text-editor.elementor-drop-cap-view-stacked .elementor-drop-cap{background-color:#69727d;color:#fff}.elementor-widget-text-editor.elementor-drop-cap-view-framed .elementor-drop-cap{color:#69727d;border:3px solid;background-color:transparent}.elementor-widget-text-editor:not(.elementor-drop-cap-view-default) .elementor-drop-cap{margin-top:8px}.elementor-widget-text-editor:not(.elementor-drop-cap-view-default) .elementor-drop-cap-letter{width:1em;height:1em}.elementor-widget-text-editor .elementor-drop-cap{float:left;text-align:center;line-height:1;font-size:50px}.elementor-widget-text-editor .elementor-drop-cap-letter{display:inline-block}<\/style>\t\t\t\t<p>Er\u00e1ti, tamb\u00e9m conhecido como Namapa-Er\u00e1ti, \u00e9 um distrito da prov\u00edncia de Nampula, em Mo\u00e7ambique, com sede na vila de Namapa. Tem limite, a norte com o distrito de Chi\u00fare da prov\u00edncia de Cabo Delgado, a oeste com o distrito de Mecub\u00fari, a sul com os distritos de Muecate e Nacar\u00f4a, e a este com o distrito de Memba.<\/p><p>Demografia<\/p><p>De acordo com os resultados finais do Censo de 2017, o distrito tem 387 713 habitantes<a href=\"https:\/\/pt.wikipedia.org\/wiki\/Er%C3%A1ti_(distrito)#cite_note-INE_01-1\"><sup>\u00a0 <\/sup><\/a>\u00a0numa \u00e1rea de 5 773 km\u00b2,<a href=\"https:\/\/pt.wikipedia.org\/wiki\/Er%C3%A1ti_(distrito)#cite_note-Estat%C3%ADsticas-2\"><sup>\u00a0 <\/sup><\/a>\u00a0o que resulta numa densidade populacional de 67 habitantes por km\u00b2. A popula\u00e7\u00e3o registada no \u00faltimo censo representa um aumento de 51% em rela\u00e7\u00e3o aos 256 715 habitantes contabilizados no Censo de 2007.<a href=\"https:\/\/pt.wikipedia.org\/wiki\/Er%C3%A1ti_(distrito)#cite_note-INE_02-3\"><sup>\u00a0 <\/sup><\/a><\/p><p>O distrito \u00e9 habitado maioritariamente pelo grupo \u00e9tnico macua, cuja l\u00edngua era materna de 95% da popula\u00e7\u00e3o em 2007.<a href=\"https:\/\/pt.wikipedia.org\/wiki\/Er%C3%A1ti_(distrito)#cite_note-Perfil-5\"><sup>\u00a0 <\/sup><\/a>\u00a0As religi\u00f5es dominantes em 2012 eram a cat\u00f3lica seguida por 53,4% da popula\u00e7\u00e3o, e a isl\u00e2mica por 40,3%.<a href=\"https:\/\/pt.wikipedia.org\/wiki\/Er%C3%A1ti_(distrito)#cite_note-Estat%C3%ADsticas-2\"><sup>\u00a0 <\/sup><\/a><\/p><p>Hist\u00f3ria<\/p><p>O nome Er\u00e1ti prov\u00e9m do nome de uma montanha situada no posto administrativo de Namiroa, onde foi sepultado o r\u00e9gulo Komala que lutou contra a penetra\u00e7\u00e3o colonial portuguesa.<\/p><p>O distrito foi criado em 1986 com o nome de Namapa, a partir de territ\u00f3rio do ent\u00e3o distrito de Er\u00e1ti (hoje Nacar\u00f4a).<a href=\"https:\/\/pt.wikipedia.org\/wiki\/Er%C3%A1ti_(distrito)#cite_note-7\"><sup>\u00a0 <\/sup><\/a>\u00a0O nome original foi alterado para Er\u00e1ti em 1994, na mesma ocasi\u00e3o em que o at\u00e9 ent\u00e3o distrito de Er\u00e1ti teve o seu nome modificado para Nacar\u00f4a.<a href=\"https:\/\/pt.wikipedia.org\/wiki\/Er%C3%A1ti_(distrito)#cite_note-8\"><sup>\u00a0 <\/sup><\/a><\/p><p>Em 2 de Setembro de 2022 o distrito sofreu o primeiro ataque perpetrado por grupos armados a sul da prov\u00edncia de Cabo Delgado, no contexto da insurrei\u00e7\u00e3o isl\u00e2mica em Mo\u00e7ambique. O ataque, que ocorreu na povoa\u00e7\u00e3o de Kutua, situada nas margens do rio L\u00fario que marca o limite entre as prov\u00edncias de Nampula e Cabo Delgado, n\u00e3o causou v\u00edtimas embora casas e um centro de sa\u00fade tenham sido queimados. A popula\u00e7\u00e3o escapou para as matas circundantes tendo depois regressado \u00e0 aldeia, a qual n\u00e3o foi ocupada pelos atacantes.<a href=\"https:\/\/pt.wikipedia.org\/wiki\/Er%C3%A1ti_(distrito)#cite_note-9\"><sup>\u00a0 <\/sup><\/a><\/p><p>Divis\u00e3o administrativa<\/p><p>O distrito est\u00e1 dividido em tr\u00eas postos administrativos: Alua, Namapa-Er\u00e1ti e Namiroa, compostos pelas seguintes localidade<sup>\u00a0 <\/sup><\/p><ul><li>Posto administrativo de Alua:<ul><li>Alua-Sede<\/li><li>Samora Machel<\/li><\/ul><\/li><li>Posto Administrativo de Namapa-Er\u00e1ti:<ul><li>Namapa-Sede<\/li><li>Odinepa<\/li><\/ul><\/li><li>Posto Administrativo de Namiroa:<ul><li>Muanona<\/li><li>Namiroa-Sede<\/li><\/ul><\/li><\/ul><p>Economia<\/p><p>A actividade econ\u00f3mica dominante no distrito \u00e9 a agricultura, envolvendo a quase totalidade da popula\u00e7\u00e3o (93%), uma actividade praticada sobretudo por mulheres, com apenas 2% da popula\u00e7\u00e3o activa no sector secund\u00e1rio e 4% no terci\u00e1rio. A maior parte da produ\u00e7\u00e3o agr\u00edcola \u00e9 de sequeiro para auto-sustento. As principais culturas alimentares foram, no ano agr\u00edcola de 2012:<\/p><table><tbody><tr><td>Cultura<\/td><td>Produ\u00e7\u00e3o<br \/>(toneladas)<\/td><\/tr><tr><td>Mandioca<\/td><td>44 000<\/td><\/tr><tr><td>Milho<\/td><td>17 323<\/td><\/tr><tr><td>Feij\u00f5es<\/td><td>13 600<\/td><\/tr><tr><td>Mapira<\/td><td>13 593<\/td><\/tr><\/tbody><\/table><p>E as culturas de rendimento foram:<\/p><table><tbody><tr><td>Cultura<\/td><td>Produ\u00e7\u00e3o<br \/>(toneladas)<\/td><\/tr><tr><td>Gergelim<\/td><td>9 000<\/td><\/tr><tr><td>Algod\u00e3o<\/td><td>7 000<\/td><\/tr><\/tbody><\/table><p>Tamb\u00e9m \u00e9 relevante a produ\u00e7\u00e3o de castanha de caju, que \u00e9 a base da actividade comercial.<\/p>\t\t\t\t\t\t<\/div>\n\t\t\t\t<\/div>\n\t\t\t\t\t<\/div>\n\t\t\t\t<\/div>\n\t\t\t\t\t<\/div>\n\t\t\t\t<\/div>\n\t\t<div class=\"elementor-element elementor-element-2608abb e-flex e-con-boxed e-con e-parent\" data-id=\"2608abb\" data-element_type=\"container\">\n\t\t\t\t\t<div class=\"e-con-inner\">\n\t\t<div class=\"elementor-element elementor-element-ebb8429 e-con-full e-flex e-con e-child\" data-id=\"ebb8429\" data-element_type=\"container\">\n\t\t\t\t<div class=\"elementor-element elementor-element-e609f34 elementor-widget elementor-widget-text-editor\" data-id=\"e609f34\" data-element_type=\"widget\" data-widget_type=\"text-editor.default\">\n\t\t\t\t<div class=\"elementor-widget-container\">\n\t\t\t\t\t\t\t<h5><a href=\"http:\/\/www.sina.gov.mz\/wp-content\/uploads\/2024\/05\/Erati.pdf\">Para mais informa\u00e7\u00f5es do distrito de Er\u00e1ti\u00a0 <span style=\"text-decoration: underline;\">clique aqui<\/span><\/a><\/h5>\t\t\t\t\t\t<\/div>\n\t\t\t\t<\/div>\n\t\t\t\t<\/div>\n\t\t<div class=\"elementor-element elementor-element-aa10613 e-con-full e-flex e-con e-child\" data-id=\"aa10613\" data-element_type=\"container\">\n\t\t\t\t<div class=\"elementor-element elementor-element-60050ba elementor-align-left elementor-icon-list--layout-traditional elementor-list-item-link-full_width elementor-widget elementor-widget-icon-list\" data-id=\"60050ba\" data-element_type=\"widget\" data-widget_type=\"icon-list.default\">\n\t\t\t\t<div class=\"elementor-widget-container\">\n\t\t\t<link rel=\"stylesheet\" href=\"http:\/\/www.sina.gov.mz\/wp-content\/plugins\/elementor\/assets\/css\/widget-icon-list.min.css\">\t\t<ul class=\"elementor-icon-list-items\">\n\t\t\t\t\t\t\t<li class=\"elementor-icon-list-item\">\n\t\t\t\t\t\t\t\t\t\t\t<a href=\"http:\/\/www.sina.gov.mz\/wp-content\/uploads\/2024\/05\/Erati.pdf\">\n\n\t\t\t\t\t\t\t\t\t\t\t\t<span class=\"elementor-icon-list-icon\">\n\t\t\t\t\t\t\t<svg aria-hidden=\"true\" class=\"e-font-icon-svg e-fas-download\" viewBox=\"0 0 512 512\" xmlns=\"http:\/\/www.w3.org\/2000\/svg\"><path d=\"M216 0h80c13.3 0 24 10.7 24 24v168h87.7c17.8 0 26.7 21.5 14.1 34.1L269.7 378.3c-7.5 7.5-19.8 7.5-27.3 0L90.1 226.1c-12.6-12.6-3.7-34.1 14.1-34.1H192V24c0-13.3 10.7-24 24-24zm296 376v112c0 13.3-10.7 24-24 24H24c-13.3 0-24-10.7-24-24V376c0-13.3 10.7-24 24-24h146.7l49 49c20.1 20.1 52.5 20.1 72.6 0l49-49H488c13.3 0 24 10.7 24 24zm-124 88c0-11-9-20-20-20s-20 9-20 20 9 20 20 20 20-9 20-20zm64 0c0-11-9-20-20-20s-20 9-20 20 9 20 20 20 20-9 20-20z\"><\/path><\/svg>\t\t\t\t\t\t<\/span>\n\t\t\t\t\t\t\t\t\t\t<span class=\"elementor-icon-list-text\"><\/span>\n\t\t\t\t\t\t\t\t\t\t\t<\/a>\n\t\t\t\t\t\t\t\t\t<\/li>\n\t\t\t\t\t\t<\/ul>\n\t\t\t\t<\/div>\n\t\t\t\t<\/div>\n\t\t\t\t<\/div>\n\t\t\t\t\t<\/div>\n\t\t\t\t<\/div>\n\t\t\t\t<\/div>\n\t\t","protected":false},"excerpt":{"rendered":"<p>Er\u00e1ti, tamb\u00e9m conhecido como Namapa-Er\u00e1ti, \u00e9 um distrito da prov\u00edncia de Nampula, em Mo\u00e7ambique, com sede na vila de Namapa. Tem limite, a norte com o distrito de Chi\u00fare da prov\u00edncia de Cabo Delgado, a oeste com o distrito de Mecub\u00fari, a sul com os distritos de Muecate e Nacar\u00f4a, e a este com o [&hellip;]<\/p>\n","protected":false},"author":2,"featured_media":0,"parent":0,"menu_order":0,"comment_status":"closed","ping_status":"closed","template":"","meta":{"_monsterinsights_skip_tracking":false,"_monsterinsights_sitenote_active":false,"_monsterinsights_sitenote_note":"","_monsterinsights_sitenote_category":0,"footnotes":""},"aioseo_notices":[],"_links":{"self":[{"href":"http:\/\/www.sina.gov.mz\/index.php\/wp-json\/wp\/v2\/pages\/2605"}],"collection":[{"href":"http:\/\/www.sina.gov.mz\/index.php\/wp-json\/wp\/v2\/pages"}],"about":[{"href":"http:\/\/www.sina.gov.mz\/index.php\/wp-json\/wp\/v2\/types\/page"}],"author":[{"embeddable":true,"href":"http:\/\/www.sina.gov.mz\/index.php\/wp-json\/wp\/v2\/users\/2"}],"replies":[{"embeddable":true,"href":"http:\/\/www.sina.gov.mz\/index.php\/wp-json\/wp\/v2\/comments?post=2605"}],"version-history":[{"count":10,"href":"http:\/\/www.sina.gov.mz\/index.php\/wp-json\/wp\/v2\/pages\/2605\/revisions"}],"predecessor-version":[{"id":4119,"href":"http:\/\/www.sina.gov.mz\/index.php\/wp-json\/wp\/v2\/pages\/2605\/revisions\/4119"}],"wp:attachment":[{"href":"http:\/\/www.sina.gov.mz\/index.php\/wp-json\/wp\/v2\/media?parent=2605"}],"curies":[{"name":"wp","href":"https:\/\/api.w.org\/{rel}","templated":true}]}}