{"id":2629,"date":"2024-04-11T18:13:10","date_gmt":"2024-04-11T18:13:10","guid":{"rendered":"http:\/\/196.3.100.136\/sina\/?page_id=2629"},"modified":"2024-05-23T10:53:08","modified_gmt":"2024-05-23T10:53:08","slug":"meconta","status":"publish","type":"page","link":"http:\/\/www.sina.gov.mz\/index.php\/meconta\/","title":{"rendered":"Meconta"},"content":{"rendered":"\t\t<div data-elementor-type=\"wp-page\" data-elementor-id=\"2629\" class=\"elementor elementor-2629\">\n\t\t\t\t<div class=\"elementor-element elementor-element-06dedfc e-flex e-con-boxed e-con e-parent\" data-id=\"06dedfc\" data-element_type=\"container\">\n\t\t\t\t\t<div class=\"e-con-inner\">\n\t\t\t\t<div class=\"elementor-element elementor-element-1259e96 elementor-widget elementor-widget-image\" data-id=\"1259e96\" data-element_type=\"widget\" data-widget_type=\"image.default\">\n\t\t\t\t<div class=\"elementor-widget-container\">\n\t\t\t<style>\/*! elementor - v3.21.0 - 30-04-2024 *\/\n.elementor-widget-image{text-align:center}.elementor-widget-image a{display:inline-block}.elementor-widget-image a img[src$=\".svg\"]{width:48px}.elementor-widget-image img{vertical-align:middle;display:inline-block}<\/style>\t\t\t\t\t\t\t\t\t\t<img decoding=\"async\" src=\"http:\/\/www.sina.gov.mz\/wp-content\/uploads\/2024\/05\/Meconta.png\" title=\"\" alt=\"\" loading=\"lazy\" \/>\t\t\t\t\t\t\t\t\t\t\t\t\t<\/div>\n\t\t\t\t<\/div>\n\t\t\t\t\t<\/div>\n\t\t\t\t<\/div>\n\t\t<div class=\"elementor-element elementor-element-5386eab e-flex e-con-boxed e-con e-parent\" data-id=\"5386eab\" data-element_type=\"container\">\n\t\t\t\t\t<div class=\"e-con-inner\">\n\t\t<div class=\"elementor-element elementor-element-916b24d e-flex e-con-boxed e-con e-child\" data-id=\"916b24d\" data-element_type=\"container\">\n\t\t\t\t\t<div class=\"e-con-inner\">\n\t\t\t\t<div class=\"elementor-element elementor-element-e15f315 elementor-widget elementor-widget-text-editor\" data-id=\"e15f315\" data-element_type=\"widget\" data-widget_type=\"text-editor.default\">\n\t\t\t\t<div class=\"elementor-widget-container\">\n\t\t\t<style>\/*! elementor - v3.21.0 - 30-04-2024 *\/\n.elementor-widget-text-editor.elementor-drop-cap-view-stacked .elementor-drop-cap{background-color:#69727d;color:#fff}.elementor-widget-text-editor.elementor-drop-cap-view-framed .elementor-drop-cap{color:#69727d;border:3px solid;background-color:transparent}.elementor-widget-text-editor:not(.elementor-drop-cap-view-default) .elementor-drop-cap{margin-top:8px}.elementor-widget-text-editor:not(.elementor-drop-cap-view-default) .elementor-drop-cap-letter{width:1em;height:1em}.elementor-widget-text-editor .elementor-drop-cap{float:left;text-align:center;line-height:1;font-size:50px}.elementor-widget-text-editor .elementor-drop-cap-letter{display:inline-block}<\/style>\t\t\t\t<p><strong>Meconta<\/strong> \u00e9 um distrito da prov\u00edncia de Nampula, em Mo\u00e7ambique, com sede na vila de Meconta. Tem limite, a norte com o distrito de Muecate, a oeste com o distrito de Nampula, a sul com o distrito de Mogovolas, e a este com os distritos de Mogincual e Monapo.<\/p><p><strong>Demografia<\/strong><\/p><p>Em 2007, o Censo indicou uma popula\u00e7\u00e3o de 154\u00a0843 residentes. Com uma \u00e1rea de 3733\u00a0 km\u00b2, a densidade populacional rondava os 41,48\u00a0habitantes por km\u00b2.<a href=\"https:\/\/pt.wikipedia.org\/wiki\/Meconta_(distrito)#cite_note-1\"><sup>\u00a0\u00a0\u00a0 <\/sup><\/a>\u00a0<\/p><p>De acordo com o Censo de 1997, o distrito tem 123\u00a0097 habitantes, daqui resultando uma densidade populacional de 33,0\u00a0habitantes por km\u00b2.<\/p><p><strong>Divis\u00e3o administrativa<\/strong><\/p><p>O distrito est\u00e1 dividido em quatro postos administrativos (7 de Abril, Corrane e Meconta e Namialo), compostos pelas seguintes localidades:<\/p><ul><li>Posto Administrativo de 7 de Abril:<ul><li>7 de Abril<\/li><\/ul><\/li><li>Posto Administrativo de Corrane:<ul><li>Corrane<\/li><li>Jabir<\/li><li>Mecua 1<\/li><\/ul><\/li><li>Posto Administrativo de Meconta:<ul><li>Meconta<\/li><\/ul><\/li><li>Posto Administrativo de Namialo:<ul><li>Namialo<\/li><\/ul><\/li><\/ul>\t\t\t\t\t\t<\/div>\n\t\t\t\t<\/div>\n\t\t\t\t\t<\/div>\n\t\t\t\t<\/div>\n\t\t\t\t\t<\/div>\n\t\t\t\t<\/div>\n\t\t<div class=\"elementor-element elementor-element-596fd29 e-flex e-con-boxed e-con e-parent\" data-id=\"596fd29\" data-element_type=\"container\">\n\t\t\t\t\t<div class=\"e-con-inner\">\n\t\t<div class=\"elementor-element elementor-element-07d1b47 e-con-full e-flex e-con e-child\" data-id=\"07d1b47\" data-element_type=\"container\">\n\t\t\t\t<div class=\"elementor-element elementor-element-7167c26 elementor-widget elementor-widget-text-editor\" data-id=\"7167c26\" data-element_type=\"widget\" data-widget_type=\"text-editor.default\">\n\t\t\t\t<div class=\"elementor-widget-container\">\n\t\t\t\t\t\t\t<h5><a href=\"http:\/\/www.sina.gov.mz\/wp-content\/uploads\/2024\/05\/Meconta.pdf\">Para mais informa\u00e7\u00f5es do distrito de Meconta\u00a0 <span style=\"text-decoration: underline;\">clique aqui<\/span><\/a><\/h5>\t\t\t\t\t\t<\/div>\n\t\t\t\t<\/div>\n\t\t\t\t<\/div>\n\t\t<div class=\"elementor-element elementor-element-625e3ee e-con-full e-flex e-con e-child\" data-id=\"625e3ee\" data-element_type=\"container\">\n\t\t\t\t<div class=\"elementor-element elementor-element-fff317a elementor-align-left elementor-icon-list--layout-traditional elementor-list-item-link-full_width elementor-widget elementor-widget-icon-list\" data-id=\"fff317a\" data-element_type=\"widget\" data-widget_type=\"icon-list.default\">\n\t\t\t\t<div class=\"elementor-widget-container\">\n\t\t\t<link rel=\"stylesheet\" href=\"http:\/\/www.sina.gov.mz\/wp-content\/plugins\/elementor\/assets\/css\/widget-icon-list.min.css\">\t\t<ul class=\"elementor-icon-list-items\">\n\t\t\t\t\t\t\t<li class=\"elementor-icon-list-item\">\n\t\t\t\t\t\t\t\t\t\t\t<a href=\"http:\/\/www.sina.gov.mz\/wp-content\/uploads\/2024\/05\/Meconta.pdf\">\n\n\t\t\t\t\t\t\t\t\t\t\t\t<span class=\"elementor-icon-list-icon\">\n\t\t\t\t\t\t\t<svg aria-hidden=\"true\" class=\"e-font-icon-svg e-fas-download\" viewBox=\"0 0 512 512\" xmlns=\"http:\/\/www.w3.org\/2000\/svg\"><path d=\"M216 0h80c13.3 0 24 10.7 24 24v168h87.7c17.8 0 26.7 21.5 14.1 34.1L269.7 378.3c-7.5 7.5-19.8 7.5-27.3 0L90.1 226.1c-12.6-12.6-3.7-34.1 14.1-34.1H192V24c0-13.3 10.7-24 24-24zm296 376v112c0 13.3-10.7 24-24 24H24c-13.3 0-24-10.7-24-24V376c0-13.3 10.7-24 24-24h146.7l49 49c20.1 20.1 52.5 20.1 72.6 0l49-49H488c13.3 0 24 10.7 24 24zm-124 88c0-11-9-20-20-20s-20 9-20 20 9 20 20 20 20-9 20-20zm64 0c0-11-9-20-20-20s-20 9-20 20 9 20 20 20 20-9 20-20z\"><\/path><\/svg>\t\t\t\t\t\t<\/span>\n\t\t\t\t\t\t\t\t\t\t<span class=\"elementor-icon-list-text\"><\/span>\n\t\t\t\t\t\t\t\t\t\t\t<\/a>\n\t\t\t\t\t\t\t\t\t<\/li>\n\t\t\t\t\t\t<\/ul>\n\t\t\t\t<\/div>\n\t\t\t\t<\/div>\n\t\t\t\t<\/div>\n\t\t\t\t\t<\/div>\n\t\t\t\t<\/div>\n\t\t\t\t<\/div>\n\t\t","protected":false},"excerpt":{"rendered":"<p>Meconta \u00e9 um distrito da prov\u00edncia de Nampula, em Mo\u00e7ambique, com sede na vila de Meconta. Tem limite, a norte com o distrito de Muecate, a oeste com o distrito de Nampula, a sul com o distrito de Mogovolas, e a este com os distritos de Mogincual e Monapo. Demografia Em 2007, o Censo indicou [&hellip;]<\/p>\n","protected":false},"author":2,"featured_media":0,"parent":0,"menu_order":0,"comment_status":"closed","ping_status":"closed","template":"","meta":{"_monsterinsights_skip_tracking":false,"_monsterinsights_sitenote_active":false,"_monsterinsights_sitenote_note":"","_monsterinsights_sitenote_category":0,"footnotes":""},"aioseo_notices":[],"_links":{"self":[{"href":"http:\/\/www.sina.gov.mz\/index.php\/wp-json\/wp\/v2\/pages\/2629"}],"collection":[{"href":"http:\/\/www.sina.gov.mz\/index.php\/wp-json\/wp\/v2\/pages"}],"about":[{"href":"http:\/\/www.sina.gov.mz\/index.php\/wp-json\/wp\/v2\/types\/page"}],"author":[{"embeddable":true,"href":"http:\/\/www.sina.gov.mz\/index.php\/wp-json\/wp\/v2\/users\/2"}],"replies":[{"embeddable":true,"href":"http:\/\/www.sina.gov.mz\/index.php\/wp-json\/wp\/v2\/comments?post=2629"}],"version-history":[{"count":6,"href":"http:\/\/www.sina.gov.mz\/index.php\/wp-json\/wp\/v2\/pages\/2629\/revisions"}],"predecessor-version":[{"id":4131,"href":"http:\/\/www.sina.gov.mz\/index.php\/wp-json\/wp\/v2\/pages\/2629\/revisions\/4131"}],"wp:attachment":[{"href":"http:\/\/www.sina.gov.mz\/index.php\/wp-json\/wp\/v2\/media?parent=2629"}],"curies":[{"name":"wp","href":"https:\/\/api.w.org\/{rel}","templated":true}]}}