{"id":2631,"date":"2024-04-11T08:25:02","date_gmt":"2024-04-11T08:25:02","guid":{"rendered":"http:\/\/196.3.100.136\/sina\/?page_id=2631"},"modified":"2024-05-23T10:58:31","modified_gmt":"2024-05-23T10:58:31","slug":"mogincual","status":"publish","type":"page","link":"http:\/\/www.sina.gov.mz\/index.php\/mogincual\/","title":{"rendered":"Mogincual"},"content":{"rendered":"\t\t<div data-elementor-type=\"wp-page\" data-elementor-id=\"2631\" class=\"elementor elementor-2631\">\n\t\t\t\t<div class=\"elementor-element elementor-element-9146b91 e-flex e-con-boxed e-con e-parent\" data-id=\"9146b91\" data-element_type=\"container\">\n\t\t\t\t\t<div class=\"e-con-inner\">\n\t\t<div class=\"elementor-element elementor-element-906c1b0 e-flex e-con-boxed e-con e-child\" data-id=\"906c1b0\" data-element_type=\"container\">\n\t\t\t\t\t<div class=\"e-con-inner\">\n\t\t\t\t<div class=\"elementor-element elementor-element-93925c5 elementor-widget elementor-widget-text-editor\" data-id=\"93925c5\" data-element_type=\"widget\" data-widget_type=\"text-editor.default\">\n\t\t\t\t<div class=\"elementor-widget-container\">\n\t\t\t<style>\/*! elementor - v3.21.0 - 30-04-2024 *\/\n.elementor-widget-text-editor.elementor-drop-cap-view-stacked .elementor-drop-cap{background-color:#69727d;color:#fff}.elementor-widget-text-editor.elementor-drop-cap-view-framed .elementor-drop-cap{color:#69727d;border:3px solid;background-color:transparent}.elementor-widget-text-editor:not(.elementor-drop-cap-view-default) .elementor-drop-cap{margin-top:8px}.elementor-widget-text-editor:not(.elementor-drop-cap-view-default) .elementor-drop-cap-letter{width:1em;height:1em}.elementor-widget-text-editor .elementor-drop-cap{float:left;text-align:center;line-height:1;font-size:50px}.elementor-widget-text-editor .elementor-drop-cap-letter{display:inline-block}<\/style>\t\t\t\t<p><strong>Mogincual<\/strong> ou <strong>Mongicual<\/strong><sup><a href=\"https:\/\/pt.wikipedia.org\/wiki\/Mogincual_(distrito)#cite_note-1\">\u00a0\u00a0\u00a0 <\/a><\/sup>\u00a0\u00e9 um distrito da prov\u00edncia de Nampula, em Mo\u00e7ambique, com sede na povoa\u00e7\u00e3o de Namige. Com a desanexa\u00e7\u00e3o do distrito de Li\u00fapo na reforma administrativa de 2013, o distrito perdeu os postos administrativos deL\u00fapio e Quinga.<a href=\"https:\/\/pt.wikipedia.org\/wiki\/Mogincual_(distrito)#cite_note-2\"><sup>\u00a0 <\/sup><\/a>. A sede do distrito regressou ent\u00e3o a Namige, de onde havia sa\u00eddo para Li\u00fapo por motivos de seguran\u00e7a devido \u00e0 Guerra Civil. <sup>\u00a0\u00a0\u00a0\u00a0<\/sup>\u00a0<\/p><p>Tem limite, a norte e nordeste com o distrito de Li\u00fapo, a oeste com o distrito de Meconta, a sudoeste com o distrito de Mogovolas, a sul com o distrito de Angoche e a sudeste com o Oceano \u00cdndico.<\/p><p><strong>Demografia<\/strong><\/p><p>Em 2007, o Censo indicou uma popula\u00e7\u00e3o, pr\u00e9 reforma de 2013, de 129\u00a0969 residentes representando um aumento de 40,8% em rela\u00e7\u00e3o aos 92\u00a0320 habitantes registados em 1997. Com uma \u00e1rea de 4274\u00a0 km\u00b2, a densidade populacional rondava os 30,41\u00a0habitantes por km\u00b2.<sup>\u00a0\u00a0 <\/sup>.<\/p><p><strong>Divis\u00e3o administrativa<\/strong><\/p><p>O distrito est\u00e1 dividido em dois postos administrativos, Namige e Quixaxe, compostos pelas seguintes localidades:<\/p><ul><li>Posto Administrativo de Namige:<ul><li>Namige<\/li><li>Naminane<\/li><\/ul><\/li><li>Posto Administrativo de Quixaxe:<ul><li>Quixaxe<\/li><\/ul><\/li><\/ul>\t\t\t\t\t\t<\/div>\n\t\t\t\t<\/div>\n\t\t\t\t\t<\/div>\n\t\t\t\t<\/div>\n\t\t\t\t\t<\/div>\n\t\t\t\t<\/div>\n\t\t<div class=\"elementor-element elementor-element-b8dd97f e-flex e-con-boxed e-con e-parent\" data-id=\"b8dd97f\" data-element_type=\"container\">\n\t\t\t\t\t<div class=\"e-con-inner\">\n\t\t<div class=\"elementor-element elementor-element-674e2c1 e-con-full e-flex e-con e-child\" data-id=\"674e2c1\" data-element_type=\"container\">\n\t\t\t\t<div class=\"elementor-element elementor-element-a1d1eb6 elementor-widget elementor-widget-text-editor\" data-id=\"a1d1eb6\" data-element_type=\"widget\" data-widget_type=\"text-editor.default\">\n\t\t\t\t<div class=\"elementor-widget-container\">\n\t\t\t\t\t\t\t<h5><a href=\"http:\/\/www.sina.gov.mz\/wp-content\/uploads\/2024\/05\/Mogincual.pdf\">Para mais informa\u00e7\u00f5es do distrito de Mogincual <span style=\"text-decoration: underline;\">clique aqui<\/span><\/a><\/h5>\t\t\t\t\t\t<\/div>\n\t\t\t\t<\/div>\n\t\t\t\t<\/div>\n\t\t<div class=\"elementor-element elementor-element-48594bd e-con-full e-flex e-con e-child\" data-id=\"48594bd\" data-element_type=\"container\">\n\t\t\t\t<div class=\"elementor-element elementor-element-5b669dd elementor-align-left elementor-icon-list--layout-traditional elementor-list-item-link-full_width elementor-widget elementor-widget-icon-list\" data-id=\"5b669dd\" data-element_type=\"widget\" data-widget_type=\"icon-list.default\">\n\t\t\t\t<div class=\"elementor-widget-container\">\n\t\t\t<link rel=\"stylesheet\" href=\"http:\/\/www.sina.gov.mz\/wp-content\/plugins\/elementor\/assets\/css\/widget-icon-list.min.css\">\t\t<ul class=\"elementor-icon-list-items\">\n\t\t\t\t\t\t\t<li class=\"elementor-icon-list-item\">\n\t\t\t\t\t\t\t\t\t\t\t<a href=\"http:\/\/www.sina.gov.mz\/wp-content\/uploads\/2024\/05\/Mogincual.pdf\">\n\n\t\t\t\t\t\t\t\t\t\t\t\t<span class=\"elementor-icon-list-icon\">\n\t\t\t\t\t\t\t<svg aria-hidden=\"true\" class=\"e-font-icon-svg e-fas-download\" viewBox=\"0 0 512 512\" xmlns=\"http:\/\/www.w3.org\/2000\/svg\"><path d=\"M216 0h80c13.3 0 24 10.7 24 24v168h87.7c17.8 0 26.7 21.5 14.1 34.1L269.7 378.3c-7.5 7.5-19.8 7.5-27.3 0L90.1 226.1c-12.6-12.6-3.7-34.1 14.1-34.1H192V24c0-13.3 10.7-24 24-24zm296 376v112c0 13.3-10.7 24-24 24H24c-13.3 0-24-10.7-24-24V376c0-13.3 10.7-24 24-24h146.7l49 49c20.1 20.1 52.5 20.1 72.6 0l49-49H488c13.3 0 24 10.7 24 24zm-124 88c0-11-9-20-20-20s-20 9-20 20 9 20 20 20 20-9 20-20zm64 0c0-11-9-20-20-20s-20 9-20 20 9 20 20 20 20-9 20-20z\"><\/path><\/svg>\t\t\t\t\t\t<\/span>\n\t\t\t\t\t\t\t\t\t\t<span class=\"elementor-icon-list-text\"><\/span>\n\t\t\t\t\t\t\t\t\t\t\t<\/a>\n\t\t\t\t\t\t\t\t\t<\/li>\n\t\t\t\t\t\t<\/ul>\n\t\t\t\t<\/div>\n\t\t\t\t<\/div>\n\t\t\t\t<\/div>\n\t\t\t\t\t<\/div>\n\t\t\t\t<\/div>\n\t\t\t\t<\/div>\n\t\t","protected":false},"excerpt":{"rendered":"<p>Mogincual ou Mongicual\u00a0\u00a0\u00a0 \u00a0\u00e9 um distrito da prov\u00edncia de Nampula, em Mo\u00e7ambique, com sede na povoa\u00e7\u00e3o de Namige. Com a desanexa\u00e7\u00e3o do distrito de Li\u00fapo na reforma administrativa de 2013, o distrito perdeu os postos administrativos deL\u00fapio e Quinga.\u00a0 . A sede do distrito regressou ent\u00e3o a Namige, de onde havia sa\u00eddo para Li\u00fapo por [&hellip;]<\/p>\n","protected":false},"author":2,"featured_media":0,"parent":0,"menu_order":0,"comment_status":"closed","ping_status":"closed","template":"","meta":{"_monsterinsights_skip_tracking":false,"_monsterinsights_sitenote_active":false,"_monsterinsights_sitenote_note":"","_monsterinsights_sitenote_category":0,"footnotes":""},"aioseo_notices":[],"_links":{"self":[{"href":"http:\/\/www.sina.gov.mz\/index.php\/wp-json\/wp\/v2\/pages\/2631"}],"collection":[{"href":"http:\/\/www.sina.gov.mz\/index.php\/wp-json\/wp\/v2\/pages"}],"about":[{"href":"http:\/\/www.sina.gov.mz\/index.php\/wp-json\/wp\/v2\/types\/page"}],"author":[{"embeddable":true,"href":"http:\/\/www.sina.gov.mz\/index.php\/wp-json\/wp\/v2\/users\/2"}],"replies":[{"embeddable":true,"href":"http:\/\/www.sina.gov.mz\/index.php\/wp-json\/wp\/v2\/comments?post=2631"}],"version-history":[{"count":7,"href":"http:\/\/www.sina.gov.mz\/index.php\/wp-json\/wp\/v2\/pages\/2631\/revisions"}],"predecessor-version":[{"id":4143,"href":"http:\/\/www.sina.gov.mz\/index.php\/wp-json\/wp\/v2\/pages\/2631\/revisions\/4143"}],"wp:attachment":[{"href":"http:\/\/www.sina.gov.mz\/index.php\/wp-json\/wp\/v2\/media?parent=2631"}],"curies":[{"name":"wp","href":"https:\/\/api.w.org\/{rel}","templated":true}]}}