{"id":2638,"date":"2024-04-11T08:26:31","date_gmt":"2024-04-11T08:26:31","guid":{"rendered":"http:\/\/196.3.100.136\/sina\/?page_id=2638"},"modified":"2024-05-23T11:02:11","modified_gmt":"2024-05-23T11:02:11","slug":"moma","status":"publish","type":"page","link":"http:\/\/www.sina.gov.mz\/index.php\/moma\/","title":{"rendered":"Moma"},"content":{"rendered":"\t\t<div data-elementor-type=\"wp-page\" data-elementor-id=\"2638\" class=\"elementor elementor-2638\">\n\t\t\t\t<div class=\"elementor-element elementor-element-52aa572 e-flex e-con-boxed e-con e-parent\" data-id=\"52aa572\" data-element_type=\"container\">\n\t\t\t\t\t<div class=\"e-con-inner\">\n\t\t\t\t<div class=\"elementor-element elementor-element-1e90012 elementor-widget elementor-widget-image\" data-id=\"1e90012\" data-element_type=\"widget\" data-widget_type=\"image.default\">\n\t\t\t\t<div class=\"elementor-widget-container\">\n\t\t\t<style>\/*! elementor - v3.21.0 - 30-04-2024 *\/\n.elementor-widget-image{text-align:center}.elementor-widget-image a{display:inline-block}.elementor-widget-image a img[src$=\".svg\"]{width:48px}.elementor-widget-image img{vertical-align:middle;display:inline-block}<\/style>\t\t\t\t\t\t\t\t\t\t<img decoding=\"async\" src=\"http:\/\/www.sina.gov.mz\/wp-content\/uploads\/2024\/05\/Moma.png\" title=\"\" alt=\"\" loading=\"lazy\" \/>\t\t\t\t\t\t\t\t\t\t\t\t\t<\/div>\n\t\t\t\t<\/div>\n\t\t\t\t\t<\/div>\n\t\t\t\t<\/div>\n\t\t<div class=\"elementor-element elementor-element-b2f3737 e-flex e-con-boxed e-con e-parent\" data-id=\"b2f3737\" data-element_type=\"container\">\n\t\t\t\t\t<div class=\"e-con-inner\">\n\t\t<div class=\"elementor-element elementor-element-5b525a6 e-flex e-con-boxed e-con e-child\" data-id=\"5b525a6\" data-element_type=\"container\">\n\t\t\t\t\t<div class=\"e-con-inner\">\n\t\t\t\t<div class=\"elementor-element elementor-element-e8dc5d6 elementor-widget elementor-widget-text-editor\" data-id=\"e8dc5d6\" data-element_type=\"widget\" data-widget_type=\"text-editor.default\">\n\t\t\t\t<div class=\"elementor-widget-container\">\n\t\t\t<style>\/*! elementor - v3.21.0 - 30-04-2024 *\/\n.elementor-widget-text-editor.elementor-drop-cap-view-stacked .elementor-drop-cap{background-color:#69727d;color:#fff}.elementor-widget-text-editor.elementor-drop-cap-view-framed .elementor-drop-cap{color:#69727d;border:3px solid;background-color:transparent}.elementor-widget-text-editor:not(.elementor-drop-cap-view-default) .elementor-drop-cap{margin-top:8px}.elementor-widget-text-editor:not(.elementor-drop-cap-view-default) .elementor-drop-cap-letter{width:1em;height:1em}.elementor-widget-text-editor .elementor-drop-cap{float:left;text-align:center;line-height:1;font-size:50px}.elementor-widget-text-editor .elementor-drop-cap-letter{display:inline-block}<\/style>\t\t\t\t<p><strong>Moma<\/strong> \u00e9 um distrito da prov\u00edncia de Nampula, em Mo\u00e7ambique, com sede na vila de Macone ou Moma-Sede. Tem limite, a norte com o distrito de Mogovolas, a oeste com os distritos de Gil\u00e9 e Pebane (distritos da prov\u00edncia da Zamb\u00e9zia), a sudeste com o Oceano \u00cdndico e a nordeste com o distrito de Larde. Com a cria\u00e7\u00e3o do distrito de Larde em 2013, o distrito de Moma perdeu os postos administrativos de Larde e Mucuale<sup>\u00a0\u00a0\u00a0 <\/sup><sup>\u00a0\u00a0<\/sup>\u00a0<\/p><p><strong>Demografia<\/strong><\/p><p>Em 2007, o Censo indicou uma popula\u00e7\u00e3o de 310\u00a0690 residentes. Com uma \u00e1rea de 5677\u00a0 km\u00b2, a densidade populacional rondava os 54,73\u00a0habitantes por km\u00b2.<sup>\u00a0\u00a0\u00a0 <\/sup>Estes dados referem-se ao distrito antes da reforma administrativa de 2013.<\/p><p>De acordo com o Censo de 1997, o distrito tinha 238\u00a0655 habitantes, daqui resultando uma densidade populacional de 42,0\u00a0habitantes por km\u00b2.<\/p><p><strong>Divis\u00e3o administrativa<\/strong><\/p><p>O distrito est\u00e1 dividido em dois postos administrativos, Chalaua e Moma, compostos pelas seguintes localidades:<\/p><ul><li>Posto Administrativo de Chalaua:<ul><li>Chalaua<\/li><li>Namiwi<\/li><li>Nailocne<\/li><li>Piqueira<\/li><\/ul><\/li><li>Posto Administrativo de Moma:<ul><li>Macone-Sede<\/li><li>Jacoma<\/li><li>M&#8217;pago<\/li><li>Mirripi<\/li><li>Naicole<\/li><li>Pilivili<\/li><\/ul><\/li><\/ul>\t\t\t\t\t\t<\/div>\n\t\t\t\t<\/div>\n\t\t\t\t\t<\/div>\n\t\t\t\t<\/div>\n\t\t\t\t\t<\/div>\n\t\t\t\t<\/div>\n\t\t<div class=\"elementor-element elementor-element-23bedd5 e-flex e-con-boxed e-con e-parent\" data-id=\"23bedd5\" data-element_type=\"container\">\n\t\t\t\t\t<div class=\"e-con-inner\">\n\t\t<div class=\"elementor-element elementor-element-2345cb1 e-con-full e-flex e-con e-child\" data-id=\"2345cb1\" data-element_type=\"container\">\n\t\t\t\t<div class=\"elementor-element elementor-element-8dcc96b elementor-widget elementor-widget-text-editor\" data-id=\"8dcc96b\" data-element_type=\"widget\" data-widget_type=\"text-editor.default\">\n\t\t\t\t<div class=\"elementor-widget-container\">\n\t\t\t\t\t\t\t<h5><a href=\"http:\/\/www.sina.gov.mz\/wp-content\/uploads\/2024\/05\/Moma.pdf\">Para mais informa\u00e7\u00f5es do distrito de Moma <span style=\"text-decoration: underline;\">clique aqui<\/span><\/a><\/h5>\t\t\t\t\t\t<\/div>\n\t\t\t\t<\/div>\n\t\t\t\t<\/div>\n\t\t<div class=\"elementor-element elementor-element-fdc218a e-con-full e-flex e-con e-child\" data-id=\"fdc218a\" data-element_type=\"container\">\n\t\t\t\t<div class=\"elementor-element elementor-element-114caf9 elementor-align-left elementor-icon-list--layout-traditional elementor-list-item-link-full_width elementor-widget elementor-widget-icon-list\" data-id=\"114caf9\" data-element_type=\"widget\" data-widget_type=\"icon-list.default\">\n\t\t\t\t<div class=\"elementor-widget-container\">\n\t\t\t<link rel=\"stylesheet\" href=\"http:\/\/www.sina.gov.mz\/wp-content\/plugins\/elementor\/assets\/css\/widget-icon-list.min.css\">\t\t<ul class=\"elementor-icon-list-items\">\n\t\t\t\t\t\t\t<li class=\"elementor-icon-list-item\">\n\t\t\t\t\t\t\t\t\t\t\t<a href=\"http:\/\/www.sina.gov.mz\/wp-content\/uploads\/2024\/05\/Moma.pdfgoche.pdf\">\n\n\t\t\t\t\t\t\t\t\t\t\t\t<span class=\"elementor-icon-list-icon\">\n\t\t\t\t\t\t\t<svg aria-hidden=\"true\" class=\"e-font-icon-svg e-fas-download\" viewBox=\"0 0 512 512\" xmlns=\"http:\/\/www.w3.org\/2000\/svg\"><path d=\"M216 0h80c13.3 0 24 10.7 24 24v168h87.7c17.8 0 26.7 21.5 14.1 34.1L269.7 378.3c-7.5 7.5-19.8 7.5-27.3 0L90.1 226.1c-12.6-12.6-3.7-34.1 14.1-34.1H192V24c0-13.3 10.7-24 24-24zm296 376v112c0 13.3-10.7 24-24 24H24c-13.3 0-24-10.7-24-24V376c0-13.3 10.7-24 24-24h146.7l49 49c20.1 20.1 52.5 20.1 72.6 0l49-49H488c13.3 0 24 10.7 24 24zm-124 88c0-11-9-20-20-20s-20 9-20 20 9 20 20 20 20-9 20-20zm64 0c0-11-9-20-20-20s-20 9-20 20 9 20 20 20 20-9 20-20z\"><\/path><\/svg>\t\t\t\t\t\t<\/span>\n\t\t\t\t\t\t\t\t\t\t<span class=\"elementor-icon-list-text\"><\/span>\n\t\t\t\t\t\t\t\t\t\t\t<\/a>\n\t\t\t\t\t\t\t\t\t<\/li>\n\t\t\t\t\t\t<\/ul>\n\t\t\t\t<\/div>\n\t\t\t\t<\/div>\n\t\t\t\t<\/div>\n\t\t\t\t\t<\/div>\n\t\t\t\t<\/div>\n\t\t\t\t<\/div>\n\t\t","protected":false},"excerpt":{"rendered":"<p>Moma \u00e9 um distrito da prov\u00edncia de Nampula, em Mo\u00e7ambique, com sede na vila de Macone ou Moma-Sede. Tem limite, a norte com o distrito de Mogovolas, a oeste com os distritos de Gil\u00e9 e Pebane (distritos da prov\u00edncia da Zamb\u00e9zia), a sudeste com o Oceano \u00cdndico e a nordeste com o distrito de Larde. [&hellip;]<\/p>\n","protected":false},"author":2,"featured_media":0,"parent":0,"menu_order":0,"comment_status":"closed","ping_status":"closed","template":"","meta":{"_monsterinsights_skip_tracking":false,"_monsterinsights_sitenote_active":false,"_monsterinsights_sitenote_note":"","_monsterinsights_sitenote_category":0,"footnotes":""},"aioseo_notices":[],"_links":{"self":[{"href":"http:\/\/www.sina.gov.mz\/index.php\/wp-json\/wp\/v2\/pages\/2638"}],"collection":[{"href":"http:\/\/www.sina.gov.mz\/index.php\/wp-json\/wp\/v2\/pages"}],"about":[{"href":"http:\/\/www.sina.gov.mz\/index.php\/wp-json\/wp\/v2\/types\/page"}],"author":[{"embeddable":true,"href":"http:\/\/www.sina.gov.mz\/index.php\/wp-json\/wp\/v2\/users\/2"}],"replies":[{"embeddable":true,"href":"http:\/\/www.sina.gov.mz\/index.php\/wp-json\/wp\/v2\/comments?post=2638"}],"version-history":[{"count":7,"href":"http:\/\/www.sina.gov.mz\/index.php\/wp-json\/wp\/v2\/pages\/2638\/revisions"}],"predecessor-version":[{"id":4151,"href":"http:\/\/www.sina.gov.mz\/index.php\/wp-json\/wp\/v2\/pages\/2638\/revisions\/4151"}],"wp:attachment":[{"href":"http:\/\/www.sina.gov.mz\/index.php\/wp-json\/wp\/v2\/media?parent=2638"}],"curies":[{"name":"wp","href":"https:\/\/api.w.org\/{rel}","templated":true}]}}