{"id":2891,"date":"2024-04-23T13:18:11","date_gmt":"2024-04-23T13:18:11","guid":{"rendered":"http:\/\/196.3.100.136\/sina\/?page_id=2891"},"modified":"2024-05-23T10:34:47","modified_gmt":"2024-05-23T10:34:47","slug":"ilha-de-mocambique","status":"publish","type":"page","link":"http:\/\/www.sina.gov.mz\/index.php\/ilha-de-mocambique\/","title":{"rendered":"Ilha de Mo\u00e7ambique"},"content":{"rendered":"\t\t<div data-elementor-type=\"wp-page\" data-elementor-id=\"2891\" class=\"elementor elementor-2891\">\n\t\t\t\t<div class=\"elementor-element elementor-element-61c4bf7 e-flex e-con-boxed e-con e-parent\" data-id=\"61c4bf7\" data-element_type=\"container\">\n\t\t\t\t\t<div class=\"e-con-inner\">\n\t\t<div class=\"elementor-element elementor-element-f8d501e e-flex e-con-boxed e-con e-child\" data-id=\"f8d501e\" data-element_type=\"container\">\n\t\t\t\t\t<div class=\"e-con-inner\">\n\t\t\t\t<div class=\"elementor-element elementor-element-e9c423e elementor-widget elementor-widget-text-editor\" data-id=\"e9c423e\" data-element_type=\"widget\" data-widget_type=\"text-editor.default\">\n\t\t\t\t<div class=\"elementor-widget-container\">\n\t\t\t<style>\/*! elementor - v3.21.0 - 30-04-2024 *\/\n.elementor-widget-text-editor.elementor-drop-cap-view-stacked .elementor-drop-cap{background-color:#69727d;color:#fff}.elementor-widget-text-editor.elementor-drop-cap-view-framed .elementor-drop-cap{color:#69727d;border:3px solid;background-color:transparent}.elementor-widget-text-editor:not(.elementor-drop-cap-view-default) .elementor-drop-cap{margin-top:8px}.elementor-widget-text-editor:not(.elementor-drop-cap-view-default) .elementor-drop-cap-letter{width:1em;height:1em}.elementor-widget-text-editor .elementor-drop-cap{float:left;text-align:center;line-height:1;font-size:50px}.elementor-widget-text-editor .elementor-drop-cap-letter{display:inline-block}<\/style>\t\t\t\t<p>A Ilha de Mo\u00e7ambique \u00e9 uma cidade insular situada na prov\u00edncia de Nampula, na regi\u00e3o norte deMo\u00e7ambique, a qual deu o nome ao pa\u00eds do qual foi a primeira capital. Devido \u00e0 sua rica hist\u00f3ria, manifestada por um interessant\u00edssimo patrim\u00f3nio arquitet\u00f3nico, a Ilha foi considerada pela UNESCO, em 1991 Patrim\u00f3nio Mundial da Humanidade.<a href=\"https:\/\/pt.wikipedia.org\/wiki\/Ilha_de_Mo%C3%A7ambique#cite_note-IGESPAR-1\"><sup>\u00a0 <\/sup><\/a><\/p><p>Actualmente, a cidade \u00e9 um munic\u00edpio, tendo um governo local eleito; e \u00e9 tamb\u00e9m, desde Dezembro de 2013, um distrito, uma unidade local do governo central, dirigido por um administrador.<sup>\u00a0\u00a0<\/sup> De acordo com o censo de 1997, tem 42 407 habitantes, e destes 14 889 vivem na Ilha.<\/p><p>O seu nome, que muitos nativos dizem ser <em>Muipiti<\/em>, parece ser derivado de Mussa Ben-Bique, ou Mussa Bin-Bique, ou ainda Mussa Al-Mbique (<em>Mois\u00e9s filho de Mbiki<\/em>)<a href=\"https:\/\/pt.wikipedia.org\/wiki\/Ilha_de_Mo%C3%A7ambique#cite_note-3\"><sup>\u00a0 <\/sup><\/a>) personagem sobre quem se sabe muito pouco, mas que deu o nome (na 2\u00aa vers\u00e3o) a uma nova universidade, sediada em Nampula.<\/p><p>A Ilha tem cerca de 3 km de comprimento e 300\u2013400 m de largura e est\u00e1 orientada no sentido nordeste-sudoeste \u00e0 entrada da Ba\u00eda de Mossuril, a uma latitude aproximada de 15\u00ba02&#8242; S e longitude de 40\u00ba44&#8242; E. A costa oriental da Ilha estabelece com as ilhas irm\u00e3s de Goa e de Sena (tamb\u00e9m conhecida por <em>Ilha das Cobras<\/em>) a Ba\u00eda de Mo\u00e7ambique. Estas ilhas, assim como a costa pr\u00f3xima, s\u00e3o de origem coralina.<\/p><p>Arquitectonicamente, a Ilha est\u00e1 dividida em duas partes: a &#8220;cidade de pedra&#8221; e a &#8220;cidade de macuti&#8221;. A primeira tem cerca de 400 edif\u00edcios, incluindo os principais monumentos, e a segunda, na metade sul da ilha, tem cerca de 1200 casas de constru\u00e7\u00e3o prec\u00e1ria. No entanto, muitas casas de pedra s\u00e3o igualmente cobertas com<a href=\"https:\/\/pt.wikipedia.org\/wiki\/Macuti\"> macuti<\/a>.<\/p><p>A Ilha de Mo\u00e7ambique est\u00e1 ligada ao continente por uma ponte com cerca de 3 km de comprimento, constru\u00edda nos anos 1960.<\/p><p>Hist\u00f3ria<\/p><p>A ilha de Mo\u00e7ambique foi uma importante escala de navega\u00e7\u00e3o da carreira da \u00cdndia: mapa do percurso seguido pelas naus na ida (vermelho) e rota de regresso (verde)<\/p><p>Quando Vasco da Gama chegou, em 1498, a Ilha de Mo\u00e7ambique tornara-se uma povoa\u00e7\u00e3o sua\u00edli de \u00e1rabes e negros com seu xeque, subordinado ao sult\u00e3o de Zanzibar e continuava a ser frequentada por \u00e1rabes que prosseguiam o seu com\u00e9rcio de s\u00e9culos com o Mar Vermelho, a P\u00e9rsia, a \u00cdndia e as ilhas do \u00cdndico.<\/p><p>A ilha de Mo\u00e7ambique ganhou uma import\u00e2ncia estrat\u00e9gica como escala de navega\u00e7\u00e3o da carreira da \u00cdndia que ligava Lisboa a Goa, tornando-se um dos pontos de encontro das embarca\u00e7\u00f5es eventualmente desgarradas na viagem de ida, assim como porto de ancoragem das que eventualmente se atrasassem e perdessem a mon\u00e7\u00e3o. Onde na Ilha \u00e9 hoje o Pal\u00e1cio dos Capit\u00e3es-Generais, fizeram os portugueses a Torre de S\u00e3o Gabriel no ano de 1507, data em que ocuparam a Ilha, construindo a pequena fortifica\u00e7\u00e3o que tinha 15 homens a proteger a feitoria nela instalada.<\/p><p>A Capela de Nossa Senhora do Baluarte, constru\u00edda em 1522 na extremidade norte da ilha, a mais pr\u00f3xima da Ilha de Goa, \u00e9 o \u00fanico exemplar de arquitectura manuelina em Mo\u00e7ambique.<\/p><p>Em 1558 principiou a constru\u00e7\u00e3o da Fortaleza de S\u00e3o Sebasti\u00e3o &#8211; totalmente com pedras que constitu\u00edam o balastro dos navios, algumas das quais ainda se veem na praia pr\u00f3xima &#8211; que s\u00f3 terminou em 1620 e \u00e9 a maior da \u00c1frica Austral. Esta fortaleza era muito importante, porque a Ilha tinha-se tornado o entreposto da permuta de panos e missangas da \u00cdndia por ouro, escravos, marfim e pau-preto de \u00c1frica, e era da Ilha que partiam todas as viagens comerciais para Quelimane, Sofala, Inhambane e Louren\u00e7o Marques. Por este motivo, os \u00e1rabes n\u00e3o queriam perder os privil\u00e9gios comerciais que tinham adquirido ao longo dos s\u00e9culos.<\/p><p>Gravura belga de 1598 (Petrus Kaerius)<\/p><p>Para al\u00e9m dos portugueses outros concorrentes europeus apareceram na corrida pelo controlo das rotas comerciais. Os franceses conseguiram assumir o papel de intermedi\u00e1rios do neg\u00f3cio da escravatura para as ilhas do \u00cdndico; os ingleses come\u00e7avam a controlar as rotas de navega\u00e7\u00e3o nesta regi\u00e3o; e os holandeses tentaram a ocupa\u00e7\u00e3o da Ilha em 1607-1608 e, n\u00e3o o conseguindo, devastaram-na pelo fogo.<\/p><p>A reconstru\u00e7\u00e3o da vila foi dif\u00edcil, uma vez que o governo colonial n\u00e3o existia sen\u00e3o para cobrar impostos e estava muito mais interessado nas terras de Sofala. Entretanto na Zamb\u00e9zia tinham-se institucionalizado os Prazos da Coroa, e o desenvolvimento do com\u00e9rcio do ouro naquela regi\u00e3o leva a que a Ilha perca a sua primazia. Ent\u00e3o, os crist\u00e3os decidiram fundar na Ilha uma Santa Casa da Miseric\u00f3rdia que funcionaria como C\u00e2mara Municipal, para a defesa dos cidad\u00e3os e da terra, at\u00e9 19 de Janeiro de 1763, ano em que a povoa\u00e7\u00e3o passou a vila. Esta viragem resultou da decis\u00e3o do governo colonial em separar a col\u00f3nia africana do Estado da \u00cdndia e criar uma Capitania Geral do Estado de Mo\u00e7ambique baseada na Ilha, a 19 de Abril de 1752. A vila voltou a prosperar e a 17 de Novembro de 1818 \u00e9 elevada a cidade.<\/p><p>A exporta\u00e7\u00e3o de escravos era o principal com\u00e9rcio da Ilha, tal como do Ibo, mas a Independ\u00eancia do Brasil em 1822, que era o principal destino deste com\u00e9rcio, causou o seu colapso econ\u00f3mico. O golpe final foi a passagem da capital da col\u00f3nia para Louren\u00e7o Marques, em 1898. Depois da abertura do porto de Nacala, em 1970, a ilha perdeu o que restava da sua import\u00e2ncia estrat\u00e9gica e comercial.<\/p><p>Infraestrutura<\/p><p>Educa\u00e7\u00e3o<\/p><p>A cidade possui um campus da Universidade L\u00fario (UniL\u00fario), onde funciona a Faculdade de Ci\u00eancias Sociais e Humanas. A faculdade est\u00e1 sediada na Fortaleza de S\u00e3o Sebasti\u00e3o.<a href=\"https:\/\/pt.wikipedia.org\/wiki\/Ilha_de_Mo%C3%A7ambique#cite_note-4\"><sup>\u00a0 <\/sup><\/a><\/p>\t\t\t\t\t\t<\/div>\n\t\t\t\t<\/div>\n\t\t\t\t\t<\/div>\n\t\t\t\t<\/div>\n\t\t\t\t\t<\/div>\n\t\t\t\t<\/div>\n\t\t<div class=\"elementor-element elementor-element-3ce509e e-flex e-con-boxed e-con e-parent\" data-id=\"3ce509e\" data-element_type=\"container\">\n\t\t\t\t\t<div class=\"e-con-inner\">\n\t\t<div class=\"elementor-element elementor-element-5aebe01 e-con-full e-flex e-con e-child\" data-id=\"5aebe01\" data-element_type=\"container\">\n\t\t\t\t<div class=\"elementor-element elementor-element-0f7494f elementor-widget elementor-widget-text-editor\" data-id=\"0f7494f\" data-element_type=\"widget\" data-widget_type=\"text-editor.default\">\n\t\t\t\t<div class=\"elementor-widget-container\">\n\t\t\t\t\t\t\t<h5><a href=\"http:\/\/www.sina.gov.mz\/wp-content\/uploads\/2024\/05\/Angoche.pdf\">Para mais informa\u00e7\u00f5es do distrito de Ilda de Mo\u00e7ambique\u00a0 <span style=\"text-decoration: underline;\">clique aqui<\/span><\/a><\/h5>\t\t\t\t\t\t<\/div>\n\t\t\t\t<\/div>\n\t\t\t\t<\/div>\n\t\t<div class=\"elementor-element elementor-element-c2fb401 e-con-full e-flex e-con e-child\" data-id=\"c2fb401\" data-element_type=\"container\">\n\t\t\t\t<div class=\"elementor-element elementor-element-2f03af1 elementor-align-left elementor-icon-list--layout-traditional elementor-list-item-link-full_width elementor-widget elementor-widget-icon-list\" data-id=\"2f03af1\" data-element_type=\"widget\" data-widget_type=\"icon-list.default\">\n\t\t\t\t<div class=\"elementor-widget-container\">\n\t\t\t<link rel=\"stylesheet\" href=\"http:\/\/www.sina.gov.mz\/wp-content\/plugins\/elementor\/assets\/css\/widget-icon-list.min.css\">\t\t<ul class=\"elementor-icon-list-items\">\n\t\t\t\t\t\t\t<li class=\"elementor-icon-list-item\">\n\t\t\t\t\t\t\t\t\t\t\t<a href=\"http:\/\/www.sina.gov.mz\/wp-content\/uploads\/2024\/05\/Angoche.pdf\">\n\n\t\t\t\t\t\t\t\t\t\t\t\t<span class=\"elementor-icon-list-icon\">\n\t\t\t\t\t\t\t<svg aria-hidden=\"true\" class=\"e-font-icon-svg e-fas-download\" viewBox=\"0 0 512 512\" xmlns=\"http:\/\/www.w3.org\/2000\/svg\"><path d=\"M216 0h80c13.3 0 24 10.7 24 24v168h87.7c17.8 0 26.7 21.5 14.1 34.1L269.7 378.3c-7.5 7.5-19.8 7.5-27.3 0L90.1 226.1c-12.6-12.6-3.7-34.1 14.1-34.1H192V24c0-13.3 10.7-24 24-24zm296 376v112c0 13.3-10.7 24-24 24H24c-13.3 0-24-10.7-24-24V376c0-13.3 10.7-24 24-24h146.7l49 49c20.1 20.1 52.5 20.1 72.6 0l49-49H488c13.3 0 24 10.7 24 24zm-124 88c0-11-9-20-20-20s-20 9-20 20 9 20 20 20 20-9 20-20zm64 0c0-11-9-20-20-20s-20 9-20 20 9 20 20 20 20-9 20-20z\"><\/path><\/svg>\t\t\t\t\t\t<\/span>\n\t\t\t\t\t\t\t\t\t\t<span class=\"elementor-icon-list-text\"><\/span>\n\t\t\t\t\t\t\t\t\t\t\t<\/a>\n\t\t\t\t\t\t\t\t\t<\/li>\n\t\t\t\t\t\t<\/ul>\n\t\t\t\t<\/div>\n\t\t\t\t<\/div>\n\t\t\t\t<\/div>\n\t\t\t\t\t<\/div>\n\t\t\t\t<\/div>\n\t\t\t\t<\/div>\n\t\t","protected":false},"excerpt":{"rendered":"<p>A Ilha de Mo\u00e7ambique \u00e9 uma cidade insular situada na prov\u00edncia de Nampula, na regi\u00e3o norte deMo\u00e7ambique, a qual deu o nome ao pa\u00eds do qual foi a primeira capital. Devido \u00e0 sua rica hist\u00f3ria, manifestada por um interessant\u00edssimo patrim\u00f3nio arquitet\u00f3nico, a Ilha foi considerada pela UNESCO, em 1991 Patrim\u00f3nio Mundial da Humanidade.\u00a0 Actualmente, a [&hellip;]<\/p>\n","protected":false},"author":2,"featured_media":0,"parent":0,"menu_order":0,"comment_status":"closed","ping_status":"closed","template":"","meta":{"_monsterinsights_skip_tracking":false,"_monsterinsights_sitenote_active":false,"_monsterinsights_sitenote_note":"","_monsterinsights_sitenote_category":0,"footnotes":""},"aioseo_notices":[],"_links":{"self":[{"href":"http:\/\/www.sina.gov.mz\/index.php\/wp-json\/wp\/v2\/pages\/2891"}],"collection":[{"href":"http:\/\/www.sina.gov.mz\/index.php\/wp-json\/wp\/v2\/pages"}],"about":[{"href":"http:\/\/www.sina.gov.mz\/index.php\/wp-json\/wp\/v2\/types\/page"}],"author":[{"embeddable":true,"href":"http:\/\/www.sina.gov.mz\/index.php\/wp-json\/wp\/v2\/users\/2"}],"replies":[{"embeddable":true,"href":"http:\/\/www.sina.gov.mz\/index.php\/wp-json\/wp\/v2\/comments?post=2891"}],"version-history":[{"count":13,"href":"http:\/\/www.sina.gov.mz\/index.php\/wp-json\/wp\/v2\/pages\/2891\/revisions"}],"predecessor-version":[{"id":3913,"href":"http:\/\/www.sina.gov.mz\/index.php\/wp-json\/wp\/v2\/pages\/2891\/revisions\/3913"}],"wp:attachment":[{"href":"http:\/\/www.sina.gov.mz\/index.php\/wp-json\/wp\/v2\/media?parent=2891"}],"curies":[{"name":"wp","href":"https:\/\/api.w.org\/{rel}","templated":true}]}}