{"id":2896,"date":"2024-04-23T13:21:50","date_gmt":"2024-04-23T13:21:50","guid":{"rendered":"http:\/\/196.3.100.136\/sina\/?page_id=2896"},"modified":"2024-05-23T10:57:00","modified_gmt":"2024-05-23T10:57:00","slug":"liupo","status":"publish","type":"page","link":"http:\/\/www.sina.gov.mz\/index.php\/liupo\/","title":{"rendered":"Liupo"},"content":{"rendered":"\t\t<div data-elementor-type=\"wp-page\" data-elementor-id=\"2896\" class=\"elementor elementor-2896\">\n\t\t\t\t<div class=\"elementor-element elementor-element-5c04b6e e-flex e-con-boxed e-con e-parent\" data-id=\"5c04b6e\" data-element_type=\"container\">\n\t\t\t\t\t<div class=\"e-con-inner\">\n\t\t<div class=\"elementor-element elementor-element-056103f e-flex e-con-boxed e-con e-child\" data-id=\"056103f\" data-element_type=\"container\">\n\t\t\t\t\t<div class=\"e-con-inner\">\n\t\t\t\t<div class=\"elementor-element elementor-element-1721be1 elementor-widget elementor-widget-text-editor\" data-id=\"1721be1\" data-element_type=\"widget\" data-widget_type=\"text-editor.default\">\n\t\t\t\t<div class=\"elementor-widget-container\">\n\t\t\t<style>\/*! elementor - v3.21.0 - 30-04-2024 *\/\n.elementor-widget-text-editor.elementor-drop-cap-view-stacked .elementor-drop-cap{background-color:#69727d;color:#fff}.elementor-widget-text-editor.elementor-drop-cap-view-framed .elementor-drop-cap{color:#69727d;border:3px solid;background-color:transparent}.elementor-widget-text-editor:not(.elementor-drop-cap-view-default) .elementor-drop-cap{margin-top:8px}.elementor-widget-text-editor:not(.elementor-drop-cap-view-default) .elementor-drop-cap-letter{width:1em;height:1em}.elementor-widget-text-editor .elementor-drop-cap{float:left;text-align:center;line-height:1;font-size:50px}.elementor-widget-text-editor .elementor-drop-cap-letter{display:inline-block}<\/style>\t\t\t\t<p><strong>Li\u00fapo<\/strong> \u00e9 um distrito da prov\u00edncia de Nampula, em Mo\u00e7ambique, com sede na vila de Li\u00fapo. Foi criado com a eleva\u00e7\u00e3o do posto administrativo de Li\u00fapo a distrito em 2013,<a href=\"https:\/\/pt.wikipedia.org\/wiki\/Li%C3%BApo_(distrito)#cite_note-1\"><sup>\u00a0\u00a0\u00a0 <\/sup><\/a>\u00a0a que se juntou o posto administrativo de Quinga, ambos pertencentes anteriormente ao distrito de Mogincual.<a href=\"https:\/\/pt.wikipedia.org\/wiki\/Li%C3%BApo_(distrito)#cite_note-2\"><sup>\u00a0 <\/sup><\/a>\u00a0<\/p><p>Tem limite, a norte e leste com o distrito de Mogincual, a oeste com os distritos de Meconta e Mogovolas, a sul com o distrito de Angoche e a sudeste com o Oceano \u00cdndico. De acordo com censo populacional de 2007, o distrito conta com 74\u00a0733 habitantes.<\/p><p><strong>Divis\u00e3o administrativa<\/strong><\/p><p>O distrito est\u00e1 dividido em dois postos administrativos, Li\u00fapo e Quinga compostos pelas seguintes localidades:<\/p><ul><li>Posto Administrativo de Li\u00fapo:<ul><li>Li\u00fapo<\/li><li>Mocone<\/li><li>Namitanari<\/li><\/ul><\/li><li>Posto Administrativo de Quinga:<ul><li>Cululo<\/li><li>Quinga<\/li><\/ul><\/li><\/ul><p>As localidades de Mocone, Namitanari e Cululo foram criadas em 2017.<a href=\"https:\/\/pt.wikipedia.org\/wiki\/Li%C3%BApo_(distrito)#cite_note-3\"><sup>\u00a0\u00a0\u00a0 <\/sup><\/a><\/p>\t\t\t\t\t\t<\/div>\n\t\t\t\t<\/div>\n\t\t\t\t\t<\/div>\n\t\t\t\t<\/div>\n\t\t\t\t\t<\/div>\n\t\t\t\t<\/div>\n\t\t<div class=\"elementor-element elementor-element-f69e47a e-flex e-con-boxed e-con e-parent\" data-id=\"f69e47a\" data-element_type=\"container\">\n\t\t\t\t\t<div class=\"e-con-inner\">\n\t\t<div class=\"elementor-element elementor-element-f5815e6 e-con-full e-flex e-con e-child\" data-id=\"f5815e6\" data-element_type=\"container\">\n\t\t\t\t<div class=\"elementor-element elementor-element-420791e elementor-widget elementor-widget-text-editor\" data-id=\"420791e\" data-element_type=\"widget\" data-widget_type=\"text-editor.default\">\n\t\t\t\t<div class=\"elementor-widget-container\">\n\t\t\t\t\t\t\t<h5><a href=\"http:\/\/www.sina.gov.mz\/wp-content\/uploads\/2024\/05\/Angoche.pdf\">Para mais informa\u00e7\u00f5es do distrito de Liupo <span style=\"text-decoration: underline;\">clique aqui<\/span><\/a><\/h5>\t\t\t\t\t\t<\/div>\n\t\t\t\t<\/div>\n\t\t\t\t<\/div>\n\t\t<div class=\"elementor-element elementor-element-943d771 e-con-full e-flex e-con e-child\" data-id=\"943d771\" data-element_type=\"container\">\n\t\t\t\t<div class=\"elementor-element elementor-element-669389b elementor-align-left elementor-icon-list--layout-traditional elementor-list-item-link-full_width elementor-widget elementor-widget-icon-list\" data-id=\"669389b\" data-element_type=\"widget\" data-widget_type=\"icon-list.default\">\n\t\t\t\t<div class=\"elementor-widget-container\">\n\t\t\t<link rel=\"stylesheet\" href=\"http:\/\/www.sina.gov.mz\/wp-content\/plugins\/elementor\/assets\/css\/widget-icon-list.min.css\">\t\t<ul class=\"elementor-icon-list-items\">\n\t\t\t\t\t\t\t<li class=\"elementor-icon-list-item\">\n\t\t\t\t\t\t\t\t\t\t\t<a href=\"http:\/\/www.sina.gov.mz\/wp-content\/uploads\/2024\/05\/Angoche.pdf\">\n\n\t\t\t\t\t\t\t\t\t\t\t\t<span class=\"elementor-icon-list-icon\">\n\t\t\t\t\t\t\t<svg aria-hidden=\"true\" class=\"e-font-icon-svg e-fas-download\" viewBox=\"0 0 512 512\" xmlns=\"http:\/\/www.w3.org\/2000\/svg\"><path d=\"M216 0h80c13.3 0 24 10.7 24 24v168h87.7c17.8 0 26.7 21.5 14.1 34.1L269.7 378.3c-7.5 7.5-19.8 7.5-27.3 0L90.1 226.1c-12.6-12.6-3.7-34.1 14.1-34.1H192V24c0-13.3 10.7-24 24-24zm296 376v112c0 13.3-10.7 24-24 24H24c-13.3 0-24-10.7-24-24V376c0-13.3 10.7-24 24-24h146.7l49 49c20.1 20.1 52.5 20.1 72.6 0l49-49H488c13.3 0 24 10.7 24 24zm-124 88c0-11-9-20-20-20s-20 9-20 20 9 20 20 20 20-9 20-20zm64 0c0-11-9-20-20-20s-20 9-20 20 9 20 20 20 20-9 20-20z\"><\/path><\/svg>\t\t\t\t\t\t<\/span>\n\t\t\t\t\t\t\t\t\t\t<span class=\"elementor-icon-list-text\"><\/span>\n\t\t\t\t\t\t\t\t\t\t\t<\/a>\n\t\t\t\t\t\t\t\t\t<\/li>\n\t\t\t\t\t\t<\/ul>\n\t\t\t\t<\/div>\n\t\t\t\t<\/div>\n\t\t\t\t<\/div>\n\t\t\t\t\t<\/div>\n\t\t\t\t<\/div>\n\t\t\t\t<\/div>\n\t\t","protected":false},"excerpt":{"rendered":"<p>Li\u00fapo \u00e9 um distrito da prov\u00edncia de Nampula, em Mo\u00e7ambique, com sede na vila de Li\u00fapo. Foi criado com a eleva\u00e7\u00e3o do posto administrativo de Li\u00fapo a distrito em 2013,\u00a0\u00a0\u00a0 \u00a0a que se juntou o posto administrativo de Quinga, ambos pertencentes anteriormente ao distrito de Mogincual.\u00a0 \u00a0 Tem limite, a norte e leste com o [&hellip;]<\/p>\n","protected":false},"author":2,"featured_media":0,"parent":0,"menu_order":0,"comment_status":"closed","ping_status":"closed","template":"","meta":{"_monsterinsights_skip_tracking":false,"_monsterinsights_sitenote_active":false,"_monsterinsights_sitenote_note":"","_monsterinsights_sitenote_category":0,"footnotes":""},"aioseo_notices":[],"_links":{"self":[{"href":"http:\/\/www.sina.gov.mz\/index.php\/wp-json\/wp\/v2\/pages\/2896"}],"collection":[{"href":"http:\/\/www.sina.gov.mz\/index.php\/wp-json\/wp\/v2\/pages"}],"about":[{"href":"http:\/\/www.sina.gov.mz\/index.php\/wp-json\/wp\/v2\/types\/page"}],"author":[{"embeddable":true,"href":"http:\/\/www.sina.gov.mz\/index.php\/wp-json\/wp\/v2\/users\/2"}],"replies":[{"embeddable":true,"href":"http:\/\/www.sina.gov.mz\/index.php\/wp-json\/wp\/v2\/comments?post=2896"}],"version-history":[{"count":4,"href":"http:\/\/www.sina.gov.mz\/index.php\/wp-json\/wp\/v2\/pages\/2896\/revisions"}],"predecessor-version":[{"id":3961,"href":"http:\/\/www.sina.gov.mz\/index.php\/wp-json\/wp\/v2\/pages\/2896\/revisions\/3961"}],"wp:attachment":[{"href":"http:\/\/www.sina.gov.mz\/index.php\/wp-json\/wp\/v2\/media?parent=2896"}],"curies":[{"name":"wp","href":"https:\/\/api.w.org\/{rel}","templated":true}]}}